{"id":5293,"date":"2020-03-18T11:56:10","date_gmt":"2020-03-18T10:56:10","guid":{"rendered":"https:\/\/www.visit-stari-grad.com\/unesco-heritage\/procesija-za-krizen\/"},"modified":"2020-03-20T15:21:48","modified_gmt":"2020-03-20T14:21:48","slug":"procesija-za-krizen","status":"publish","type":"page","link":"https:\/\/www.visit-stari-grad.com\/en\/what-to-see\/unesco-heritage\/procesija-za-krizen\/","title":{"rendered":"Following the Cross Procession"},"content":{"rendered":"\t\t<div data-elementor-type=\"wp-post\" data-elementor-id=\"5293\" class=\"elementor elementor-5293 elementor-4019\" data-elementor-post-type=\"page\">\n\t\t\t\t\t\t<section class=\"elementor-section elementor-top-section elementor-element elementor-element-6ffb8f5a elementor-section-stretched elementor-section-boxed elementor-section-height-default elementor-section-height-default\" data-id=\"6ffb8f5a\" data-element_type=\"section\" data-e-type=\"section\" data-settings=\"{&quot;stretch_section&quot;:&quot;section-stretched&quot;,&quot;background_background&quot;:&quot;classic&quot;}\">\n\t\t\t\t\t\t\t<div class=\"elementor-background-overlay\"><\/div>\n\t\t\t\t\t\t\t<div class=\"elementor-container elementor-column-gap-default\">\n\t\t\t\t\t<div class=\"elementor-column elementor-col-100 elementor-top-column elementor-element elementor-element-6dff3cd3 elementor-invisible\" data-id=\"6dff3cd3\" data-element_type=\"column\" data-e-type=\"column\" data-settings=\"{&quot;background_background&quot;:&quot;classic&quot;,&quot;animation&quot;:&quot;fadeInLeft&quot;,&quot;animation_delay&quot;:&quot;300&quot;}\">\n\t\t\t<div class=\"elementor-widget-wrap elementor-element-populated\">\n\t\t\t\t\t<div class=\"elementor-background-overlay\"><\/div>\n\t\t\t\t\t\t<div class=\"elementor-element elementor-element-e315d4c elementor-invisible elementor-widget elementor-widget-heading\" data-id=\"e315d4c\" data-element_type=\"widget\" data-e-type=\"widget\" data-settings=\"{&quot;_animation&quot;:&quot;fadeInLeft&quot;,&quot;_animation_delay&quot;:&quot;700&quot;}\" data-widget_type=\"heading.default\">\n\t\t\t\t<div class=\"elementor-widget-container\">\n\t\t\t\t\t<h1 class=\"elementor-heading-title elementor-size-default\">Following the Cross Procession <\/h1>\t\t\t\t<\/div>\n\t\t\t\t<\/div>\n\t\t\t\t\t<\/div>\n\t\t<\/div>\n\t\t\t\t\t<\/div>\n\t\t<\/section>\n\t\t\t\t<section class=\"elementor-section elementor-top-section elementor-element elementor-element-5699d10e elementor-section-boxed elementor-section-height-default elementor-section-height-default\" data-id=\"5699d10e\" data-element_type=\"section\" data-e-type=\"section\">\n\t\t\t\t\t\t<div class=\"elementor-container elementor-column-gap-default\">\n\t\t\t\t\t<div class=\"elementor-column elementor-col-100 elementor-top-column elementor-element elementor-element-3d551c73\" data-id=\"3d551c73\" data-element_type=\"column\" data-e-type=\"column\">\n\t\t\t<div class=\"elementor-widget-wrap elementor-element-populated\">\n\t\t\t\t\t\t<section class=\"elementor-section elementor-inner-section elementor-element elementor-element-2df9e452 elementor-section-content-top elementor-section-boxed elementor-section-height-default elementor-section-height-default\" data-id=\"2df9e452\" data-element_type=\"section\" data-e-type=\"section\">\n\t\t\t\t\t\t<div class=\"elementor-container elementor-column-gap-default\">\n\t\t\t\t\t<div class=\"elementor-column elementor-col-100 elementor-inner-column elementor-element elementor-element-ce6e357\" data-id=\"ce6e357\" data-element_type=\"column\" data-e-type=\"column\">\n\t\t\t<div class=\"elementor-widget-wrap elementor-element-populated\">\n\t\t\t\t\t\t<div class=\"elementor-element elementor-element-20a02e5 elementor-widget elementor-widget-text-editor\" data-id=\"20a02e5\" data-element_type=\"widget\" data-e-type=\"widget\" data-widget_type=\"text-editor.default\">\n\t\t\t\t<div class=\"elementor-widget-container\">\n\t\t\t\t\t\t\t\t\t<p>Aside from its sun-filled days, Easter week on Hvar will captivate you with a unique tradition and exclusive experience. In this particular time of year, the entire island comes alive with the spirit of tradition culminating in the <strong>Following the Cross Procession. <\/strong>Participating in the procession will take you on a one-of-a-kind spiritual journey and enable you to experience six picturesque places of the island\u2019s central part by night.<\/p>\n<p>On the night of Good Thursday, from the villages of <strong>Jelsa, Pitve, Vrisnik, Vrbanj, Svir\u010de and Vrboska<\/strong>, a procession of believers led by members of the brotherhood and a key figure, the <strong>cross bearer<\/strong>, begins its course lit only by candlelight and accompanied by religious songs. The cross bearer, symbolizing the Way of the Cross, carries the cross all throughout the night from his home parish through the surrounding villages, returning it solemnly at dawn to his home village.<\/p>\n<p>For many people of faith, particularly the cross bearer who has been waiting for this honour for years, it\u2019s a true trial to lead and follow the procession on the eve of the greatest Christian holiday, on a journey over 20 km long. During the entire length of the procession, aside from the prayers, impressive archaic chants can be heard performed by the famous cantors. The central religious song is an interpretation of the medieval Passion text <em><strong>Our Lady&#8217;s Cry<\/strong><\/em> in the form of a dialogue.<\/p>\n<p>The most impressive part of the procession takes place at dawn in front of the church itself, when the cross bearer runs the last 50 meters of the course and, in climax, ends his long Way of the Cross on his knees.<\/p>\n<p>This religious custom represents unique<strong> intangible world heritage<\/strong> and is, as such, recognized by <strong>UNESCO<\/strong>. But even more so, for the people of Hvar, it\u2019s a deeply rooted tradition regarded with an open heart and the utmost respect.<\/p>\n<p>Besides the Following the Cross Procession, almost every place on Hvar has it\u2019s own expression of piety. Stari Grad has its Good Friday procession when the cross is carried through town. Sveta Nedjelja bears its own cross, the people from Dol carry theirs from Dol to Stari Grad and back, and in the town of Hvar the cross is carried by Dominican friars. The villages of Poljica, Zastra\u017ei\u0161\u0107e, Gdinj, Bogomolje and Su\u0107uraj also have the tradition of carrying crosses.<\/p>\n<p>&nbsp;<\/p>\n\t\t\t\t\t\t\t\t<\/div>\n\t\t\t\t<\/div>\n\t\t\t\t\t<\/div>\n\t\t<\/div>\n\t\t\t\t\t<\/div>\n\t\t<\/section>\n\t\t\t\t\t<\/div>\n\t\t<\/div>\n\t\t\t\t\t<\/div>\n\t\t<\/section>\n\t\t\t\t<section class=\"elementor-section elementor-top-section elementor-element elementor-element-4de90de0 elementor-section-full_width elementor-section-height-default elementor-section-height-default\" data-id=\"4de90de0\" data-element_type=\"section\" data-e-type=\"section\">\n\t\t\t\t\t\t<div class=\"elementor-container elementor-column-gap-no\">\n\t\t\t\t\t<div class=\"elementor-column elementor-col-100 elementor-top-column elementor-element elementor-element-5e655c8f\" data-id=\"5e655c8f\" data-element_type=\"column\" data-e-type=\"column\">\n\t\t\t<div class=\"elementor-widget-wrap elementor-element-populated\">\n\t\t\t\t\t\t<div class=\"elementor-element elementor-element-4888b557 elementor-arrows-position-inside elementor-widget elementor-widget-image-carousel\" data-id=\"4888b557\" data-element_type=\"widget\" data-e-type=\"widget\" data-settings=\"{&quot;slides_to_show&quot;:&quot;3&quot;,&quot;slides_to_scroll&quot;:&quot;1&quot;,&quot;navigation&quot;:&quot;arrows&quot;,&quot;autoplay_speed&quot;:3500,&quot;autoplay&quot;:&quot;yes&quot;,&quot;pause_on_hover&quot;:&quot;yes&quot;,&quot;pause_on_interaction&quot;:&quot;yes&quot;,&quot;infinite&quot;:&quot;yes&quot;,&quot;speed&quot;:500}\" data-widget_type=\"image-carousel.default\">\n\t\t\t\t<div class=\"elementor-widget-container\">\n\t\t\t\t\t\t\t<div class=\"elementor-image-carousel-wrapper swiper\" role=\"region\" aria-roledescription=\"carousel\" aria-label=\"Image Carousel\" dir=\"rtl\">\n\t\t\t<div class=\"elementor-image-carousel swiper-wrapper\" aria-live=\"off\">\n\t\t\t\t\t\t\t\t<div class=\"swiper-slide\" role=\"group\" aria-roledescription=\"slide\" aria-label=\"1 of 4\"><a data-elementor-open-lightbox=\"yes\" data-elementor-lightbox-slideshow=\"4888b557\" data-elementor-lightbox-title=\"Za kri\u017een 5\" data-e-action-hash=\"#elementor-action%3Aaction%3Dlightbox%26settings%3DeyJpZCI6NTI0NywidXJsIjoiaHR0cHM6XC9cL3d3dy52aXNpdC1zdGFyaS1ncmFkLmNvbVwvd3AtY29udGVudFwvdXBsb2Fkc1wvMjAxOVwvMDdcL1phLWtyaVx1MDE3ZWVuLTUuanBnIiwic2xpZGVzaG93IjoiNDg4OGI1NTcifQ%3D%3D\" href=\"https:\/\/www.visit-stari-grad.com\/wp-content\/uploads\/2019\/07\/Za-kri\u017een-5.jpg\"><figure class=\"swiper-slide-inner\"><img decoding=\"async\" class=\"swiper-slide-image\" src=\"https:\/\/www.visit-stari-grad.com\/wp-content\/uploads\/elementor\/thumbs\/Za-kri\u017een-5-omwraprid3wklynxmd2tyhg6wohqsnku5btw0h59cw.jpg\" alt=\"Za kri\u017een 5\" \/><\/figure><\/a><\/div><div class=\"swiper-slide\" role=\"group\" aria-roledescription=\"slide\" aria-label=\"2 of 4\"><a data-elementor-open-lightbox=\"yes\" data-elementor-lightbox-slideshow=\"4888b557\" data-elementor-lightbox-title=\"Za kri\u017een 4\" data-e-action-hash=\"#elementor-action%3Aaction%3Dlightbox%26settings%3DeyJpZCI6NTI0OSwidXJsIjoiaHR0cHM6XC9cL3d3dy52aXNpdC1zdGFyaS1ncmFkLmNvbVwvd3AtY29udGVudFwvdXBsb2Fkc1wvMjAxOVwvMDdcL1phLWtyaVx1MDE3ZWVuLTQuanBnIiwic2xpZGVzaG93IjoiNDg4OGI1NTcifQ%3D%3D\" href=\"https:\/\/www.visit-stari-grad.com\/wp-content\/uploads\/2019\/07\/Za-kri\u017een-4.jpg\"><figure class=\"swiper-slide-inner\"><img decoding=\"async\" class=\"swiper-slide-image\" src=\"https:\/\/www.visit-stari-grad.com\/wp-content\/uploads\/elementor\/thumbs\/Za-kri\u017een-4-oahgecilkgbsmnlpyylc1v23thj9n3f673u3wql9y8.jpg\" alt=\"Za kri\u017een 4\" \/><\/figure><\/a><\/div><div class=\"swiper-slide\" role=\"group\" aria-roledescription=\"slide\" aria-label=\"3 of 4\"><a data-elementor-open-lightbox=\"yes\" data-elementor-lightbox-slideshow=\"4888b557\" data-elementor-lightbox-title=\"Za kri\u017een 2\" data-e-action-hash=\"#elementor-action%3Aaction%3Dlightbox%26settings%3DeyJpZCI6NTI1MSwidXJsIjoiaHR0cHM6XC9cL3d3dy52aXNpdC1zdGFyaS1ncmFkLmNvbVwvd3AtY29udGVudFwvdXBsb2Fkc1wvMjAxOVwvMDdcL1phLWtyaVx1MDE3ZWVuLTIuanBnIiwic2xpZGVzaG93IjoiNDg4OGI1NTcifQ%3D%3D\" href=\"https:\/\/www.visit-stari-grad.com\/wp-content\/uploads\/2019\/07\/Za-kri\u017een-2.jpg\"><figure class=\"swiper-slide-inner\"><img decoding=\"async\" class=\"swiper-slide-image\" src=\"https:\/\/www.visit-stari-grad.com\/wp-content\/uploads\/elementor\/thumbs\/Za-kri\u017een-2-omwra0dv8kxtwhosqk3wl5uqv9yu0ts31u7s206w0w.jpg\" alt=\"Za kri\u017een 2\" \/><\/figure><\/a><\/div><div class=\"swiper-slide\" role=\"group\" aria-roledescription=\"slide\" aria-label=\"4 of 4\"><a data-elementor-open-lightbox=\"yes\" data-elementor-lightbox-slideshow=\"4888b557\" data-elementor-lightbox-title=\"Za kri\u017een 1\" data-e-action-hash=\"#elementor-action%3Aaction%3Dlightbox%26settings%3DeyJpZCI6NTI1MywidXJsIjoiaHR0cHM6XC9cL3d3dy52aXNpdC1zdGFyaS1ncmFkLmNvbVwvd3AtY29udGVudFwvdXBsb2Fkc1wvMjAxOVwvMDdcL1phLWtyaVx1MDE3ZWVuLTEuanBnIiwic2xpZGVzaG93IjoiNDg4OGI1NTcifQ%3D%3D\" href=\"https:\/\/www.visit-stari-grad.com\/wp-content\/uploads\/2019\/07\/Za-kri\u017een-1.jpg\"><figure class=\"swiper-slide-inner\"><img decoding=\"async\" class=\"swiper-slide-image\" src=\"https:\/\/www.visit-stari-grad.com\/wp-content\/uploads\/elementor\/thumbs\/Za-kri\u017een-1-omwr9iixmq9drweqmudzrsczkyeuykt6ndtjxqxdb4.jpg\" alt=\"Za kri\u017een 1\" \/><\/figure><\/a><\/div>\t\t\t<\/div>\n\t\t\t\t\t\t\t\t\t\t\t\t<div class=\"elementor-swiper-button elementor-swiper-button-prev\" role=\"button\" tabindex=\"0\">\n\t\t\t\t\t\t<i aria-hidden=\"true\" class=\"eicon-chevron-left\"><\/i>\t\t\t\t\t<\/div>\n\t\t\t\t\t<div class=\"elementor-swiper-button elementor-swiper-button-next\" role=\"button\" tabindex=\"0\">\n\t\t\t\t\t\t<i aria-hidden=\"true\" class=\"eicon-chevron-right\"><\/i>\t\t\t\t\t<\/div>\n\t\t\t\t\n\t\t\t\t\t\t\t\t\t<\/div>\n\t\t\t\t\t\t<\/div>\n\t\t\t\t<\/div>\n\t\t\t\t\t<\/div>\n\t\t<\/div>\n\t\t\t\t\t<\/div>\n\t\t<\/section>\n\t\t\t\t<\/div>\n\t\t","protected":false},"excerpt":{"rendered":"<p>Following the Cross Procession Aside from its sun-filled days, Easter week on Hvar will captivate you with a unique tradition and exclusive experience. In this particular time of year, the entire island comes alive with the spirit of tradition culminating in the Following the Cross Procession. Participating in the procession will take you on a [&hellip;]<\/p>\n","protected":false},"author":1,"featured_media":0,"parent":5167,"menu_order":0,"comment_status":"closed","ping_status":"closed","template":"","meta":{"site-sidebar-layout":"no-sidebar","site-content-layout":"page-builder","ast-site-content-layout":"default","site-content-style":"default","site-sidebar-style":"default","ast-global-header-display":"","ast-banner-title-visibility":"","ast-main-header-display":"","ast-hfb-above-header-display":"","ast-hfb-below-header-display":"","ast-hfb-mobile-header-display":"","site-post-title":"disabled","ast-breadcrumbs-content":"","ast-featured-img":"disabled","footer-sml-layout":"","ast-disable-related-posts":"","theme-transparent-header-meta":"default","adv-header-id-meta":"","stick-header-meta":"default","header-above-stick-meta":"","header-main-stick-meta":"","header-below-stick-meta":"","astra-migrate-meta-layouts":"default","ast-page-background-enabled":"default","ast-page-background-meta":{"desktop":{"background-color":"","background-image":"","background-repeat":"repeat","background-position":"center center","background-size":"auto","background-attachment":"scroll","background-type":"","background-media":"","overlay-type":"","overlay-color":"","overlay-opacity":"","overlay-gradient":""},"tablet":{"background-color":"","background-image":"","background-repeat":"repeat","background-position":"center center","background-size":"auto","background-attachment":"scroll","background-type":"","background-media":"","overlay-type":"","overlay-color":"","overlay-opacity":"","overlay-gradient":""},"mobile":{"background-color":"","background-image":"","background-repeat":"repeat","background-position":"center center","background-size":"auto","background-attachment":"scroll","background-type":"","background-media":"","overlay-type":"","overlay-color":"","overlay-opacity":"","overlay-gradient":""}},"ast-content-background-meta":{"desktop":{"background-color":"var(--ast-global-color-5)","background-image":"","background-repeat":"repeat","background-position":"center center","background-size":"auto","background-attachment":"scroll","background-type":"","background-media":"","overlay-type":"","overlay-color":"","overlay-opacity":"","overlay-gradient":""},"tablet":{"background-color":"var(--ast-global-color-5)","background-image":"","background-repeat":"repeat","background-position":"center center","background-size":"auto","background-attachment":"scroll","background-type":"","background-media":"","overlay-type":"","overlay-color":"","overlay-opacity":"","overlay-gradient":""},"mobile":{"background-color":"var(--ast-global-color-5)","background-image":"","background-repeat":"repeat","background-position":"center center","background-size":"auto","background-attachment":"scroll","background-type":"","background-media":"","overlay-type":"","overlay-color":"","overlay-opacity":"","overlay-gradient":""}},"footnotes":""},"class_list":["post-5293","page","type-page","status-publish","hentry"],"yoast_head":"<!-- This site is optimized with the Yoast SEO plugin v27.4 - https:\/\/yoast.com\/product\/yoast-seo-wordpress\/ -->\n<title>Following the Cross Procession - Visit Stari Grad Island Hvar<\/title>\n<meta name=\"robots\" content=\"index, follow, max-snippet:-1, max-image-preview:large, max-video-preview:-1\" \/>\n<link rel=\"canonical\" href=\"https:\/\/www.visit-stari-grad.com\/en\/what-to-see\/unesco-heritage\/procesija-za-krizen\/\" \/>\n<meta property=\"og:locale\" content=\"en_US\" \/>\n<meta property=\"og:type\" content=\"article\" \/>\n<meta property=\"og:title\" content=\"Following the Cross Procession - Visit Stari Grad Island Hvar\" \/>\n<meta property=\"og:description\" content=\"Following the Cross Procession Aside from its sun-filled days, Easter week on Hvar will captivate you with a unique tradition and exclusive experience. In this particular time of year, the entire island comes alive with the spirit of tradition culminating in the Following the Cross Procession. Participating in the procession will take you on a [&hellip;]\" \/>\n<meta property=\"og:url\" content=\"https:\/\/www.visit-stari-grad.com\/en\/what-to-see\/unesco-heritage\/procesija-za-krizen\/\" \/>\n<meta property=\"og:site_name\" content=\"Visit Stari Grad Island Hvar\" \/>\n<meta property=\"article:modified_time\" content=\"2020-03-20T14:21:48+00:00\" \/>\n<meta property=\"og:image\" content=\"https:\/\/www.visit-stari-grad.com\/wp-content\/uploads\/elementor\/thumbs\/Za-kri\u017een-5-oahgeh7simi88pew7imgwbvesew3pkxtvr3jb4eb34.jpg\" \/>\n<meta name=\"twitter:card\" content=\"summary_large_image\" \/>\n<meta name=\"twitter:label1\" content=\"Est. reading time\" \/>\n\t<meta name=\"twitter:data1\" content=\"2 minutes\" \/>\n<script type=\"application\/ld+json\" class=\"yoast-schema-graph\">{\"@context\":\"https:\\\/\\\/schema.org\",\"@graph\":[{\"@type\":\"WebPage\",\"@id\":\"https:\\\/\\\/www.visit-stari-grad.com\\\/en\\\/what-to-see\\\/unesco-heritage\\\/procesija-za-krizen\\\/\",\"url\":\"https:\\\/\\\/www.visit-stari-grad.com\\\/en\\\/what-to-see\\\/unesco-heritage\\\/procesija-za-krizen\\\/\",\"name\":\"Following the Cross Procession - Visit Stari Grad Island Hvar\",\"isPartOf\":{\"@id\":\"https:\\\/\\\/www.visit-stari-grad.com\\\/en\\\/#website\"},\"datePublished\":\"2020-03-18T10:56:10+00:00\",\"dateModified\":\"2020-03-20T14:21:48+00:00\",\"breadcrumb\":{\"@id\":\"https:\\\/\\\/www.visit-stari-grad.com\\\/en\\\/what-to-see\\\/unesco-heritage\\\/procesija-za-krizen\\\/#breadcrumb\"},\"inLanguage\":\"en-US\",\"potentialAction\":[{\"@type\":\"ReadAction\",\"target\":[\"https:\\\/\\\/www.visit-stari-grad.com\\\/en\\\/what-to-see\\\/unesco-heritage\\\/procesija-za-krizen\\\/\"]}]},{\"@type\":\"BreadcrumbList\",\"@id\":\"https:\\\/\\\/www.visit-stari-grad.com\\\/en\\\/what-to-see\\\/unesco-heritage\\\/procesija-za-krizen\\\/#breadcrumb\",\"itemListElement\":[{\"@type\":\"ListItem\",\"position\":1,\"name\":\"Po\u010detna stranica\",\"item\":\"https:\\\/\\\/www.visit-stari-grad.com\\\/en\\\/\"},{\"@type\":\"ListItem\",\"position\":2,\"name\":\"What to see\",\"item\":\"https:\\\/\\\/www.visit-stari-grad.com\\\/en\\\/sto-vidjeti\\\/\"},{\"@type\":\"ListItem\",\"position\":3,\"name\":\"UNESCO Heritage\",\"item\":\"https:\\\/\\\/www.visit-stari-grad.com\\\/en\\\/sto-vidjeti\\\/unesco-bastina\\\/\"},{\"@type\":\"ListItem\",\"position\":4,\"name\":\"Following the Cross Procession\"}]},{\"@type\":\"WebSite\",\"@id\":\"https:\\\/\\\/www.visit-stari-grad.com\\\/en\\\/#website\",\"url\":\"https:\\\/\\\/www.visit-stari-grad.com\\\/en\\\/\",\"name\":\"Visit Stari Grad Island Hvar\",\"description\":\"Welcome to Stari Grad Tourist Board official website where you can find all the informations for your perfect holiday on island Hvar.\",\"publisher\":{\"@id\":\"https:\\\/\\\/www.visit-stari-grad.com\\\/en\\\/#organization\"},\"potentialAction\":[{\"@type\":\"SearchAction\",\"target\":{\"@type\":\"EntryPoint\",\"urlTemplate\":\"https:\\\/\\\/www.visit-stari-grad.com\\\/en\\\/?s={search_term_string}\"},\"query-input\":{\"@type\":\"PropertyValueSpecification\",\"valueRequired\":true,\"valueName\":\"search_term_string\"}}],\"inLanguage\":\"en-US\"},{\"@type\":\"Organization\",\"@id\":\"https:\\\/\\\/www.visit-stari-grad.com\\\/en\\\/#organization\",\"name\":\"Turisti\u010dka zajednica grada Staroga Grada\",\"url\":\"https:\\\/\\\/www.visit-stari-grad.com\\\/en\\\/\",\"logo\":{\"@type\":\"ImageObject\",\"inLanguage\":\"en-US\",\"@id\":\"https:\\\/\\\/www.visit-stari-grad.com\\\/en\\\/#\\\/schema\\\/logo\\\/image\\\/\",\"url\":\"https:\\\/\\\/www.visit-stari-grad.com\\\/wp-content\\\/uploads\\\/2019\\\/05\\\/logo_TZ_Stari_Grad_w.png\",\"contentUrl\":\"https:\\\/\\\/www.visit-stari-grad.com\\\/wp-content\\\/uploads\\\/2019\\\/05\\\/logo_TZ_Stari_Grad_w.png\",\"width\":256,\"height\":72,\"caption\":\"Turisti\u010dka zajednica grada Staroga Grada\"},\"image\":{\"@id\":\"https:\\\/\\\/www.visit-stari-grad.com\\\/en\\\/#\\\/schema\\\/logo\\\/image\\\/\"}}]}<\/script>\n<!-- \/ Yoast SEO plugin. -->","yoast_head_json":{"title":"Following the Cross Procession - Visit Stari Grad Island Hvar","robots":{"index":"index","follow":"follow","max-snippet":"max-snippet:-1","max-image-preview":"max-image-preview:large","max-video-preview":"max-video-preview:-1"},"canonical":"https:\/\/www.visit-stari-grad.com\/en\/what-to-see\/unesco-heritage\/procesija-za-krizen\/","og_locale":"en_US","og_type":"article","og_title":"Following the Cross Procession - Visit Stari Grad Island Hvar","og_description":"Following the Cross Procession Aside from its sun-filled days, Easter week on Hvar will captivate you with a unique tradition and exclusive experience. In this particular time of year, the entire island comes alive with the spirit of tradition culminating in the Following the Cross Procession. Participating in the procession will take you on a [&hellip;]","og_url":"https:\/\/www.visit-stari-grad.com\/en\/what-to-see\/unesco-heritage\/procesija-za-krizen\/","og_site_name":"Visit Stari Grad Island Hvar","article_modified_time":"2020-03-20T14:21:48+00:00","og_image":[{"url":"https:\/\/www.visit-stari-grad.com\/wp-content\/uploads\/elementor\/thumbs\/Za-kri\u017een-5-oahgeh7simi88pew7imgwbvesew3pkxtvr3jb4eb34.jpg","type":"","width":"","height":""}],"twitter_card":"summary_large_image","twitter_misc":{"Est. reading time":"2 minutes"},"schema":{"@context":"https:\/\/schema.org","@graph":[{"@type":"WebPage","@id":"https:\/\/www.visit-stari-grad.com\/en\/what-to-see\/unesco-heritage\/procesija-za-krizen\/","url":"https:\/\/www.visit-stari-grad.com\/en\/what-to-see\/unesco-heritage\/procesija-za-krizen\/","name":"Following the Cross Procession - Visit Stari Grad Island Hvar","isPartOf":{"@id":"https:\/\/www.visit-stari-grad.com\/en\/#website"},"datePublished":"2020-03-18T10:56:10+00:00","dateModified":"2020-03-20T14:21:48+00:00","breadcrumb":{"@id":"https:\/\/www.visit-stari-grad.com\/en\/what-to-see\/unesco-heritage\/procesija-za-krizen\/#breadcrumb"},"inLanguage":"en-US","potentialAction":[{"@type":"ReadAction","target":["https:\/\/www.visit-stari-grad.com\/en\/what-to-see\/unesco-heritage\/procesija-za-krizen\/"]}]},{"@type":"BreadcrumbList","@id":"https:\/\/www.visit-stari-grad.com\/en\/what-to-see\/unesco-heritage\/procesija-za-krizen\/#breadcrumb","itemListElement":[{"@type":"ListItem","position":1,"name":"Po\u010detna stranica","item":"https:\/\/www.visit-stari-grad.com\/en\/"},{"@type":"ListItem","position":2,"name":"What to see","item":"https:\/\/www.visit-stari-grad.com\/en\/sto-vidjeti\/"},{"@type":"ListItem","position":3,"name":"UNESCO Heritage","item":"https:\/\/www.visit-stari-grad.com\/en\/sto-vidjeti\/unesco-bastina\/"},{"@type":"ListItem","position":4,"name":"Following the Cross Procession"}]},{"@type":"WebSite","@id":"https:\/\/www.visit-stari-grad.com\/en\/#website","url":"https:\/\/www.visit-stari-grad.com\/en\/","name":"Visit Stari Grad Island Hvar","description":"Welcome to Stari Grad Tourist Board official website where you can find all the informations for your perfect holiday on island Hvar.","publisher":{"@id":"https:\/\/www.visit-stari-grad.com\/en\/#organization"},"potentialAction":[{"@type":"SearchAction","target":{"@type":"EntryPoint","urlTemplate":"https:\/\/www.visit-stari-grad.com\/en\/?s={search_term_string}"},"query-input":{"@type":"PropertyValueSpecification","valueRequired":true,"valueName":"search_term_string"}}],"inLanguage":"en-US"},{"@type":"Organization","@id":"https:\/\/www.visit-stari-grad.com\/en\/#organization","name":"Turisti\u010dka zajednica grada Staroga Grada","url":"https:\/\/www.visit-stari-grad.com\/en\/","logo":{"@type":"ImageObject","inLanguage":"en-US","@id":"https:\/\/www.visit-stari-grad.com\/en\/#\/schema\/logo\/image\/","url":"https:\/\/www.visit-stari-grad.com\/wp-content\/uploads\/2019\/05\/logo_TZ_Stari_Grad_w.png","contentUrl":"https:\/\/www.visit-stari-grad.com\/wp-content\/uploads\/2019\/05\/logo_TZ_Stari_Grad_w.png","width":256,"height":72,"caption":"Turisti\u010dka zajednica grada Staroga Grada"},"image":{"@id":"https:\/\/www.visit-stari-grad.com\/en\/#\/schema\/logo\/image\/"}}]}},"_links":{"self":[{"href":"https:\/\/www.visit-stari-grad.com\/en\/wp-json\/wp\/v2\/pages\/5293","targetHints":{"allow":["GET"]}}],"collection":[{"href":"https:\/\/www.visit-stari-grad.com\/en\/wp-json\/wp\/v2\/pages"}],"about":[{"href":"https:\/\/www.visit-stari-grad.com\/en\/wp-json\/wp\/v2\/types\/page"}],"author":[{"embeddable":true,"href":"https:\/\/www.visit-stari-grad.com\/en\/wp-json\/wp\/v2\/users\/1"}],"replies":[{"embeddable":true,"href":"https:\/\/www.visit-stari-grad.com\/en\/wp-json\/wp\/v2\/comments?post=5293"}],"version-history":[{"count":0,"href":"https:\/\/www.visit-stari-grad.com\/en\/wp-json\/wp\/v2\/pages\/5293\/revisions"}],"up":[{"embeddable":true,"href":"https:\/\/www.visit-stari-grad.com\/en\/wp-json\/wp\/v2\/pages\/5167"}],"wp:attachment":[{"href":"https:\/\/www.visit-stari-grad.com\/en\/wp-json\/wp\/v2\/media?parent=5293"}],"curies":[{"name":"wp","href":"https:\/\/api.w.org\/{rel}","templated":true}]}}