{"id":5450,"date":"2020-03-18T14:46:58","date_gmt":"2020-03-18T13:46:58","guid":{"rendered":"https:\/\/www.visit-stari-grad.com\/petar-hektorovic-theatre\/"},"modified":"2020-03-21T11:42:17","modified_gmt":"2020-03-21T10:42:17","slug":"petar-hektorovic-theatre","status":"publish","type":"page","link":"https:\/\/www.visit-stari-grad.com\/en\/what-to-see\/cinema-and-theatre\/petar-hektorovic-theatre\/","title":{"rendered":"Petar Hektorovi\u0107 Theatre"},"content":{"rendered":"\t\t<div data-elementor-type=\"wp-post\" data-elementor-id=\"5450\" class=\"elementor elementor-5450 elementor-1214\" data-elementor-post-type=\"page\">\n\t\t\t\t\t\t<section class=\"elementor-section elementor-top-section elementor-element elementor-element-f849223 elementor-section-stretched elementor-section-boxed elementor-section-height-default elementor-section-height-default\" data-id=\"f849223\" data-element_type=\"section\" data-e-type=\"section\" data-settings=\"{&quot;stretch_section&quot;:&quot;section-stretched&quot;,&quot;background_background&quot;:&quot;classic&quot;}\">\n\t\t\t\t\t\t\t<div class=\"elementor-background-overlay\"><\/div>\n\t\t\t\t\t\t\t<div class=\"elementor-container elementor-column-gap-default\">\n\t\t\t\t\t<div class=\"elementor-column elementor-col-100 elementor-top-column elementor-element elementor-element-7b671436 elementor-invisible\" data-id=\"7b671436\" data-element_type=\"column\" data-e-type=\"column\" data-settings=\"{&quot;background_background&quot;:&quot;classic&quot;,&quot;animation&quot;:&quot;fadeInLeft&quot;,&quot;animation_delay&quot;:&quot;300&quot;}\">\n\t\t\t<div class=\"elementor-widget-wrap elementor-element-populated\">\n\t\t\t\t\t<div class=\"elementor-background-overlay\"><\/div>\n\t\t\t\t\t\t<div class=\"elementor-element elementor-element-25688080 elementor-invisible elementor-widget elementor-widget-heading\" data-id=\"25688080\" data-element_type=\"widget\" data-e-type=\"widget\" data-settings=\"{&quot;_animation&quot;:&quot;fadeInLeft&quot;,&quot;_animation_delay&quot;:&quot;700&quot;}\" data-widget_type=\"heading.default\">\n\t\t\t\t<div class=\"elementor-widget-container\">\n\t\t\t\t\t<h1 class=\"elementor-heading-title elementor-size-default\">Petar Hektorovi\u0107 Theatre<\/h1>\t\t\t\t<\/div>\n\t\t\t\t<\/div>\n\t\t\t\t\t<\/div>\n\t\t<\/div>\n\t\t\t\t\t<\/div>\n\t\t<\/section>\n\t\t\t\t<section class=\"elementor-section elementor-top-section elementor-element elementor-element-61d864f8 elementor-section-boxed elementor-section-height-default elementor-section-height-default\" data-id=\"61d864f8\" data-element_type=\"section\" data-e-type=\"section\">\n\t\t\t\t\t\t<div class=\"elementor-container elementor-column-gap-default\">\n\t\t\t\t\t<div class=\"elementor-column elementor-col-100 elementor-top-column elementor-element elementor-element-31ad7f8f\" data-id=\"31ad7f8f\" data-element_type=\"column\" data-e-type=\"column\">\n\t\t\t<div class=\"elementor-widget-wrap elementor-element-populated\">\n\t\t\t\t\t\t<section class=\"elementor-section elementor-inner-section elementor-element elementor-element-6aa608ff elementor-section-content-top elementor-section-boxed elementor-section-height-default elementor-section-height-default\" data-id=\"6aa608ff\" data-element_type=\"section\" data-e-type=\"section\">\n\t\t\t\t\t\t<div class=\"elementor-container elementor-column-gap-default\">\n\t\t\t\t\t<div class=\"elementor-column elementor-col-66 elementor-inner-column elementor-element elementor-element-6b00bdc1\" data-id=\"6b00bdc1\" data-element_type=\"column\" data-e-type=\"column\">\n\t\t\t<div class=\"elementor-widget-wrap elementor-element-populated\">\n\t\t\t\t\t\t<div class=\"elementor-element elementor-element-329f3235 elementor-widget elementor-widget-text-editor\" data-id=\"329f3235\" data-element_type=\"widget\" data-e-type=\"widget\" data-widget_type=\"text-editor.default\">\n\t\t\t\t<div class=\"elementor-widget-container\">\n\t\t\t\t\t\t\t\t\t<p>The amateur theatre Petar Hektorovi\u0107 was founded back in 1880, on the foundations of the the 16<sup>th<\/sup> century theatre scene in the age of Renaissance poet Petar Hektorovi\u0107.<\/p>\n<p>The theatrical life of that time took place in open spaces (church performances), and with the establishment of the amateur theatre, on top of the permanent drama scene before and after World War II, the tradition has been successfully continued to this day.<\/p>\n<p>Thousands and thousands of rehearsals were held and more than a hundred plays were brought to life. From 1973 to 2011, 28 premieres and hundreds of performances were held in front of numerous audiences.<\/p>\n<p>In addition to its performances, participation in meetings, festivals, and guest appearances, the theater also proved to be very successful in organising the gatherings of the theatre amateurs of Dalmatia as well as the Festival of Croatian Theater Amateurs.<\/p>\n<p>In 2013, a new generation of theater amateurs, assembled at the Petar Hektorovi\u0107 Amateur Theatre, gave an excellent performance of <em>Fisherman&#8217;s Quarrels<\/em> by author Carl Goldoni , which was performed three times in the Stari Grad Theatre in just two months.<\/p>\n\t\t\t\t\t\t\t\t<\/div>\n\t\t\t\t<\/div>\n\t\t\t\t\t<\/div>\n\t\t<\/div>\n\t\t\t\t<div class=\"elementor-column elementor-col-33 elementor-inner-column elementor-element elementor-element-158e2c1a\" data-id=\"158e2c1a\" data-element_type=\"column\" data-e-type=\"column\">\n\t\t\t<div class=\"elementor-widget-wrap elementor-element-populated\">\n\t\t\t\t\t\t<div class=\"elementor-element elementor-element-aded8e5 elementor-cta--valign-middle elementor-cta--skin-classic elementor-animated-content elementor-bg-transform elementor-bg-transform-zoom-in elementor-widget elementor-widget-call-to-action\" data-id=\"aded8e5\" data-element_type=\"widget\" data-e-type=\"widget\" data-widget_type=\"call-to-action.default\">\n\t\t\t\t<div class=\"elementor-widget-container\">\n\t\t\t\t\t\t\t<a class=\"elementor-cta\" href=\"https:\/\/goo.gl\/maps\/mk4eyQ2BSSSGYn6X6\" target=\"_blank\">\n\t\t\t\t\t\t\t<div class=\"elementor-cta__content\">\n\t\t\t\t\t\t\t\t\t<div class=\"elementor-content-item elementor-cta__content-item elementor-icon-wrapper elementor-cta__icon elementor-view-default\">\n\t\t\t\t\t\t<div class=\"elementor-icon\">\n\t\t\t\t\t\t\t<i aria-hidden=\"true\" class=\"fas fa-map-marker-alt\"><\/i>\t\t\t\t\t\t<\/div>\n\t\t\t\t\t<\/div>\n\t\t\t\t\n\t\t\t\t\t\t\t\t\t<h2 class=\"elementor-cta__title elementor-cta__content-item elementor-content-item\">\n\t\t\t\t\t\tSHOW ON MAP\t\t\t\t\t<\/h2>\n\t\t\t\t\n\t\t\t\t\n\t\t\t\t\t\t\t<\/div>\n\t\t\t\t\t\t<\/a>\n\t\t\t\t\t\t<\/div>\n\t\t\t\t<\/div>\n\t\t\t\t\t<\/div>\n\t\t<\/div>\n\t\t\t\t\t<\/div>\n\t\t<\/section>\n\t\t\t\t\t<\/div>\n\t\t<\/div>\n\t\t\t\t\t<\/div>\n\t\t<\/section>\n\t\t\t\t<section class=\"elementor-section elementor-top-section elementor-element elementor-element-27b54487 elementor-section-full_width elementor-section-height-default elementor-section-height-default\" data-id=\"27b54487\" data-element_type=\"section\" data-e-type=\"section\">\n\t\t\t\t\t\t<div class=\"elementor-container elementor-column-gap-no\">\n\t\t\t\t\t<div class=\"elementor-column elementor-col-100 elementor-top-column elementor-element elementor-element-5cf305d6\" data-id=\"5cf305d6\" data-element_type=\"column\" data-e-type=\"column\">\n\t\t\t<div class=\"elementor-widget-wrap elementor-element-populated\">\n\t\t\t\t\t\t<div class=\"elementor-element elementor-element-5747de2e elementor-arrows-position-inside elementor-widget elementor-widget-image-carousel\" data-id=\"5747de2e\" data-element_type=\"widget\" data-e-type=\"widget\" data-settings=\"{&quot;slides_to_show&quot;:&quot;3&quot;,&quot;slides_to_scroll&quot;:&quot;1&quot;,&quot;navigation&quot;:&quot;arrows&quot;,&quot;autoplay_speed&quot;:3500,&quot;autoplay&quot;:&quot;yes&quot;,&quot;pause_on_hover&quot;:&quot;yes&quot;,&quot;pause_on_interaction&quot;:&quot;yes&quot;,&quot;infinite&quot;:&quot;yes&quot;,&quot;speed&quot;:500}\" data-widget_type=\"image-carousel.default\">\n\t\t\t\t<div class=\"elementor-widget-container\">\n\t\t\t\t\t\t\t<div class=\"elementor-image-carousel-wrapper swiper\" role=\"region\" aria-roledescription=\"carousel\" aria-label=\"Image Carousel\" dir=\"rtl\">\n\t\t\t<div class=\"elementor-image-carousel swiper-wrapper\" aria-live=\"off\">\n\t\t\t\t\t\t\t\t<div class=\"swiper-slide\" role=\"group\" aria-roledescription=\"slide\" aria-label=\"1 of 3\"><a data-elementor-open-lightbox=\"yes\" data-elementor-lightbox-slideshow=\"5747de2e\" data-elementor-lightbox-title=\"kino-stari-grad\" data-e-action-hash=\"#elementor-action%3Aaction%3Dlightbox%26settings%3DeyJpZCI6NDA3MiwidXJsIjoiaHR0cHM6XC9cL3d3dy52aXNpdC1zdGFyaS1ncmFkLmNvbVwvd3AtY29udGVudFwvdXBsb2Fkc1wvMjAxOVwvMTFcL2tpbm8tc3RhcmktZ3JhZC5qcGciLCJzbGlkZXNob3ciOiI1NzQ3ZGUyZSJ9\" href=\"https:\/\/www.visit-stari-grad.com\/wp-content\/uploads\/2019\/11\/kino-stari-grad.jpg\"><figure class=\"swiper-slide-inner\"><img decoding=\"async\" class=\"swiper-slide-image\" src=\"https:\/\/www.visit-stari-grad.com\/wp-content\/uploads\/elementor\/thumbs\/kino-stari-grad-omwvl2tcpn7r8mg09357fj5aunnqv8dy1coh8c9rj4.jpg\" alt=\"kino-stari-grad\" \/><\/figure><\/a><\/div><div class=\"swiper-slide\" role=\"group\" aria-roledescription=\"slide\" aria-label=\"2 of 3\"><a data-elementor-open-lightbox=\"yes\" data-elementor-lightbox-slideshow=\"5747de2e\" data-elementor-lightbox-title=\"1935331_10154091591702764_4795088942295647531_n\" data-e-action-hash=\"#elementor-action%3Aaction%3Dlightbox%26settings%3DeyJpZCI6NDY5NywidXJsIjoiaHR0cHM6XC9cL3d3dy52aXNpdC1zdGFyaS1ncmFkLmNvbVwvd3AtY29udGVudFwvdXBsb2Fkc1wvMjAyMFwvMDJcLzE5MzUzMzFfMTAxNTQwOTE1OTE3MDI3NjRfNDc5NTA4ODk0MjI5NTY0NzUzMV9uLmpwZyIsInNsaWRlc2hvdyI6IjU3NDdkZTJlIn0%3D\" href=\"https:\/\/www.visit-stari-grad.com\/wp-content\/uploads\/2020\/02\/1935331_10154091591702764_4795088942295647531_n.jpg\"><figure class=\"swiper-slide-inner\"><img decoding=\"async\" class=\"swiper-slide-image\" src=\"https:\/\/www.visit-stari-grad.com\/wp-content\/uploads\/elementor\/thumbs\/1935331_10154091591702764_4795088942295647531_n-ol2cfqlqf185frk6o7ka6p1uszdqc4rmtjpgw1fvs0.jpg\" alt=\"1935331_10154091591702764_4795088942295647531_n\" \/><\/figure><\/a><\/div><div class=\"swiper-slide\" role=\"group\" aria-roledescription=\"slide\" aria-label=\"3 of 3\"><a data-elementor-open-lightbox=\"yes\" data-elementor-lightbox-slideshow=\"5747de2e\" data-elementor-lightbox-title=\"11062022_762888790499493_518642484228510531_n\" data-e-action-hash=\"#elementor-action%3Aaction%3Dlightbox%26settings%3DeyJpZCI6NDY5OCwidXJsIjoiaHR0cHM6XC9cL3d3dy52aXNpdC1zdGFyaS1ncmFkLmNvbVwvd3AtY29udGVudFwvdXBsb2Fkc1wvMjAyMFwvMDJcLzExMDYyMDIyXzc2Mjg4ODc5MDQ5OTQ5M181MTg2NDI0ODQyMjg1MTA1MzFfbi5qcGciLCJzbGlkZXNob3ciOiI1NzQ3ZGUyZSJ9\" href=\"https:\/\/www.visit-stari-grad.com\/wp-content\/uploads\/2020\/02\/11062022_762888790499493_518642484228510531_n.jpg\"><figure class=\"swiper-slide-inner\"><img decoding=\"async\" class=\"swiper-slide-image\" src=\"https:\/\/www.visit-stari-grad.com\/wp-content\/uploads\/elementor\/thumbs\/11062022_762888790499493_518642484228510531_n-omwtiui6znlkd89opi0v0rhu07j7zqp25xz1uoc0ww.jpg\" alt=\"11062022_762888790499493_518642484228510531_n\" \/><\/figure><\/a><\/div>\t\t\t<\/div>\n\t\t\t\t\t\t\t\t\t\t\t\t<div class=\"elementor-swiper-button elementor-swiper-button-prev\" role=\"button\" tabindex=\"0\">\n\t\t\t\t\t\t<i aria-hidden=\"true\" class=\"eicon-chevron-left\"><\/i>\t\t\t\t\t<\/div>\n\t\t\t\t\t<div class=\"elementor-swiper-button elementor-swiper-button-next\" role=\"button\" tabindex=\"0\">\n\t\t\t\t\t\t<i aria-hidden=\"true\" class=\"eicon-chevron-right\"><\/i>\t\t\t\t\t<\/div>\n\t\t\t\t\n\t\t\t\t\t\t\t\t\t<\/div>\n\t\t\t\t\t\t<\/div>\n\t\t\t\t<\/div>\n\t\t\t\t\t<\/div>\n\t\t<\/div>\n\t\t\t\t\t<\/div>\n\t\t<\/section>\n\t\t\t\t<\/div>\n\t\t","protected":false},"excerpt":{"rendered":"<p>Petar Hektorovi\u0107 Theatre The amateur theatre Petar Hektorovi\u0107 was founded back in 1880, on the foundations of the the 16th century theatre scene in the age of Renaissance poet Petar Hektorovi\u0107. The theatrical life of that time took place in open spaces (church performances), and with the establishment of the amateur theatre, on top of [&hellip;]<\/p>\n","protected":false},"author":1,"featured_media":0,"parent":6050,"menu_order":0,"comment_status":"closed","ping_status":"closed","template":"","meta":{"site-sidebar-layout":"no-sidebar","site-content-layout":"page-builder","ast-site-content-layout":"default","site-content-style":"default","site-sidebar-style":"default","ast-global-header-display":"","ast-banner-title-visibility":"","ast-main-header-display":"","ast-hfb-above-header-display":"","ast-hfb-below-header-display":"","ast-hfb-mobile-header-display":"","site-post-title":"disabled","ast-breadcrumbs-content":"","ast-featured-img":"disabled","footer-sml-layout":"","ast-disable-related-posts":"","theme-transparent-header-meta":"default","adv-header-id-meta":"","stick-header-meta":"default","header-above-stick-meta":"","header-main-stick-meta":"","header-below-stick-meta":"","astra-migrate-meta-layouts":"default","ast-page-background-enabled":"default","ast-page-background-meta":{"desktop":{"background-color":"","background-image":"","background-repeat":"repeat","background-position":"center center","background-size":"auto","background-attachment":"scroll","background-type":"","background-media":"","overlay-type":"","overlay-color":"","overlay-opacity":"","overlay-gradient":""},"tablet":{"background-color":"","background-image":"","background-repeat":"repeat","background-position":"center center","background-size":"auto","background-attachment":"scroll","background-type":"","background-media":"","overlay-type":"","overlay-color":"","overlay-opacity":"","overlay-gradient":""},"mobile":{"background-color":"","background-image":"","background-repeat":"repeat","background-position":"center center","background-size":"auto","background-attachment":"scroll","background-type":"","background-media":"","overlay-type":"","overlay-color":"","overlay-opacity":"","overlay-gradient":""}},"ast-content-background-meta":{"desktop":{"background-color":"var(--ast-global-color-5)","background-image":"","background-repeat":"repeat","background-position":"center center","background-size":"auto","background-attachment":"scroll","background-type":"","background-media":"","overlay-type":"","overlay-color":"","overlay-opacity":"","overlay-gradient":""},"tablet":{"background-color":"var(--ast-global-color-5)","background-image":"","background-repeat":"repeat","background-position":"center center","background-size":"auto","background-attachment":"scroll","background-type":"","background-media":"","overlay-type":"","overlay-color":"","overlay-opacity":"","overlay-gradient":""},"mobile":{"background-color":"var(--ast-global-color-5)","background-image":"","background-repeat":"repeat","background-position":"center center","background-size":"auto","background-attachment":"scroll","background-type":"","background-media":"","overlay-type":"","overlay-color":"","overlay-opacity":"","overlay-gradient":""}},"footnotes":""},"class_list":["post-5450","page","type-page","status-publish","hentry"],"yoast_head":"<!-- This site is optimized with the Yoast SEO plugin v27.4 - https:\/\/yoast.com\/product\/yoast-seo-wordpress\/ -->\n<title>Petar Hektorovi\u0107 Theatre - Visit Stari Grad Island Hvar<\/title>\n<meta name=\"robots\" content=\"index, follow, max-snippet:-1, max-image-preview:large, max-video-preview:-1\" \/>\n<link rel=\"canonical\" href=\"https:\/\/www.visit-stari-grad.com\/en\/what-to-see\/cinema-and-theatre\/petar-hektorovic-theatre\/\" \/>\n<meta property=\"og:locale\" content=\"en_US\" \/>\n<meta property=\"og:type\" content=\"article\" \/>\n<meta property=\"og:title\" content=\"Petar Hektorovi\u0107 Theatre - Visit Stari Grad Island Hvar\" \/>\n<meta property=\"og:description\" content=\"Petar Hektorovi\u0107 Theatre The amateur theatre Petar Hektorovi\u0107 was founded back in 1880, on the foundations of the the 16th century theatre scene in the age of Renaissance poet Petar Hektorovi\u0107. The theatrical life of that time took place in open spaces (church performances), and with the establishment of the amateur theatre, on top of [&hellip;]\" \/>\n<meta property=\"og:url\" content=\"https:\/\/www.visit-stari-grad.com\/en\/what-to-see\/cinema-and-theatre\/petar-hektorovic-theatre\/\" \/>\n<meta property=\"og:site_name\" content=\"Visit Stari Grad Island Hvar\" \/>\n<meta property=\"article:modified_time\" content=\"2020-03-21T10:42:17+00:00\" \/>\n<meta property=\"og:image\" content=\"https:\/\/www.visit-stari-grad.com\/wp-content\/uploads\/elementor\/thumbs\/kino-stari-grad-oggyk1twqmco4rwzwp82ski6i8f71b29ul84ol176o.jpg\" \/>\n<meta name=\"twitter:card\" content=\"summary_large_image\" \/>\n<meta name=\"twitter:label1\" content=\"Est. reading time\" \/>\n\t<meta name=\"twitter:data1\" content=\"1 minute\" \/>\n<script type=\"application\/ld+json\" class=\"yoast-schema-graph\">{\"@context\":\"https:\\\/\\\/schema.org\",\"@graph\":[{\"@type\":\"WebPage\",\"@id\":\"https:\\\/\\\/www.visit-stari-grad.com\\\/en\\\/what-to-see\\\/cinema-and-theatre\\\/petar-hektorovic-theatre\\\/\",\"url\":\"https:\\\/\\\/www.visit-stari-grad.com\\\/en\\\/what-to-see\\\/cinema-and-theatre\\\/petar-hektorovic-theatre\\\/\",\"name\":\"Petar Hektorovi\u0107 Theatre - Visit Stari Grad Island Hvar\",\"isPartOf\":{\"@id\":\"https:\\\/\\\/www.visit-stari-grad.com\\\/en\\\/#website\"},\"primaryImageOfPage\":{\"@id\":\"https:\\\/\\\/www.visit-stari-grad.com\\\/en\\\/what-to-see\\\/cinema-and-theatre\\\/petar-hektorovic-theatre\\\/#primaryimage\"},\"image\":{\"@id\":\"https:\\\/\\\/www.visit-stari-grad.com\\\/en\\\/what-to-see\\\/cinema-and-theatre\\\/petar-hektorovic-theatre\\\/#primaryimage\"},\"thumbnailUrl\":\"https:\\\/\\\/www.visit-stari-grad.com\\\/wp-content\\\/uploads\\\/elementor\\\/thumbs\\\/kino-stari-grad-oggyk1twqmco4rwzwp82ski6i8f71b29ul84ol176o.jpg\",\"datePublished\":\"2020-03-18T13:46:58+00:00\",\"dateModified\":\"2020-03-21T10:42:17+00:00\",\"breadcrumb\":{\"@id\":\"https:\\\/\\\/www.visit-stari-grad.com\\\/en\\\/what-to-see\\\/cinema-and-theatre\\\/petar-hektorovic-theatre\\\/#breadcrumb\"},\"inLanguage\":\"en-US\",\"potentialAction\":[{\"@type\":\"ReadAction\",\"target\":[\"https:\\\/\\\/www.visit-stari-grad.com\\\/en\\\/what-to-see\\\/cinema-and-theatre\\\/petar-hektorovic-theatre\\\/\"]}]},{\"@type\":\"ImageObject\",\"inLanguage\":\"en-US\",\"@id\":\"https:\\\/\\\/www.visit-stari-grad.com\\\/en\\\/what-to-see\\\/cinema-and-theatre\\\/petar-hektorovic-theatre\\\/#primaryimage\",\"url\":\"https:\\\/\\\/www.visit-stari-grad.com\\\/wp-content\\\/uploads\\\/elementor\\\/thumbs\\\/kino-stari-grad-oggyk1twqmco4rwzwp82ski6i8f71b29ul84ol176o.jpg\",\"contentUrl\":\"https:\\\/\\\/www.visit-stari-grad.com\\\/wp-content\\\/uploads\\\/elementor\\\/thumbs\\\/kino-stari-grad-oggyk1twqmco4rwzwp82ski6i8f71b29ul84ol176o.jpg\"},{\"@type\":\"BreadcrumbList\",\"@id\":\"https:\\\/\\\/www.visit-stari-grad.com\\\/en\\\/what-to-see\\\/cinema-and-theatre\\\/petar-hektorovic-theatre\\\/#breadcrumb\",\"itemListElement\":[{\"@type\":\"ListItem\",\"position\":1,\"name\":\"Po\u010detna stranica\",\"item\":\"https:\\\/\\\/www.visit-stari-grad.com\\\/en\\\/\"},{\"@type\":\"ListItem\",\"position\":2,\"name\":\"What to see\",\"item\":\"https:\\\/\\\/www.visit-stari-grad.com\\\/en\\\/sto-vidjeti\\\/\"},{\"@type\":\"ListItem\",\"position\":3,\"name\":\"Cinema and Theatre\",\"item\":\"https:\\\/\\\/www.visit-stari-grad.com\\\/en\\\/sto-vidjeti\\\/kino-i-kazaliste\\\/\"},{\"@type\":\"ListItem\",\"position\":4,\"name\":\"Petar Hektorovi\u0107 Theatre\"}]},{\"@type\":\"WebSite\",\"@id\":\"https:\\\/\\\/www.visit-stari-grad.com\\\/en\\\/#website\",\"url\":\"https:\\\/\\\/www.visit-stari-grad.com\\\/en\\\/\",\"name\":\"Visit Stari Grad Island Hvar\",\"description\":\"Welcome to Stari Grad Tourist Board official website where you can find all the informations for your perfect holiday on island Hvar.\",\"publisher\":{\"@id\":\"https:\\\/\\\/www.visit-stari-grad.com\\\/en\\\/#organization\"},\"potentialAction\":[{\"@type\":\"SearchAction\",\"target\":{\"@type\":\"EntryPoint\",\"urlTemplate\":\"https:\\\/\\\/www.visit-stari-grad.com\\\/en\\\/?s={search_term_string}\"},\"query-input\":{\"@type\":\"PropertyValueSpecification\",\"valueRequired\":true,\"valueName\":\"search_term_string\"}}],\"inLanguage\":\"en-US\"},{\"@type\":\"Organization\",\"@id\":\"https:\\\/\\\/www.visit-stari-grad.com\\\/en\\\/#organization\",\"name\":\"Turisti\u010dka zajednica grada Staroga Grada\",\"url\":\"https:\\\/\\\/www.visit-stari-grad.com\\\/en\\\/\",\"logo\":{\"@type\":\"ImageObject\",\"inLanguage\":\"en-US\",\"@id\":\"https:\\\/\\\/www.visit-stari-grad.com\\\/en\\\/#\\\/schema\\\/logo\\\/image\\\/\",\"url\":\"https:\\\/\\\/www.visit-stari-grad.com\\\/wp-content\\\/uploads\\\/2019\\\/05\\\/logo_TZ_Stari_Grad_w.png\",\"contentUrl\":\"https:\\\/\\\/www.visit-stari-grad.com\\\/wp-content\\\/uploads\\\/2019\\\/05\\\/logo_TZ_Stari_Grad_w.png\",\"width\":256,\"height\":72,\"caption\":\"Turisti\u010dka zajednica grada Staroga Grada\"},\"image\":{\"@id\":\"https:\\\/\\\/www.visit-stari-grad.com\\\/en\\\/#\\\/schema\\\/logo\\\/image\\\/\"}}]}<\/script>\n<!-- \/ Yoast SEO plugin. -->","yoast_head_json":{"title":"Petar Hektorovi\u0107 Theatre - Visit Stari Grad Island Hvar","robots":{"index":"index","follow":"follow","max-snippet":"max-snippet:-1","max-image-preview":"max-image-preview:large","max-video-preview":"max-video-preview:-1"},"canonical":"https:\/\/www.visit-stari-grad.com\/en\/what-to-see\/cinema-and-theatre\/petar-hektorovic-theatre\/","og_locale":"en_US","og_type":"article","og_title":"Petar Hektorovi\u0107 Theatre - Visit Stari Grad Island Hvar","og_description":"Petar Hektorovi\u0107 Theatre The amateur theatre Petar Hektorovi\u0107 was founded back in 1880, on the foundations of the the 16th century theatre scene in the age of Renaissance poet Petar Hektorovi\u0107. The theatrical life of that time took place in open spaces (church performances), and with the establishment of the amateur theatre, on top of [&hellip;]","og_url":"https:\/\/www.visit-stari-grad.com\/en\/what-to-see\/cinema-and-theatre\/petar-hektorovic-theatre\/","og_site_name":"Visit Stari Grad Island Hvar","article_modified_time":"2020-03-21T10:42:17+00:00","og_image":[{"url":"https:\/\/www.visit-stari-grad.com\/wp-content\/uploads\/elementor\/thumbs\/kino-stari-grad-oggyk1twqmco4rwzwp82ski6i8f71b29ul84ol176o.jpg","type":"","width":"","height":""}],"twitter_card":"summary_large_image","twitter_misc":{"Est. reading time":"1 minute"},"schema":{"@context":"https:\/\/schema.org","@graph":[{"@type":"WebPage","@id":"https:\/\/www.visit-stari-grad.com\/en\/what-to-see\/cinema-and-theatre\/petar-hektorovic-theatre\/","url":"https:\/\/www.visit-stari-grad.com\/en\/what-to-see\/cinema-and-theatre\/petar-hektorovic-theatre\/","name":"Petar Hektorovi\u0107 Theatre - Visit Stari Grad Island Hvar","isPartOf":{"@id":"https:\/\/www.visit-stari-grad.com\/en\/#website"},"primaryImageOfPage":{"@id":"https:\/\/www.visit-stari-grad.com\/en\/what-to-see\/cinema-and-theatre\/petar-hektorovic-theatre\/#primaryimage"},"image":{"@id":"https:\/\/www.visit-stari-grad.com\/en\/what-to-see\/cinema-and-theatre\/petar-hektorovic-theatre\/#primaryimage"},"thumbnailUrl":"https:\/\/www.visit-stari-grad.com\/wp-content\/uploads\/elementor\/thumbs\/kino-stari-grad-oggyk1twqmco4rwzwp82ski6i8f71b29ul84ol176o.jpg","datePublished":"2020-03-18T13:46:58+00:00","dateModified":"2020-03-21T10:42:17+00:00","breadcrumb":{"@id":"https:\/\/www.visit-stari-grad.com\/en\/what-to-see\/cinema-and-theatre\/petar-hektorovic-theatre\/#breadcrumb"},"inLanguage":"en-US","potentialAction":[{"@type":"ReadAction","target":["https:\/\/www.visit-stari-grad.com\/en\/what-to-see\/cinema-and-theatre\/petar-hektorovic-theatre\/"]}]},{"@type":"ImageObject","inLanguage":"en-US","@id":"https:\/\/www.visit-stari-grad.com\/en\/what-to-see\/cinema-and-theatre\/petar-hektorovic-theatre\/#primaryimage","url":"https:\/\/www.visit-stari-grad.com\/wp-content\/uploads\/elementor\/thumbs\/kino-stari-grad-oggyk1twqmco4rwzwp82ski6i8f71b29ul84ol176o.jpg","contentUrl":"https:\/\/www.visit-stari-grad.com\/wp-content\/uploads\/elementor\/thumbs\/kino-stari-grad-oggyk1twqmco4rwzwp82ski6i8f71b29ul84ol176o.jpg"},{"@type":"BreadcrumbList","@id":"https:\/\/www.visit-stari-grad.com\/en\/what-to-see\/cinema-and-theatre\/petar-hektorovic-theatre\/#breadcrumb","itemListElement":[{"@type":"ListItem","position":1,"name":"Po\u010detna stranica","item":"https:\/\/www.visit-stari-grad.com\/en\/"},{"@type":"ListItem","position":2,"name":"What to see","item":"https:\/\/www.visit-stari-grad.com\/en\/sto-vidjeti\/"},{"@type":"ListItem","position":3,"name":"Cinema and Theatre","item":"https:\/\/www.visit-stari-grad.com\/en\/sto-vidjeti\/kino-i-kazaliste\/"},{"@type":"ListItem","position":4,"name":"Petar Hektorovi\u0107 Theatre"}]},{"@type":"WebSite","@id":"https:\/\/www.visit-stari-grad.com\/en\/#website","url":"https:\/\/www.visit-stari-grad.com\/en\/","name":"Visit Stari Grad Island Hvar","description":"Welcome to Stari Grad Tourist Board official website where you can find all the informations for your perfect holiday on island Hvar.","publisher":{"@id":"https:\/\/www.visit-stari-grad.com\/en\/#organization"},"potentialAction":[{"@type":"SearchAction","target":{"@type":"EntryPoint","urlTemplate":"https:\/\/www.visit-stari-grad.com\/en\/?s={search_term_string}"},"query-input":{"@type":"PropertyValueSpecification","valueRequired":true,"valueName":"search_term_string"}}],"inLanguage":"en-US"},{"@type":"Organization","@id":"https:\/\/www.visit-stari-grad.com\/en\/#organization","name":"Turisti\u010dka zajednica grada Staroga Grada","url":"https:\/\/www.visit-stari-grad.com\/en\/","logo":{"@type":"ImageObject","inLanguage":"en-US","@id":"https:\/\/www.visit-stari-grad.com\/en\/#\/schema\/logo\/image\/","url":"https:\/\/www.visit-stari-grad.com\/wp-content\/uploads\/2019\/05\/logo_TZ_Stari_Grad_w.png","contentUrl":"https:\/\/www.visit-stari-grad.com\/wp-content\/uploads\/2019\/05\/logo_TZ_Stari_Grad_w.png","width":256,"height":72,"caption":"Turisti\u010dka zajednica grada Staroga Grada"},"image":{"@id":"https:\/\/www.visit-stari-grad.com\/en\/#\/schema\/logo\/image\/"}}]}},"_links":{"self":[{"href":"https:\/\/www.visit-stari-grad.com\/en\/wp-json\/wp\/v2\/pages\/5450","targetHints":{"allow":["GET"]}}],"collection":[{"href":"https:\/\/www.visit-stari-grad.com\/en\/wp-json\/wp\/v2\/pages"}],"about":[{"href":"https:\/\/www.visit-stari-grad.com\/en\/wp-json\/wp\/v2\/types\/page"}],"author":[{"embeddable":true,"href":"https:\/\/www.visit-stari-grad.com\/en\/wp-json\/wp\/v2\/users\/1"}],"replies":[{"embeddable":true,"href":"https:\/\/www.visit-stari-grad.com\/en\/wp-json\/wp\/v2\/comments?post=5450"}],"version-history":[{"count":0,"href":"https:\/\/www.visit-stari-grad.com\/en\/wp-json\/wp\/v2\/pages\/5450\/revisions"}],"up":[{"embeddable":true,"href":"https:\/\/www.visit-stari-grad.com\/en\/wp-json\/wp\/v2\/pages\/6050"}],"wp:attachment":[{"href":"https:\/\/www.visit-stari-grad.com\/en\/wp-json\/wp\/v2\/media?parent=5450"}],"curies":[{"name":"wp","href":"https:\/\/api.w.org\/{rel}","templated":true}]}}