{"id":5754,"date":"2020-03-18T20:25:40","date_gmt":"2020-03-18T19:25:40","guid":{"rendered":"https:\/\/www.visit-stari-grad.com\/beaches\/zukova-bay\/"},"modified":"2020-03-20T11:47:08","modified_gmt":"2020-03-20T10:47:08","slug":"zukova-bay","status":"publish","type":"page","link":"https:\/\/www.visit-stari-grad.com\/en\/what-to-do\/beaches\/zukova-bay\/","title":{"rendered":"\u017dukova Bay"},"content":{"rendered":"\t\t<div data-elementor-type=\"wp-page\" data-elementor-id=\"5754\" class=\"elementor elementor-5754 elementor-3905\" data-elementor-post-type=\"page\">\n\t\t\t\t\t\t<section class=\"elementor-section elementor-top-section elementor-element elementor-element-310e4c70 elementor-section-stretched elementor-section-boxed elementor-section-height-default elementor-section-height-default\" data-id=\"310e4c70\" data-element_type=\"section\" data-e-type=\"section\" data-settings=\"{&quot;stretch_section&quot;:&quot;section-stretched&quot;,&quot;background_background&quot;:&quot;classic&quot;}\">\n\t\t\t\t\t\t\t<div class=\"elementor-background-overlay\"><\/div>\n\t\t\t\t\t\t\t<div class=\"elementor-container elementor-column-gap-default\">\n\t\t\t\t\t<div class=\"elementor-column elementor-col-100 elementor-top-column elementor-element elementor-element-66e210cd elementor-invisible\" data-id=\"66e210cd\" data-element_type=\"column\" data-e-type=\"column\" data-settings=\"{&quot;background_background&quot;:&quot;classic&quot;,&quot;animation&quot;:&quot;fadeInLeft&quot;,&quot;animation_delay&quot;:&quot;300&quot;}\">\n\t\t\t<div class=\"elementor-widget-wrap elementor-element-populated\">\n\t\t\t\t\t<div class=\"elementor-background-overlay\"><\/div>\n\t\t\t\t\t\t<div class=\"elementor-element elementor-element-6f41cc48 elementor-invisible elementor-widget elementor-widget-heading\" data-id=\"6f41cc48\" data-element_type=\"widget\" data-e-type=\"widget\" data-settings=\"{&quot;_animation&quot;:&quot;fadeInLeft&quot;,&quot;_animation_delay&quot;:&quot;700&quot;}\" data-widget_type=\"heading.default\">\n\t\t\t\t<div class=\"elementor-widget-container\">\n\t\t\t\t\t<h1 class=\"elementor-heading-title elementor-size-default\">\u017dukova Bay<\/h1>\t\t\t\t<\/div>\n\t\t\t\t<\/div>\n\t\t\t\t\t<\/div>\n\t\t<\/div>\n\t\t\t\t\t<\/div>\n\t\t<\/section>\n\t\t\t\t<section class=\"elementor-section elementor-top-section elementor-element elementor-element-6ebce0d8 elementor-section-boxed elementor-section-height-default elementor-section-height-default\" data-id=\"6ebce0d8\" data-element_type=\"section\" data-e-type=\"section\">\n\t\t\t\t\t\t<div class=\"elementor-container elementor-column-gap-default\">\n\t\t\t\t\t<div class=\"elementor-column elementor-col-100 elementor-top-column elementor-element elementor-element-3f0a5c26\" data-id=\"3f0a5c26\" data-element_type=\"column\" data-e-type=\"column\">\n\t\t\t<div class=\"elementor-widget-wrap elementor-element-populated\">\n\t\t\t\t\t\t<section class=\"elementor-section elementor-inner-section elementor-element elementor-element-647f6843 elementor-section-content-top elementor-section-boxed elementor-section-height-default elementor-section-height-default\" data-id=\"647f6843\" data-element_type=\"section\" data-e-type=\"section\">\n\t\t\t\t\t\t<div class=\"elementor-container elementor-column-gap-default\">\n\t\t\t\t\t<div class=\"elementor-column elementor-col-66 elementor-inner-column elementor-element elementor-element-39d4447\" data-id=\"39d4447\" data-element_type=\"column\" data-e-type=\"column\">\n\t\t\t<div class=\"elementor-widget-wrap elementor-element-populated\">\n\t\t\t\t\t\t<div class=\"elementor-element elementor-element-5fef5250 elementor-widget elementor-widget-text-editor\" data-id=\"5fef5250\" data-element_type=\"widget\" data-e-type=\"widget\" data-widget_type=\"text-editor.default\">\n\t\t\t\t<div class=\"elementor-widget-container\">\n\t\t\t\t\t\t\t\t\t<p>Just outside the <strong>Rudina<\/strong> settlement, lies the beautiful <strong>\u017dukova Bay<\/strong> \u2013 the perfect choice for those looking for some peace and solitude immersed in the shade of the pine trees and beautiful, clear sea.<br \/>\nSituated in a natural environment, between <strong>rocky<\/strong> outgrowths with only a small portion of it being a pebble shore, the beach is an idyllic <strong>secluded place<\/strong> for a complete rest in a natural oasis.<br \/>\nIf you decide to make a day of it, be sure to bring your own food and drinks since there are no catering facilities nearby.<\/p>\n\t\t\t\t\t\t\t\t<\/div>\n\t\t\t\t<\/div>\n\t\t\t\t\t<\/div>\n\t\t<\/div>\n\t\t\t\t<div class=\"elementor-column elementor-col-33 elementor-inner-column elementor-element elementor-element-29d55661\" data-id=\"29d55661\" data-element_type=\"column\" data-e-type=\"column\">\n\t\t\t<div class=\"elementor-widget-wrap elementor-element-populated\">\n\t\t\t\t\t\t<div class=\"elementor-element elementor-element-2d6360af elementor-cta--valign-middle elementor-cta--skin-classic elementor-animated-content elementor-bg-transform elementor-bg-transform-zoom-in elementor-widget elementor-widget-call-to-action\" data-id=\"2d6360af\" data-element_type=\"widget\" data-e-type=\"widget\" data-widget_type=\"call-to-action.default\">\n\t\t\t\t<div class=\"elementor-widget-container\">\n\t\t\t\t\t\t\t<a class=\"elementor-cta\" href=\"https:\/\/www.google.com\/maps\/place\/Muzej+Staroga+Grada\/@43.1828721,16.5954602,15z\/data=!4m2!3m1!1s0x0:0x3226014d1a3bc6f0?sa=X&#038;ved=2ahUKEwiLstTGiKbjAhV15KYKHU0VB8YQ_BIwCnoECA8QCA\">\n\t\t\t\t\t\t\t<div class=\"elementor-cta__content\">\n\t\t\t\t\t\t\t\t\t<div class=\"elementor-content-item elementor-cta__content-item elementor-icon-wrapper elementor-cta__icon elementor-view-default\">\n\t\t\t\t\t\t<div class=\"elementor-icon\">\n\t\t\t\t\t\t\t<i aria-hidden=\"true\" class=\"fas fa-map-marker-alt\"><\/i>\t\t\t\t\t\t<\/div>\n\t\t\t\t\t<\/div>\n\t\t\t\t\n\t\t\t\t\t\t\t\t\t<h2 class=\"elementor-cta__title elementor-cta__content-item elementor-content-item\">\n\t\t\t\t\t\tSHOW ON MAP\t\t\t\t\t<\/h2>\n\t\t\t\t\n\t\t\t\t\n\t\t\t\t\t\t\t<\/div>\n\t\t\t\t\t\t<\/a>\n\t\t\t\t\t\t<\/div>\n\t\t\t\t<\/div>\n\t\t\t\t\t<\/div>\n\t\t<\/div>\n\t\t\t\t\t<\/div>\n\t\t<\/section>\n\t\t\t\t\t<\/div>\n\t\t<\/div>\n\t\t\t\t\t<\/div>\n\t\t<\/section>\n\t\t\t\t<section class=\"elementor-section elementor-top-section elementor-element elementor-element-3a7ba622 elementor-section-full_width elementor-section-height-default elementor-section-height-default\" data-id=\"3a7ba622\" data-element_type=\"section\" data-e-type=\"section\">\n\t\t\t\t\t\t<div class=\"elementor-container elementor-column-gap-no\">\n\t\t\t\t\t<div class=\"elementor-column elementor-col-100 elementor-top-column elementor-element elementor-element-61f05b4e\" data-id=\"61f05b4e\" data-element_type=\"column\" data-e-type=\"column\">\n\t\t\t<div class=\"elementor-widget-wrap elementor-element-populated\">\n\t\t\t\t\t\t<div class=\"elementor-element elementor-element-668dde21 elementor-arrows-position-inside elementor-widget elementor-widget-image-carousel\" data-id=\"668dde21\" data-element_type=\"widget\" data-e-type=\"widget\" data-settings=\"{&quot;slides_to_show&quot;:&quot;3&quot;,&quot;slides_to_scroll&quot;:&quot;1&quot;,&quot;navigation&quot;:&quot;arrows&quot;,&quot;autoplay_speed&quot;:3500,&quot;autoplay&quot;:&quot;yes&quot;,&quot;pause_on_hover&quot;:&quot;yes&quot;,&quot;pause_on_interaction&quot;:&quot;yes&quot;,&quot;infinite&quot;:&quot;yes&quot;,&quot;speed&quot;:500}\" data-widget_type=\"image-carousel.default\">\n\t\t\t\t<div class=\"elementor-widget-container\">\n\t\t\t\t\t\t\t<div class=\"elementor-image-carousel-wrapper swiper\" role=\"region\" aria-roledescription=\"carousel\" aria-label=\"Image Carousel\" dir=\"rtl\">\n\t\t\t<div class=\"elementor-image-carousel swiper-wrapper\" aria-live=\"off\">\n\t\t\t\t\t\t\t\t<div class=\"swiper-slide\" role=\"group\" aria-roledescription=\"slide\" aria-label=\"1 of 3\"><a data-elementor-open-lightbox=\"yes\" data-elementor-lightbox-slideshow=\"668dde21\" data-elementor-lightbox-title=\"DSCF7056\" data-e-action-hash=\"#elementor-action%3Aaction%3Dlightbox%26settings%3DeyJpZCI6NDY4MCwidXJsIjoiaHR0cHM6XC9cL3d3dy52aXNpdC1zdGFyaS1ncmFkLmNvbVwvd3AtY29udGVudFwvdXBsb2Fkc1wvMjAyMFwvMDJcL0RTQ0Y3MDU2LmpwZyIsInNsaWRlc2hvdyI6IjY2OGRkZTIxIn0%3D\" href=\"https:\/\/www.visit-stari-grad.com\/wp-content\/uploads\/2020\/02\/DSCF7056.jpg\"><figure class=\"swiper-slide-inner\"><img decoding=\"async\" class=\"swiper-slide-image\" src=\"https:\/\/www.visit-stari-grad.com\/wp-content\/uploads\/elementor\/thumbs\/DSCF7056-okyxe9xgexmibxlpmjt59geavzn3jy3t5qnccl1tb4.jpg\" alt=\"DSCF7056\" \/><\/figure><\/a><\/div><div class=\"swiper-slide\" role=\"group\" aria-roledescription=\"slide\" aria-label=\"2 of 3\"><a data-elementor-open-lightbox=\"yes\" data-elementor-lightbox-slideshow=\"668dde21\" data-elementor-lightbox-title=\"\u017eukova\" data-e-action-hash=\"#elementor-action%3Aaction%3Dlightbox%26settings%3DeyJpZCI6NDY4MSwidXJsIjoiaHR0cHM6XC9cL3d3dy52aXNpdC1zdGFyaS1ncmFkLmNvbVwvd3AtY29udGVudFwvdXBsb2Fkc1wvMjAyMFwvMDJcL1x1MDE3ZXVrb3ZhLmpwZyIsInNsaWRlc2hvdyI6IjY2OGRkZTIxIn0%3D\" href=\"https:\/\/www.visit-stari-grad.com\/wp-content\/uploads\/2020\/02\/\u017eukova.jpg\"><figure class=\"swiper-slide-inner\"><img decoding=\"async\" class=\"swiper-slide-image\" src=\"https:\/\/www.visit-stari-grad.com\/wp-content\/uploads\/elementor\/thumbs\/\u017eukova-omwtscng3clxragp7lx28d5m8gottkfcszfsje8q00.jpg\" alt=\"\u017eukova\" \/><\/figure><\/a><\/div><div class=\"swiper-slide\" role=\"group\" aria-roledescription=\"slide\" aria-label=\"3 of 3\"><a data-elementor-open-lightbox=\"yes\" data-elementor-lightbox-slideshow=\"668dde21\" data-elementor-lightbox-title=\"lev 1_9\" data-e-action-hash=\"#elementor-action%3Aaction%3Dlightbox%26settings%3DeyJpZCI6NDY4MiwidXJsIjoiaHR0cHM6XC9cL3d3dy52aXNpdC1zdGFyaS1ncmFkLmNvbVwvd3AtY29udGVudFwvdXBsb2Fkc1wvMjAyMFwvMDJcL2xldi0xXzkuanBnIiwic2xpZGVzaG93IjoiNjY4ZGRlMjEifQ%3D%3D\" href=\"https:\/\/www.visit-stari-grad.com\/wp-content\/uploads\/2020\/02\/lev-1_9.jpg\"><figure class=\"swiper-slide-inner\"><img decoding=\"async\" class=\"swiper-slide-image\" src=\"https:\/\/www.visit-stari-grad.com\/wp-content\/uploads\/elementor\/thumbs\/lev-1_9-omwtm400py2eohj0net86fug9dg3pwnia3iqu9htb4.jpg\" alt=\"lev 1_9\" \/><\/figure><\/a><\/div>\t\t\t<\/div>\n\t\t\t\t\t\t\t\t\t\t\t\t<div class=\"elementor-swiper-button elementor-swiper-button-prev\" role=\"button\" tabindex=\"0\">\n\t\t\t\t\t\t<i aria-hidden=\"true\" class=\"eicon-chevron-left\"><\/i>\t\t\t\t\t<\/div>\n\t\t\t\t\t<div class=\"elementor-swiper-button elementor-swiper-button-next\" role=\"button\" tabindex=\"0\">\n\t\t\t\t\t\t<i aria-hidden=\"true\" class=\"eicon-chevron-right\"><\/i>\t\t\t\t\t<\/div>\n\t\t\t\t\n\t\t\t\t\t\t\t\t\t<\/div>\n\t\t\t\t\t\t<\/div>\n\t\t\t\t<\/div>\n\t\t\t\t\t<\/div>\n\t\t<\/div>\n\t\t\t\t\t<\/div>\n\t\t<\/section>\n\t\t\t\t<\/div>\n\t\t","protected":false},"excerpt":{"rendered":"<p>\u017dukova Bay Just outside the Rudina settlement, lies the beautiful \u017dukova Bay \u2013 the perfect choice for those looking for some peace and solitude immersed in the shade of the pine trees and beautiful, clear sea. Situated in a natural environment, between rocky outgrowths with only a small portion of it being a pebble shore, [&hellip;]<\/p>\n","protected":false},"author":1,"featured_media":0,"parent":5733,"menu_order":0,"comment_status":"closed","ping_status":"closed","template":"","meta":{"site-sidebar-layout":"no-sidebar","site-content-layout":"page-builder","ast-site-content-layout":"default","site-content-style":"default","site-sidebar-style":"default","ast-global-header-display":"","ast-banner-title-visibility":"","ast-main-header-display":"","ast-hfb-above-header-display":"","ast-hfb-below-header-display":"","ast-hfb-mobile-header-display":"","site-post-title":"disabled","ast-breadcrumbs-content":"","ast-featured-img":"disabled","footer-sml-layout":"","ast-disable-related-posts":"","theme-transparent-header-meta":"default","adv-header-id-meta":"","stick-header-meta":"default","header-above-stick-meta":"","header-main-stick-meta":"","header-below-stick-meta":"","astra-migrate-meta-layouts":"default","ast-page-background-enabled":"default","ast-page-background-meta":{"desktop":{"background-color":"","background-image":"","background-repeat":"repeat","background-position":"center center","background-size":"auto","background-attachment":"scroll","background-type":"","background-media":"","overlay-type":"","overlay-color":"","overlay-opacity":"","overlay-gradient":""},"tablet":{"background-color":"","background-image":"","background-repeat":"repeat","background-position":"center center","background-size":"auto","background-attachment":"scroll","background-type":"","background-media":"","overlay-type":"","overlay-color":"","overlay-opacity":"","overlay-gradient":""},"mobile":{"background-color":"","background-image":"","background-repeat":"repeat","background-position":"center center","background-size":"auto","background-attachment":"scroll","background-type":"","background-media":"","overlay-type":"","overlay-color":"","overlay-opacity":"","overlay-gradient":""}},"ast-content-background-meta":{"desktop":{"background-color":"var(--ast-global-color-5)","background-image":"","background-repeat":"repeat","background-position":"center center","background-size":"auto","background-attachment":"scroll","background-type":"","background-media":"","overlay-type":"","overlay-color":"","overlay-opacity":"","overlay-gradient":""},"tablet":{"background-color":"var(--ast-global-color-5)","background-image":"","background-repeat":"repeat","background-position":"center center","background-size":"auto","background-attachment":"scroll","background-type":"","background-media":"","overlay-type":"","overlay-color":"","overlay-opacity":"","overlay-gradient":""},"mobile":{"background-color":"var(--ast-global-color-5)","background-image":"","background-repeat":"repeat","background-position":"center center","background-size":"auto","background-attachment":"scroll","background-type":"","background-media":"","overlay-type":"","overlay-color":"","overlay-opacity":"","overlay-gradient":""}},"footnotes":""},"class_list":["post-5754","page","type-page","status-publish","hentry"],"yoast_head":"<!-- This site is optimized with the Yoast SEO plugin v27.4 - https:\/\/yoast.com\/product\/yoast-seo-wordpress\/ -->\n<title>\u017dukova Bay - Visit Stari Grad Island Hvar<\/title>\n<meta name=\"robots\" content=\"index, follow, max-snippet:-1, max-image-preview:large, max-video-preview:-1\" \/>\n<link rel=\"canonical\" href=\"https:\/\/www.visit-stari-grad.com\/en\/what-to-do\/beaches\/zukova-bay\/\" \/>\n<meta property=\"og:locale\" content=\"en_US\" \/>\n<meta property=\"og:type\" content=\"article\" \/>\n<meta property=\"og:title\" content=\"\u017dukova Bay - Visit Stari Grad Island Hvar\" \/>\n<meta property=\"og:description\" content=\"\u017dukova Bay Just outside the Rudina settlement, lies the beautiful \u017dukova Bay \u2013 the perfect choice for those looking for some peace and solitude immersed in the shade of the pine trees and beautiful, clear sea. Situated in a natural environment, between rocky outgrowths with only a small portion of it being a pebble shore, [&hellip;]\" \/>\n<meta property=\"og:url\" content=\"https:\/\/www.visit-stari-grad.com\/en\/what-to-do\/beaches\/zukova-bay\/\" \/>\n<meta property=\"og:site_name\" content=\"Visit Stari Grad Island Hvar\" \/>\n<meta property=\"article:modified_time\" content=\"2020-03-20T10:47:08+00:00\" \/>\n<meta property=\"og:image\" content=\"https:\/\/www.visit-stari-grad.com\/wp-content\/uploads\/elementor\/thumbs\/DSCF7056-okyxe9xgexmibxlpmjt59geavzn3jy3t5qnccl1tb4.jpg\" \/>\n<meta name=\"twitter:card\" content=\"summary_large_image\" \/>\n<meta name=\"twitter:label1\" content=\"Est. reading time\" \/>\n\t<meta name=\"twitter:data1\" content=\"1 minute\" \/>\n<script type=\"application\/ld+json\" class=\"yoast-schema-graph\">{\"@context\":\"https:\\\/\\\/schema.org\",\"@graph\":[{\"@type\":\"WebPage\",\"@id\":\"https:\\\/\\\/www.visit-stari-grad.com\\\/en\\\/what-to-do\\\/beaches\\\/zukova-bay\\\/\",\"url\":\"https:\\\/\\\/www.visit-stari-grad.com\\\/en\\\/what-to-do\\\/beaches\\\/zukova-bay\\\/\",\"name\":\"\u017dukova Bay - Visit Stari Grad Island Hvar\",\"isPartOf\":{\"@id\":\"https:\\\/\\\/www.visit-stari-grad.com\\\/en\\\/#website\"},\"primaryImageOfPage\":{\"@id\":\"https:\\\/\\\/www.visit-stari-grad.com\\\/en\\\/what-to-do\\\/beaches\\\/zukova-bay\\\/#primaryimage\"},\"image\":{\"@id\":\"https:\\\/\\\/www.visit-stari-grad.com\\\/en\\\/what-to-do\\\/beaches\\\/zukova-bay\\\/#primaryimage\"},\"thumbnailUrl\":\"https:\\\/\\\/www.visit-stari-grad.com\\\/wp-content\\\/uploads\\\/elementor\\\/thumbs\\\/DSCF7056-okyxe9xgexmibxlpmjt59geavzn3jy3t5qnccl1tb4.jpg\",\"datePublished\":\"2020-03-18T19:25:40+00:00\",\"dateModified\":\"2020-03-20T10:47:08+00:00\",\"breadcrumb\":{\"@id\":\"https:\\\/\\\/www.visit-stari-grad.com\\\/en\\\/what-to-do\\\/beaches\\\/zukova-bay\\\/#breadcrumb\"},\"inLanguage\":\"en-US\",\"potentialAction\":[{\"@type\":\"ReadAction\",\"target\":[\"https:\\\/\\\/www.visit-stari-grad.com\\\/en\\\/what-to-do\\\/beaches\\\/zukova-bay\\\/\"]}]},{\"@type\":\"ImageObject\",\"inLanguage\":\"en-US\",\"@id\":\"https:\\\/\\\/www.visit-stari-grad.com\\\/en\\\/what-to-do\\\/beaches\\\/zukova-bay\\\/#primaryimage\",\"url\":\"https:\\\/\\\/www.visit-stari-grad.com\\\/wp-content\\\/uploads\\\/elementor\\\/thumbs\\\/DSCF7056-okyxe9xgexmibxlpmjt59geavzn3jy3t5qnccl1tb4.jpg\",\"contentUrl\":\"https:\\\/\\\/www.visit-stari-grad.com\\\/wp-content\\\/uploads\\\/elementor\\\/thumbs\\\/DSCF7056-okyxe9xgexmibxlpmjt59geavzn3jy3t5qnccl1tb4.jpg\"},{\"@type\":\"BreadcrumbList\",\"@id\":\"https:\\\/\\\/www.visit-stari-grad.com\\\/en\\\/what-to-do\\\/beaches\\\/zukova-bay\\\/#breadcrumb\",\"itemListElement\":[{\"@type\":\"ListItem\",\"position\":1,\"name\":\"Po\u010detna stranica\",\"item\":\"https:\\\/\\\/www.visit-stari-grad.com\\\/en\\\/\"},{\"@type\":\"ListItem\",\"position\":2,\"name\":\"What to do\",\"item\":\"https:\\\/\\\/www.visit-stari-grad.com\\\/en\\\/what-to-do\\\/\"},{\"@type\":\"ListItem\",\"position\":3,\"name\":\"Beaches\",\"item\":\"https:\\\/\\\/www.visit-stari-grad.com\\\/en\\\/what-to-do\\\/beaches\\\/\"},{\"@type\":\"ListItem\",\"position\":4,\"name\":\"\u017dukova Bay\"}]},{\"@type\":\"WebSite\",\"@id\":\"https:\\\/\\\/www.visit-stari-grad.com\\\/en\\\/#website\",\"url\":\"https:\\\/\\\/www.visit-stari-grad.com\\\/en\\\/\",\"name\":\"Visit Stari Grad Island Hvar\",\"description\":\"Welcome to Stari Grad Tourist Board official website where you can find all the informations for your perfect holiday on island Hvar.\",\"publisher\":{\"@id\":\"https:\\\/\\\/www.visit-stari-grad.com\\\/en\\\/#organization\"},\"potentialAction\":[{\"@type\":\"SearchAction\",\"target\":{\"@type\":\"EntryPoint\",\"urlTemplate\":\"https:\\\/\\\/www.visit-stari-grad.com\\\/en\\\/?s={search_term_string}\"},\"query-input\":{\"@type\":\"PropertyValueSpecification\",\"valueRequired\":true,\"valueName\":\"search_term_string\"}}],\"inLanguage\":\"en-US\"},{\"@type\":\"Organization\",\"@id\":\"https:\\\/\\\/www.visit-stari-grad.com\\\/en\\\/#organization\",\"name\":\"Turisti\u010dka zajednica grada Staroga Grada\",\"url\":\"https:\\\/\\\/www.visit-stari-grad.com\\\/en\\\/\",\"logo\":{\"@type\":\"ImageObject\",\"inLanguage\":\"en-US\",\"@id\":\"https:\\\/\\\/www.visit-stari-grad.com\\\/en\\\/#\\\/schema\\\/logo\\\/image\\\/\",\"url\":\"https:\\\/\\\/www.visit-stari-grad.com\\\/wp-content\\\/uploads\\\/2019\\\/05\\\/logo_TZ_Stari_Grad_w.png\",\"contentUrl\":\"https:\\\/\\\/www.visit-stari-grad.com\\\/wp-content\\\/uploads\\\/2019\\\/05\\\/logo_TZ_Stari_Grad_w.png\",\"width\":256,\"height\":72,\"caption\":\"Turisti\u010dka zajednica grada Staroga Grada\"},\"image\":{\"@id\":\"https:\\\/\\\/www.visit-stari-grad.com\\\/en\\\/#\\\/schema\\\/logo\\\/image\\\/\"}}]}<\/script>\n<!-- \/ Yoast SEO plugin. -->","yoast_head_json":{"title":"\u017dukova Bay - Visit Stari Grad Island Hvar","robots":{"index":"index","follow":"follow","max-snippet":"max-snippet:-1","max-image-preview":"max-image-preview:large","max-video-preview":"max-video-preview:-1"},"canonical":"https:\/\/www.visit-stari-grad.com\/en\/what-to-do\/beaches\/zukova-bay\/","og_locale":"en_US","og_type":"article","og_title":"\u017dukova Bay - Visit Stari Grad Island Hvar","og_description":"\u017dukova Bay Just outside the Rudina settlement, lies the beautiful \u017dukova Bay \u2013 the perfect choice for those looking for some peace and solitude immersed in the shade of the pine trees and beautiful, clear sea. Situated in a natural environment, between rocky outgrowths with only a small portion of it being a pebble shore, [&hellip;]","og_url":"https:\/\/www.visit-stari-grad.com\/en\/what-to-do\/beaches\/zukova-bay\/","og_site_name":"Visit Stari Grad Island Hvar","article_modified_time":"2020-03-20T10:47:08+00:00","og_image":[{"url":"https:\/\/www.visit-stari-grad.com\/wp-content\/uploads\/elementor\/thumbs\/DSCF7056-okyxe9xgexmibxlpmjt59geavzn3jy3t5qnccl1tb4.jpg","type":"","width":"","height":""}],"twitter_card":"summary_large_image","twitter_misc":{"Est. reading time":"1 minute"},"schema":{"@context":"https:\/\/schema.org","@graph":[{"@type":"WebPage","@id":"https:\/\/www.visit-stari-grad.com\/en\/what-to-do\/beaches\/zukova-bay\/","url":"https:\/\/www.visit-stari-grad.com\/en\/what-to-do\/beaches\/zukova-bay\/","name":"\u017dukova Bay - Visit Stari Grad Island Hvar","isPartOf":{"@id":"https:\/\/www.visit-stari-grad.com\/en\/#website"},"primaryImageOfPage":{"@id":"https:\/\/www.visit-stari-grad.com\/en\/what-to-do\/beaches\/zukova-bay\/#primaryimage"},"image":{"@id":"https:\/\/www.visit-stari-grad.com\/en\/what-to-do\/beaches\/zukova-bay\/#primaryimage"},"thumbnailUrl":"https:\/\/www.visit-stari-grad.com\/wp-content\/uploads\/elementor\/thumbs\/DSCF7056-okyxe9xgexmibxlpmjt59geavzn3jy3t5qnccl1tb4.jpg","datePublished":"2020-03-18T19:25:40+00:00","dateModified":"2020-03-20T10:47:08+00:00","breadcrumb":{"@id":"https:\/\/www.visit-stari-grad.com\/en\/what-to-do\/beaches\/zukova-bay\/#breadcrumb"},"inLanguage":"en-US","potentialAction":[{"@type":"ReadAction","target":["https:\/\/www.visit-stari-grad.com\/en\/what-to-do\/beaches\/zukova-bay\/"]}]},{"@type":"ImageObject","inLanguage":"en-US","@id":"https:\/\/www.visit-stari-grad.com\/en\/what-to-do\/beaches\/zukova-bay\/#primaryimage","url":"https:\/\/www.visit-stari-grad.com\/wp-content\/uploads\/elementor\/thumbs\/DSCF7056-okyxe9xgexmibxlpmjt59geavzn3jy3t5qnccl1tb4.jpg","contentUrl":"https:\/\/www.visit-stari-grad.com\/wp-content\/uploads\/elementor\/thumbs\/DSCF7056-okyxe9xgexmibxlpmjt59geavzn3jy3t5qnccl1tb4.jpg"},{"@type":"BreadcrumbList","@id":"https:\/\/www.visit-stari-grad.com\/en\/what-to-do\/beaches\/zukova-bay\/#breadcrumb","itemListElement":[{"@type":"ListItem","position":1,"name":"Po\u010detna stranica","item":"https:\/\/www.visit-stari-grad.com\/en\/"},{"@type":"ListItem","position":2,"name":"What to do","item":"https:\/\/www.visit-stari-grad.com\/en\/what-to-do\/"},{"@type":"ListItem","position":3,"name":"Beaches","item":"https:\/\/www.visit-stari-grad.com\/en\/what-to-do\/beaches\/"},{"@type":"ListItem","position":4,"name":"\u017dukova Bay"}]},{"@type":"WebSite","@id":"https:\/\/www.visit-stari-grad.com\/en\/#website","url":"https:\/\/www.visit-stari-grad.com\/en\/","name":"Visit Stari Grad Island Hvar","description":"Welcome to Stari Grad Tourist Board official website where you can find all the informations for your perfect holiday on island Hvar.","publisher":{"@id":"https:\/\/www.visit-stari-grad.com\/en\/#organization"},"potentialAction":[{"@type":"SearchAction","target":{"@type":"EntryPoint","urlTemplate":"https:\/\/www.visit-stari-grad.com\/en\/?s={search_term_string}"},"query-input":{"@type":"PropertyValueSpecification","valueRequired":true,"valueName":"search_term_string"}}],"inLanguage":"en-US"},{"@type":"Organization","@id":"https:\/\/www.visit-stari-grad.com\/en\/#organization","name":"Turisti\u010dka zajednica grada Staroga Grada","url":"https:\/\/www.visit-stari-grad.com\/en\/","logo":{"@type":"ImageObject","inLanguage":"en-US","@id":"https:\/\/www.visit-stari-grad.com\/en\/#\/schema\/logo\/image\/","url":"https:\/\/www.visit-stari-grad.com\/wp-content\/uploads\/2019\/05\/logo_TZ_Stari_Grad_w.png","contentUrl":"https:\/\/www.visit-stari-grad.com\/wp-content\/uploads\/2019\/05\/logo_TZ_Stari_Grad_w.png","width":256,"height":72,"caption":"Turisti\u010dka zajednica grada Staroga Grada"},"image":{"@id":"https:\/\/www.visit-stari-grad.com\/en\/#\/schema\/logo\/image\/"}}]}},"_links":{"self":[{"href":"https:\/\/www.visit-stari-grad.com\/en\/wp-json\/wp\/v2\/pages\/5754","targetHints":{"allow":["GET"]}}],"collection":[{"href":"https:\/\/www.visit-stari-grad.com\/en\/wp-json\/wp\/v2\/pages"}],"about":[{"href":"https:\/\/www.visit-stari-grad.com\/en\/wp-json\/wp\/v2\/types\/page"}],"author":[{"embeddable":true,"href":"https:\/\/www.visit-stari-grad.com\/en\/wp-json\/wp\/v2\/users\/1"}],"replies":[{"embeddable":true,"href":"https:\/\/www.visit-stari-grad.com\/en\/wp-json\/wp\/v2\/comments?post=5754"}],"version-history":[{"count":0,"href":"https:\/\/www.visit-stari-grad.com\/en\/wp-json\/wp\/v2\/pages\/5754\/revisions"}],"up":[{"embeddable":true,"href":"https:\/\/www.visit-stari-grad.com\/en\/wp-json\/wp\/v2\/pages\/5733"}],"wp:attachment":[{"href":"https:\/\/www.visit-stari-grad.com\/en\/wp-json\/wp\/v2\/media?parent=5754"}],"curies":[{"name":"wp","href":"https:\/\/api.w.org\/{rel}","templated":true}]}}