{"id":5990,"date":"2020-03-19T18:32:29","date_gmt":"2020-03-19T17:32:29","guid":{"rendered":"https:\/\/www.visit-stari-grad.com\/what-to-do\/beaches\/maslinica-bay%e2%80%8b\/"},"modified":"2021-03-05T13:38:05","modified_gmt":"2021-03-05T12:38:05","slug":"maslinica-bay%e2%80%8b","status":"publish","type":"page","link":"https:\/\/www.visit-stari-grad.com\/en\/what-to-do\/beaches\/maslinica-bay%e2%80%8b\/","title":{"rendered":"Maslinica Bay\u200b"},"content":{"rendered":"\t\t<div data-elementor-type=\"wp-page\" data-elementor-id=\"5990\" class=\"elementor elementor-5990 elementor-3901\" data-elementor-post-type=\"page\">\n\t\t\t\t\t\t<section class=\"elementor-section elementor-top-section elementor-element elementor-element-2e7f4ed2 elementor-section-stretched elementor-section-boxed elementor-section-height-default elementor-section-height-default\" data-id=\"2e7f4ed2\" data-element_type=\"section\" data-e-type=\"section\" data-settings=\"{&quot;stretch_section&quot;:&quot;section-stretched&quot;,&quot;background_background&quot;:&quot;classic&quot;}\">\n\t\t\t\t\t\t\t<div class=\"elementor-background-overlay\"><\/div>\n\t\t\t\t\t\t\t<div class=\"elementor-container elementor-column-gap-default\">\n\t\t\t\t\t<div class=\"elementor-column elementor-col-100 elementor-top-column elementor-element elementor-element-7bfce63a elementor-invisible\" data-id=\"7bfce63a\" data-element_type=\"column\" data-e-type=\"column\" data-settings=\"{&quot;background_background&quot;:&quot;classic&quot;,&quot;animation&quot;:&quot;fadeInLeft&quot;,&quot;animation_delay&quot;:&quot;300&quot;}\">\n\t\t\t<div class=\"elementor-widget-wrap elementor-element-populated\">\n\t\t\t\t\t<div class=\"elementor-background-overlay\"><\/div>\n\t\t\t\t\t\t<div class=\"elementor-element elementor-element-59fd22ad elementor-invisible elementor-widget elementor-widget-heading\" data-id=\"59fd22ad\" data-element_type=\"widget\" data-e-type=\"widget\" data-settings=\"{&quot;_animation&quot;:&quot;fadeInLeft&quot;,&quot;_animation_delay&quot;:&quot;700&quot;}\" data-widget_type=\"heading.default\">\n\t\t\t\t<div class=\"elementor-widget-container\">\n\t\t\t\t\t<h1 class=\"elementor-heading-title elementor-size-default\">Pla\u017ea Maslinica<\/h1>\t\t\t\t<\/div>\n\t\t\t\t<\/div>\n\t\t\t\t\t<\/div>\n\t\t<\/div>\n\t\t\t\t\t<\/div>\n\t\t<\/section>\n\t\t\t\t<section class=\"elementor-section elementor-top-section elementor-element elementor-element-288e883b elementor-section-boxed elementor-section-height-default elementor-section-height-default\" data-id=\"288e883b\" data-element_type=\"section\" data-e-type=\"section\">\n\t\t\t\t\t\t<div class=\"elementor-container elementor-column-gap-default\">\n\t\t\t\t\t<div class=\"elementor-column elementor-col-100 elementor-top-column elementor-element elementor-element-12f469ef\" data-id=\"12f469ef\" data-element_type=\"column\" data-e-type=\"column\">\n\t\t\t<div class=\"elementor-widget-wrap elementor-element-populated\">\n\t\t\t\t\t\t<section class=\"elementor-section elementor-inner-section elementor-element elementor-element-6525d04a elementor-section-content-top elementor-section-boxed elementor-section-height-default elementor-section-height-default\" data-id=\"6525d04a\" data-element_type=\"section\" data-e-type=\"section\">\n\t\t\t\t\t\t<div class=\"elementor-container elementor-column-gap-default\">\n\t\t\t\t\t<div class=\"elementor-column elementor-col-66 elementor-inner-column elementor-element elementor-element-62f233f2\" data-id=\"62f233f2\" data-element_type=\"column\" data-e-type=\"column\">\n\t\t\t<div class=\"elementor-widget-wrap elementor-element-populated\">\n\t\t\t\t\t\t<div class=\"elementor-element elementor-element-d62a2e9 elementor-widget elementor-widget-text-editor\" data-id=\"d62a2e9\" data-element_type=\"widget\" data-e-type=\"widget\" data-widget_type=\"text-editor.default\">\n\t\t\t\t<div class=\"elementor-widget-container\">\n\t\t\t\t\t\t\t\t\t<p>Jedina <strong>pje\u0161\u010dana<\/strong> pla\u017ea u starogradskoj uvali udaljena je svega<strong> 2 km<\/strong> od sredi\u0161ta grada. Do nje mo\u017eete do\u0107i ure\u0111enom stazom uz more, pje\u0161ice, biciklom, a dostupan je i prilaz automobilom.<\/p>\n<p>U neposrednoj blizini pla\u017ee nalazi se manje <strong>parkirali\u0161te<\/strong> s ozna\u010denim mjestima za osobe s invaliditetom.<\/p>\n\t\t\t\t\t\t\t\t<\/div>\n\t\t\t\t<\/div>\n\t\t\t\t\t<\/div>\n\t\t<\/div>\n\t\t\t\t<div class=\"elementor-column elementor-col-33 elementor-inner-column elementor-element elementor-element-e040b28\" data-id=\"e040b28\" data-element_type=\"column\" data-e-type=\"column\">\n\t\t\t<div class=\"elementor-widget-wrap elementor-element-populated\">\n\t\t\t\t\t\t<div class=\"elementor-element elementor-element-7a20b07d elementor-cta--valign-middle elementor-cta--skin-classic elementor-animated-content elementor-bg-transform elementor-bg-transform-zoom-in elementor-widget elementor-widget-call-to-action\" data-id=\"7a20b07d\" data-element_type=\"widget\" data-e-type=\"widget\" data-widget_type=\"call-to-action.default\">\n\t\t\t\t<div class=\"elementor-widget-container\">\n\t\t\t\t\t\t\t<a class=\"elementor-cta\" href=\"https:\/\/goo.gl\/maps\/mNyDgRWWYykhig2eA\">\n\t\t\t\t\t\t\t<div class=\"elementor-cta__content\">\n\t\t\t\t\t\t\t\t\t<div class=\"elementor-content-item elementor-cta__content-item elementor-icon-wrapper elementor-cta__icon elementor-view-default\">\n\t\t\t\t\t\t<div class=\"elementor-icon\">\n\t\t\t\t\t\t\t<i aria-hidden=\"true\" class=\"fas fa-map-marker-alt\"><\/i>\t\t\t\t\t\t<\/div>\n\t\t\t\t\t<\/div>\n\t\t\t\t\n\t\t\t\t\t\t\t\t\t<h2 class=\"elementor-cta__title elementor-cta__content-item elementor-content-item\">\n\t\t\t\t\t\tSHOW ON MAP\t\t\t\t\t<\/h2>\n\t\t\t\t\n\t\t\t\t\n\t\t\t\t\t\t\t<\/div>\n\t\t\t\t\t\t<\/a>\n\t\t\t\t\t\t<\/div>\n\t\t\t\t<\/div>\n\t\t\t\t\t<\/div>\n\t\t<\/div>\n\t\t\t\t\t<\/div>\n\t\t<\/section>\n\t\t\t\t\t<\/div>\n\t\t<\/div>\n\t\t\t\t\t<\/div>\n\t\t<\/section>\n\t\t\t\t<section class=\"elementor-section elementor-top-section elementor-element elementor-element-4208f02a elementor-section-full_width elementor-section-height-default elementor-section-height-default\" data-id=\"4208f02a\" data-element_type=\"section\" data-e-type=\"section\">\n\t\t\t\t\t\t<div class=\"elementor-container elementor-column-gap-no\">\n\t\t\t\t\t<div class=\"elementor-column elementor-col-100 elementor-top-column elementor-element elementor-element-61dab2\" data-id=\"61dab2\" data-element_type=\"column\" data-e-type=\"column\">\n\t\t\t<div class=\"elementor-widget-wrap elementor-element-populated\">\n\t\t\t\t\t\t<div class=\"elementor-element elementor-element-40c53e78 elementor-arrows-position-inside elementor-widget elementor-widget-image-carousel\" data-id=\"40c53e78\" data-element_type=\"widget\" data-e-type=\"widget\" data-settings=\"{&quot;slides_to_show&quot;:&quot;3&quot;,&quot;slides_to_scroll&quot;:&quot;1&quot;,&quot;navigation&quot;:&quot;arrows&quot;,&quot;autoplay_speed&quot;:3500,&quot;autoplay&quot;:&quot;yes&quot;,&quot;pause_on_hover&quot;:&quot;yes&quot;,&quot;pause_on_interaction&quot;:&quot;yes&quot;,&quot;infinite&quot;:&quot;yes&quot;,&quot;speed&quot;:500}\" data-widget_type=\"image-carousel.default\">\n\t\t\t\t<div class=\"elementor-widget-container\">\n\t\t\t\t\t\t\t<div class=\"elementor-image-carousel-wrapper swiper\" role=\"region\" aria-roledescription=\"carousel\" aria-label=\"Image Carousel\" dir=\"rtl\">\n\t\t\t<div class=\"elementor-image-carousel swiper-wrapper\" aria-live=\"off\">\n\t\t\t\t\t\t\t\t<div class=\"swiper-slide\" role=\"group\" aria-roledescription=\"slide\" aria-label=\"1 of 4\"><a data-elementor-open-lightbox=\"yes\" data-elementor-lightbox-slideshow=\"40c53e78\" data-elementor-lightbox-title=\"Maslinica slika 1_1200x900\" data-e-action-hash=\"#elementor-action%3Aaction%3Dlightbox%26settings%3DeyJpZCI6OTUwOCwidXJsIjoiaHR0cHM6XC9cL3d3dy52aXNpdC1zdGFyaS1ncmFkLmNvbVwvd3AtY29udGVudFwvdXBsb2Fkc1wvMjAyMVwvMDNcL01hc2xpbmljYS1zbGlrYS0xXzEyMDB4OTAwLmpwZWciLCJzbGlkZXNob3ciOiI0MGM1M2U3OCJ9\" href=\"https:\/\/www.visit-stari-grad.com\/wp-content\/uploads\/2021\/03\/Maslinica-slika-1_1200x900.jpeg\"><figure class=\"swiper-slide-inner\"><img decoding=\"async\" class=\"swiper-slide-image\" src=\"https:\/\/www.visit-stari-grad.com\/wp-content\/uploads\/2021\/03\/Maslinica-slika-1_1200x900.jpeg\" alt=\"Maslinica slika 1_1200x900\" \/><\/figure><\/a><\/div><div class=\"swiper-slide\" role=\"group\" aria-roledescription=\"slide\" aria-label=\"2 of 4\"><a data-elementor-open-lightbox=\"yes\" data-elementor-lightbox-slideshow=\"40c53e78\" data-elementor-lightbox-title=\"Maslinica slika 2 pijesak_1200x900\" data-e-action-hash=\"#elementor-action%3Aaction%3Dlightbox%26settings%3DeyJpZCI6OTUxMCwidXJsIjoiaHR0cHM6XC9cL3d3dy52aXNpdC1zdGFyaS1ncmFkLmNvbVwvd3AtY29udGVudFwvdXBsb2Fkc1wvMjAyMVwvMDNcL01hc2xpbmljYS1zbGlrYS0yLXBpamVzYWtfMTIwMHg5MDAuanBlZyIsInNsaWRlc2hvdyI6IjQwYzUzZTc4In0%3D\" href=\"https:\/\/www.visit-stari-grad.com\/wp-content\/uploads\/2021\/03\/Maslinica-slika-2-pijesak_1200x900.jpeg\"><figure class=\"swiper-slide-inner\"><img decoding=\"async\" class=\"swiper-slide-image\" src=\"https:\/\/www.visit-stari-grad.com\/wp-content\/uploads\/2021\/03\/Maslinica-slika-2-pijesak_1200x900.jpeg\" alt=\"Maslinica slika 2 pijesak_1200x900\" \/><\/figure><\/a><\/div><div class=\"swiper-slide\" role=\"group\" aria-roledescription=\"slide\" aria-label=\"3 of 4\"><a data-elementor-open-lightbox=\"yes\" data-elementor-lightbox-slideshow=\"40c53e78\" data-elementor-lightbox-title=\"Maslinica slika 3 prilaz_1200x900\" data-e-action-hash=\"#elementor-action%3Aaction%3Dlightbox%26settings%3DeyJpZCI6OTUxMiwidXJsIjoiaHR0cHM6XC9cL3d3dy52aXNpdC1zdGFyaS1ncmFkLmNvbVwvd3AtY29udGVudFwvdXBsb2Fkc1wvMjAyMVwvMDNcL01hc2xpbmljYS1zbGlrYS0zLXByaWxhel8xMjAweDkwMC5qcGVnIiwic2xpZGVzaG93IjoiNDBjNTNlNzgifQ%3D%3D\" href=\"https:\/\/www.visit-stari-grad.com\/wp-content\/uploads\/2021\/03\/Maslinica-slika-3-prilaz_1200x900.jpeg\"><figure class=\"swiper-slide-inner\"><img decoding=\"async\" class=\"swiper-slide-image\" src=\"https:\/\/www.visit-stari-grad.com\/wp-content\/uploads\/2021\/03\/Maslinica-slika-3-prilaz_1200x900.jpeg\" alt=\"Maslinica slika 3 prilaz_1200x900\" \/><\/figure><\/a><\/div><div class=\"swiper-slide\" role=\"group\" aria-roledescription=\"slide\" aria-label=\"4 of 4\"><a data-elementor-open-lightbox=\"yes\" data-elementor-lightbox-slideshow=\"40c53e78\" data-elementor-lightbox-title=\"Maslinica slika 4_1200x900\" data-e-action-hash=\"#elementor-action%3Aaction%3Dlightbox%26settings%3DeyJpZCI6OTUxNCwidXJsIjoiaHR0cHM6XC9cL3d3dy52aXNpdC1zdGFyaS1ncmFkLmNvbVwvd3AtY29udGVudFwvdXBsb2Fkc1wvMjAyMVwvMDNcL01hc2xpbmljYS1zbGlrYS00XzEyMDB4OTAwLmpwZWciLCJzbGlkZXNob3ciOiI0MGM1M2U3OCJ9\" href=\"https:\/\/www.visit-stari-grad.com\/wp-content\/uploads\/2021\/03\/Maslinica-slika-4_1200x900.jpeg\"><figure class=\"swiper-slide-inner\"><img decoding=\"async\" class=\"swiper-slide-image\" src=\"https:\/\/www.visit-stari-grad.com\/wp-content\/uploads\/2021\/03\/Maslinica-slika-4_1200x900.jpeg\" alt=\"Maslinica slika 4_1200x900\" \/><\/figure><\/a><\/div>\t\t\t<\/div>\n\t\t\t\t\t\t\t\t\t\t\t\t<div class=\"elementor-swiper-button elementor-swiper-button-prev\" role=\"button\" tabindex=\"0\">\n\t\t\t\t\t\t<i aria-hidden=\"true\" class=\"eicon-chevron-left\"><\/i>\t\t\t\t\t<\/div>\n\t\t\t\t\t<div class=\"elementor-swiper-button elementor-swiper-button-next\" role=\"button\" tabindex=\"0\">\n\t\t\t\t\t\t<i aria-hidden=\"true\" class=\"eicon-chevron-right\"><\/i>\t\t\t\t\t<\/div>\n\t\t\t\t\n\t\t\t\t\t\t\t\t\t<\/div>\n\t\t\t\t\t\t<\/div>\n\t\t\t\t<\/div>\n\t\t\t\t\t<\/div>\n\t\t<\/div>\n\t\t\t\t\t<\/div>\n\t\t<\/section>\n\t\t\t\t<\/div>\n\t\t","protected":false},"excerpt":{"rendered":"<p>Pla\u017ea Maslinica Jedina pje\u0161\u010dana pla\u017ea u starogradskoj uvali udaljena je svega 2 km od sredi\u0161ta grada. Do nje mo\u017eete do\u0107i ure\u0111enom stazom uz more, pje\u0161ice, biciklom, a dostupan je i prilaz automobilom. U neposrednoj blizini pla\u017ee nalazi se manje parkirali\u0161te s ozna\u010denim mjestima za osobe s invaliditetom. SHOW ON MAP Prethodno Sljede\u0107e<\/p>\n","protected":false},"author":1,"featured_media":0,"parent":5733,"menu_order":0,"comment_status":"closed","ping_status":"closed","template":"","meta":{"site-sidebar-layout":"no-sidebar","site-content-layout":"page-builder","ast-site-content-layout":"default","site-content-style":"default","site-sidebar-style":"default","ast-global-header-display":"","ast-banner-title-visibility":"","ast-main-header-display":"","ast-hfb-above-header-display":"","ast-hfb-below-header-display":"","ast-hfb-mobile-header-display":"","site-post-title":"disabled","ast-breadcrumbs-content":"","ast-featured-img":"disabled","footer-sml-layout":"","ast-disable-related-posts":"","theme-transparent-header-meta":"default","adv-header-id-meta":"","stick-header-meta":"default","header-above-stick-meta":"","header-main-stick-meta":"","header-below-stick-meta":"","astra-migrate-meta-layouts":"default","ast-page-background-enabled":"default","ast-page-background-meta":{"desktop":{"background-color":"","background-image":"","background-repeat":"repeat","background-position":"center center","background-size":"auto","background-attachment":"scroll","background-type":"","background-media":"","overlay-type":"","overlay-color":"","overlay-opacity":"","overlay-gradient":""},"tablet":{"background-color":"","background-image":"","background-repeat":"repeat","background-position":"center center","background-size":"auto","background-attachment":"scroll","background-type":"","background-media":"","overlay-type":"","overlay-color":"","overlay-opacity":"","overlay-gradient":""},"mobile":{"background-color":"","background-image":"","background-repeat":"repeat","background-position":"center center","background-size":"auto","background-attachment":"scroll","background-type":"","background-media":"","overlay-type":"","overlay-color":"","overlay-opacity":"","overlay-gradient":""}},"ast-content-background-meta":{"desktop":{"background-color":"var(--ast-global-color-5)","background-image":"","background-repeat":"repeat","background-position":"center center","background-size":"auto","background-attachment":"scroll","background-type":"","background-media":"","overlay-type":"","overlay-color":"","overlay-opacity":"","overlay-gradient":""},"tablet":{"background-color":"var(--ast-global-color-5)","background-image":"","background-repeat":"repeat","background-position":"center center","background-size":"auto","background-attachment":"scroll","background-type":"","background-media":"","overlay-type":"","overlay-color":"","overlay-opacity":"","overlay-gradient":""},"mobile":{"background-color":"var(--ast-global-color-5)","background-image":"","background-repeat":"repeat","background-position":"center center","background-size":"auto","background-attachment":"scroll","background-type":"","background-media":"","overlay-type":"","overlay-color":"","overlay-opacity":"","overlay-gradient":""}},"footnotes":""},"class_list":["post-5990","page","type-page","status-publish","hentry"],"yoast_head":"<!-- This site is optimized with the Yoast SEO plugin v27.4 - https:\/\/yoast.com\/product\/yoast-seo-wordpress\/ -->\n<title>Maslinica Bay\u200b - Visit Stari Grad Island Hvar<\/title>\n<meta name=\"robots\" content=\"index, follow, max-snippet:-1, max-image-preview:large, max-video-preview:-1\" \/>\n<link rel=\"canonical\" href=\"https:\/\/www.visit-stari-grad.com\/en\/what-to-do\/beaches\/maslinica-bay%e2%80%8b\/\" \/>\n<meta property=\"og:locale\" content=\"en_US\" \/>\n<meta property=\"og:type\" content=\"article\" \/>\n<meta property=\"og:title\" content=\"Maslinica Bay\u200b - Visit Stari Grad Island Hvar\" \/>\n<meta property=\"og:description\" content=\"Pla\u017ea Maslinica Jedina pje\u0161\u010dana pla\u017ea u starogradskoj uvali udaljena je svega 2 km od sredi\u0161ta grada. Do nje mo\u017eete do\u0107i ure\u0111enom stazom uz more, pje\u0161ice, biciklom, a dostupan je i prilaz automobilom. U neposrednoj blizini pla\u017ee nalazi se manje parkirali\u0161te s ozna\u010denim mjestima za osobe s invaliditetom. SHOW ON MAP Prethodno Sljede\u0107e\" \/>\n<meta property=\"og:url\" content=\"https:\/\/www.visit-stari-grad.com\/en\/what-to-do\/beaches\/maslinica-bay%e2%80%8b\/\" \/>\n<meta property=\"og:site_name\" content=\"Visit Stari Grad Island Hvar\" \/>\n<meta property=\"article:modified_time\" content=\"2021-03-05T12:38:05+00:00\" \/>\n<meta property=\"og:image\" content=\"https:\/\/www.visit-stari-grad.com\/wp-content\/uploads\/2021\/03\/Maslinica-slika-1_1200x900.jpeg\" \/>\n<meta name=\"twitter:card\" content=\"summary_large_image\" \/>\n<meta name=\"twitter:label1\" content=\"Est. reading time\" \/>\n\t<meta name=\"twitter:data1\" content=\"3 minutes\" \/>\n<script type=\"application\/ld+json\" class=\"yoast-schema-graph\">{\"@context\":\"https:\\\/\\\/schema.org\",\"@graph\":[{\"@type\":\"WebPage\",\"@id\":\"https:\\\/\\\/www.visit-stari-grad.com\\\/en\\\/what-to-do\\\/beaches\\\/maslinica-bay%e2%80%8b\\\/\",\"url\":\"https:\\\/\\\/www.visit-stari-grad.com\\\/en\\\/what-to-do\\\/beaches\\\/maslinica-bay%e2%80%8b\\\/\",\"name\":\"Maslinica Bay\u200b - Visit Stari Grad Island Hvar\",\"isPartOf\":{\"@id\":\"https:\\\/\\\/www.visit-stari-grad.com\\\/en\\\/#website\"},\"primaryImageOfPage\":{\"@id\":\"https:\\\/\\\/www.visit-stari-grad.com\\\/en\\\/what-to-do\\\/beaches\\\/maslinica-bay%e2%80%8b\\\/#primaryimage\"},\"image\":{\"@id\":\"https:\\\/\\\/www.visit-stari-grad.com\\\/en\\\/what-to-do\\\/beaches\\\/maslinica-bay%e2%80%8b\\\/#primaryimage\"},\"thumbnailUrl\":\"https:\\\/\\\/www.visit-stari-grad.com\\\/wp-content\\\/uploads\\\/2021\\\/03\\\/Maslinica-slika-1_1200x900.jpeg\",\"datePublished\":\"2020-03-19T17:32:29+00:00\",\"dateModified\":\"2021-03-05T12:38:05+00:00\",\"breadcrumb\":{\"@id\":\"https:\\\/\\\/www.visit-stari-grad.com\\\/en\\\/what-to-do\\\/beaches\\\/maslinica-bay%e2%80%8b\\\/#breadcrumb\"},\"inLanguage\":\"en-US\",\"potentialAction\":[{\"@type\":\"ReadAction\",\"target\":[\"https:\\\/\\\/www.visit-stari-grad.com\\\/en\\\/what-to-do\\\/beaches\\\/maslinica-bay%e2%80%8b\\\/\"]}]},{\"@type\":\"ImageObject\",\"inLanguage\":\"en-US\",\"@id\":\"https:\\\/\\\/www.visit-stari-grad.com\\\/en\\\/what-to-do\\\/beaches\\\/maslinica-bay%e2%80%8b\\\/#primaryimage\",\"url\":\"https:\\\/\\\/www.visit-stari-grad.com\\\/wp-content\\\/uploads\\\/2021\\\/03\\\/Maslinica-slika-1_1200x900.jpeg\",\"contentUrl\":\"https:\\\/\\\/www.visit-stari-grad.com\\\/wp-content\\\/uploads\\\/2021\\\/03\\\/Maslinica-slika-1_1200x900.jpeg\"},{\"@type\":\"BreadcrumbList\",\"@id\":\"https:\\\/\\\/www.visit-stari-grad.com\\\/en\\\/what-to-do\\\/beaches\\\/maslinica-bay%e2%80%8b\\\/#breadcrumb\",\"itemListElement\":[{\"@type\":\"ListItem\",\"position\":1,\"name\":\"Po\u010detna stranica\",\"item\":\"https:\\\/\\\/www.visit-stari-grad.com\\\/en\\\/\"},{\"@type\":\"ListItem\",\"position\":2,\"name\":\"What to do\",\"item\":\"https:\\\/\\\/www.visit-stari-grad.com\\\/en\\\/what-to-do\\\/\"},{\"@type\":\"ListItem\",\"position\":3,\"name\":\"Beaches\",\"item\":\"https:\\\/\\\/www.visit-stari-grad.com\\\/en\\\/what-to-do\\\/beaches\\\/\"},{\"@type\":\"ListItem\",\"position\":4,\"name\":\"Maslinica Bay\u200b\"}]},{\"@type\":\"WebSite\",\"@id\":\"https:\\\/\\\/www.visit-stari-grad.com\\\/en\\\/#website\",\"url\":\"https:\\\/\\\/www.visit-stari-grad.com\\\/en\\\/\",\"name\":\"Visit Stari Grad Island Hvar\",\"description\":\"Welcome to Stari Grad Tourist Board official website where you can find all the informations for your perfect holiday on island Hvar.\",\"publisher\":{\"@id\":\"https:\\\/\\\/www.visit-stari-grad.com\\\/en\\\/#organization\"},\"potentialAction\":[{\"@type\":\"SearchAction\",\"target\":{\"@type\":\"EntryPoint\",\"urlTemplate\":\"https:\\\/\\\/www.visit-stari-grad.com\\\/en\\\/?s={search_term_string}\"},\"query-input\":{\"@type\":\"PropertyValueSpecification\",\"valueRequired\":true,\"valueName\":\"search_term_string\"}}],\"inLanguage\":\"en-US\"},{\"@type\":\"Organization\",\"@id\":\"https:\\\/\\\/www.visit-stari-grad.com\\\/en\\\/#organization\",\"name\":\"Turisti\u010dka zajednica grada Staroga Grada\",\"url\":\"https:\\\/\\\/www.visit-stari-grad.com\\\/en\\\/\",\"logo\":{\"@type\":\"ImageObject\",\"inLanguage\":\"en-US\",\"@id\":\"https:\\\/\\\/www.visit-stari-grad.com\\\/en\\\/#\\\/schema\\\/logo\\\/image\\\/\",\"url\":\"https:\\\/\\\/www.visit-stari-grad.com\\\/wp-content\\\/uploads\\\/2019\\\/05\\\/logo_TZ_Stari_Grad_w.png\",\"contentUrl\":\"https:\\\/\\\/www.visit-stari-grad.com\\\/wp-content\\\/uploads\\\/2019\\\/05\\\/logo_TZ_Stari_Grad_w.png\",\"width\":256,\"height\":72,\"caption\":\"Turisti\u010dka zajednica grada Staroga Grada\"},\"image\":{\"@id\":\"https:\\\/\\\/www.visit-stari-grad.com\\\/en\\\/#\\\/schema\\\/logo\\\/image\\\/\"}}]}<\/script>\n<!-- \/ Yoast SEO plugin. -->","yoast_head_json":{"title":"Maslinica Bay\u200b - Visit Stari Grad Island Hvar","robots":{"index":"index","follow":"follow","max-snippet":"max-snippet:-1","max-image-preview":"max-image-preview:large","max-video-preview":"max-video-preview:-1"},"canonical":"https:\/\/www.visit-stari-grad.com\/en\/what-to-do\/beaches\/maslinica-bay%e2%80%8b\/","og_locale":"en_US","og_type":"article","og_title":"Maslinica Bay\u200b - Visit Stari Grad Island Hvar","og_description":"Pla\u017ea Maslinica Jedina pje\u0161\u010dana pla\u017ea u starogradskoj uvali udaljena je svega 2 km od sredi\u0161ta grada. Do nje mo\u017eete do\u0107i ure\u0111enom stazom uz more, pje\u0161ice, biciklom, a dostupan je i prilaz automobilom. U neposrednoj blizini pla\u017ee nalazi se manje parkirali\u0161te s ozna\u010denim mjestima za osobe s invaliditetom. SHOW ON MAP Prethodno Sljede\u0107e","og_url":"https:\/\/www.visit-stari-grad.com\/en\/what-to-do\/beaches\/maslinica-bay%e2%80%8b\/","og_site_name":"Visit Stari Grad Island Hvar","article_modified_time":"2021-03-05T12:38:05+00:00","og_image":[{"url":"https:\/\/www.visit-stari-grad.com\/wp-content\/uploads\/2021\/03\/Maslinica-slika-1_1200x900.jpeg","type":"","width":"","height":""}],"twitter_card":"summary_large_image","twitter_misc":{"Est. reading time":"3 minutes"},"schema":{"@context":"https:\/\/schema.org","@graph":[{"@type":"WebPage","@id":"https:\/\/www.visit-stari-grad.com\/en\/what-to-do\/beaches\/maslinica-bay%e2%80%8b\/","url":"https:\/\/www.visit-stari-grad.com\/en\/what-to-do\/beaches\/maslinica-bay%e2%80%8b\/","name":"Maslinica Bay\u200b - Visit Stari Grad Island Hvar","isPartOf":{"@id":"https:\/\/www.visit-stari-grad.com\/en\/#website"},"primaryImageOfPage":{"@id":"https:\/\/www.visit-stari-grad.com\/en\/what-to-do\/beaches\/maslinica-bay%e2%80%8b\/#primaryimage"},"image":{"@id":"https:\/\/www.visit-stari-grad.com\/en\/what-to-do\/beaches\/maslinica-bay%e2%80%8b\/#primaryimage"},"thumbnailUrl":"https:\/\/www.visit-stari-grad.com\/wp-content\/uploads\/2021\/03\/Maslinica-slika-1_1200x900.jpeg","datePublished":"2020-03-19T17:32:29+00:00","dateModified":"2021-03-05T12:38:05+00:00","breadcrumb":{"@id":"https:\/\/www.visit-stari-grad.com\/en\/what-to-do\/beaches\/maslinica-bay%e2%80%8b\/#breadcrumb"},"inLanguage":"en-US","potentialAction":[{"@type":"ReadAction","target":["https:\/\/www.visit-stari-grad.com\/en\/what-to-do\/beaches\/maslinica-bay%e2%80%8b\/"]}]},{"@type":"ImageObject","inLanguage":"en-US","@id":"https:\/\/www.visit-stari-grad.com\/en\/what-to-do\/beaches\/maslinica-bay%e2%80%8b\/#primaryimage","url":"https:\/\/www.visit-stari-grad.com\/wp-content\/uploads\/2021\/03\/Maslinica-slika-1_1200x900.jpeg","contentUrl":"https:\/\/www.visit-stari-grad.com\/wp-content\/uploads\/2021\/03\/Maslinica-slika-1_1200x900.jpeg"},{"@type":"BreadcrumbList","@id":"https:\/\/www.visit-stari-grad.com\/en\/what-to-do\/beaches\/maslinica-bay%e2%80%8b\/#breadcrumb","itemListElement":[{"@type":"ListItem","position":1,"name":"Po\u010detna stranica","item":"https:\/\/www.visit-stari-grad.com\/en\/"},{"@type":"ListItem","position":2,"name":"What to do","item":"https:\/\/www.visit-stari-grad.com\/en\/what-to-do\/"},{"@type":"ListItem","position":3,"name":"Beaches","item":"https:\/\/www.visit-stari-grad.com\/en\/what-to-do\/beaches\/"},{"@type":"ListItem","position":4,"name":"Maslinica Bay\u200b"}]},{"@type":"WebSite","@id":"https:\/\/www.visit-stari-grad.com\/en\/#website","url":"https:\/\/www.visit-stari-grad.com\/en\/","name":"Visit Stari Grad Island Hvar","description":"Welcome to Stari Grad Tourist Board official website where you can find all the informations for your perfect holiday on island Hvar.","publisher":{"@id":"https:\/\/www.visit-stari-grad.com\/en\/#organization"},"potentialAction":[{"@type":"SearchAction","target":{"@type":"EntryPoint","urlTemplate":"https:\/\/www.visit-stari-grad.com\/en\/?s={search_term_string}"},"query-input":{"@type":"PropertyValueSpecification","valueRequired":true,"valueName":"search_term_string"}}],"inLanguage":"en-US"},{"@type":"Organization","@id":"https:\/\/www.visit-stari-grad.com\/en\/#organization","name":"Turisti\u010dka zajednica grada Staroga Grada","url":"https:\/\/www.visit-stari-grad.com\/en\/","logo":{"@type":"ImageObject","inLanguage":"en-US","@id":"https:\/\/www.visit-stari-grad.com\/en\/#\/schema\/logo\/image\/","url":"https:\/\/www.visit-stari-grad.com\/wp-content\/uploads\/2019\/05\/logo_TZ_Stari_Grad_w.png","contentUrl":"https:\/\/www.visit-stari-grad.com\/wp-content\/uploads\/2019\/05\/logo_TZ_Stari_Grad_w.png","width":256,"height":72,"caption":"Turisti\u010dka zajednica grada Staroga Grada"},"image":{"@id":"https:\/\/www.visit-stari-grad.com\/en\/#\/schema\/logo\/image\/"}}]}},"_links":{"self":[{"href":"https:\/\/www.visit-stari-grad.com\/en\/wp-json\/wp\/v2\/pages\/5990","targetHints":{"allow":["GET"]}}],"collection":[{"href":"https:\/\/www.visit-stari-grad.com\/en\/wp-json\/wp\/v2\/pages"}],"about":[{"href":"https:\/\/www.visit-stari-grad.com\/en\/wp-json\/wp\/v2\/types\/page"}],"author":[{"embeddable":true,"href":"https:\/\/www.visit-stari-grad.com\/en\/wp-json\/wp\/v2\/users\/1"}],"replies":[{"embeddable":true,"href":"https:\/\/www.visit-stari-grad.com\/en\/wp-json\/wp\/v2\/comments?post=5990"}],"version-history":[{"count":0,"href":"https:\/\/www.visit-stari-grad.com\/en\/wp-json\/wp\/v2\/pages\/5990\/revisions"}],"up":[{"embeddable":true,"href":"https:\/\/www.visit-stari-grad.com\/en\/wp-json\/wp\/v2\/pages\/5733"}],"wp:attachment":[{"href":"https:\/\/www.visit-stari-grad.com\/en\/wp-json\/wp\/v2\/media?parent=5990"}],"curies":[{"name":"wp","href":"https:\/\/api.w.org\/{rel}","templated":true}]}}