{"id":10344,"date":"2021-07-07T15:15:58","date_gmt":"2021-07-07T13:15:58","guid":{"rendered":"https:\/\/www.visit-stari-grad.com\/?page_id=10344"},"modified":"2021-08-03T12:13:26","modified_gmt":"2021-08-03T10:13:26","slug":"storytelling","status":"publish","type":"page","link":"https:\/\/www.visit-stari-grad.com\/hr\/sto-ciniti\/dnevni-izleti\/storytelling\/","title":{"rendered":"Storytelling"},"content":{"rendered":"\t\t<div data-elementor-type=\"wp-page\" data-elementor-id=\"10344\" class=\"elementor elementor-10344\" data-elementor-post-type=\"page\">\n\t\t\t\t\t\t<section class=\"elementor-section elementor-top-section elementor-element elementor-element-260bd9 elementor-section-height-min-height elementor-section-items-bottom elementor-section-boxed elementor-section-height-default\" data-id=\"260bd9\" data-element_type=\"section\" data-e-type=\"section\" data-settings=\"{&quot;background_background&quot;:&quot;classic&quot;}\">\n\t\t\t\t\t\t\t<div class=\"elementor-background-overlay\"><\/div>\n\t\t\t\t\t\t\t<div class=\"elementor-container elementor-column-gap-wider\">\n\t\t\t\t\t<div class=\"elementor-column elementor-col-50 elementor-top-column elementor-element elementor-element-1fbac153\" data-id=\"1fbac153\" data-element_type=\"column\" data-e-type=\"column\">\n\t\t\t<div class=\"elementor-widget-wrap elementor-element-populated\">\n\t\t\t\t\t\t<div class=\"elementor-element elementor-element-13489b49 elementor-widget elementor-widget-heading\" data-id=\"13489b49\" data-element_type=\"widget\" data-e-type=\"widget\" data-widget_type=\"heading.default\">\n\t\t\t\t<div class=\"elementor-widget-container\">\n\t\t\t\t\t<h1 class=\"elementor-heading-title elementor-size-default\">Storytelling<\/h1>\t\t\t\t<\/div>\n\t\t\t\t<\/div>\n\t\t\t\t<div class=\"elementor-element elementor-element-65909884 elementor-widget elementor-widget-heading\" data-id=\"65909884\" data-element_type=\"widget\" data-e-type=\"widget\" data-widget_type=\"heading.default\">\n\t\t\t\t<div class=\"elementor-widget-container\">\n\t\t\t\t\t<h3 class=\"elementor-heading-title elementor-size-default\">Stari Grad - Otok Hvar<\/h3>\t\t\t\t<\/div>\n\t\t\t\t<\/div>\n\t\t\t\t\t<\/div>\n\t\t<\/div>\n\t\t\t\t<div class=\"elementor-column elementor-col-50 elementor-top-column elementor-element elementor-element-b314376 elementor-invisible\" data-id=\"b314376\" data-element_type=\"column\" data-e-type=\"column\" data-settings=\"{&quot;background_background&quot;:&quot;classic&quot;,&quot;animation&quot;:&quot;fadeIn&quot;}\">\n\t\t\t<div class=\"elementor-widget-wrap\">\n\t\t\t\t\t\t\t<\/div>\n\t\t<\/div>\n\t\t\t\t\t<\/div>\n\t\t<\/section>\n\t\t\t\t<section class=\"elementor-section elementor-top-section elementor-element elementor-element-4a2527b elementor-section-boxed elementor-section-height-default elementor-section-height-default\" data-id=\"4a2527b\" data-element_type=\"section\" data-e-type=\"section\">\n\t\t\t\t\t\t<div class=\"elementor-container elementor-column-gap-default\">\n\t\t\t\t\t<div class=\"elementor-column elementor-col-100 elementor-top-column elementor-element elementor-element-fb51a96\" data-id=\"fb51a96\" data-element_type=\"column\" data-e-type=\"column\">\n\t\t\t<div class=\"elementor-widget-wrap elementor-element-populated\">\n\t\t\t\t\t\t<div class=\"elementor-element elementor-element-0dc6559 elementor-widget elementor-widget-text-editor\" data-id=\"0dc6559\" data-element_type=\"widget\" data-e-type=\"widget\" data-widget_type=\"text-editor.default\">\n\t\t\t\t<div class=\"elementor-widget-container\">\n\t\t\t\t\t\t\t\t\t<h3>\u0160etnja kroz povijest &#8211; interpretacijska pri\u010da o Petru Hektorovi\u0107u<\/h3><p>\u017divot Petra Hektorovi\u0107a, renesansnog pjesnika koji je obogatio hrvatsku knji\u017eevnost svojim Ribanjem i ribarskim prigovaranjem i Starom Gradu u naslje\u0111e ostavio najpoznatiju znamenitost, svoj ljetnikovac Tvrdalj, obiluje zanimljivostima i detaljima koje su poznate malom broju ljudi.<\/p><p>Interpretacijska pri\u010da iskusnog, kostimiranog vodi\u010da i \u0161etnja kroz povijesnu jezgru grada odvest \u0107e vas u Hektorovi\u0107evo doba, otkriti povijesne znamenitosti i \u010dari na\u0161e bogate ba\u0161tine, ali i nepoznate detalje o \u017eivotu, djelovanju i smrti najpoznatije povijesne figure na\u0161ega grada.<\/p><p>Kako je prst sudbine doveo Hektorovi\u0107a u tvrdaljsku uvalu? Jeste li znali da i Hvar ima svog Romea i Juliju? \u0160to povezuje Hektorovi\u0107a i cara Dioklecijana? Tko je bio Sveti Roko i kakva je njegova veza s Hektorovi\u0107em? Kako je nastalo Ribanje i Ribarsko prigovaranje? Koje je omiljeno Hektorovi\u0107evo mjesto, pored njegova Tvrdalja? Za\u0161to Hektorovi\u0107a mo\u017eemo smatrati renesansnim feministom? Kako je nastala suvremena ekranizacija Hektorovi\u0107evog Ribanja?<\/p><p>Sve ovo samo su neka od zanimljivih pitanja na koja \u0107ete dobiti jo\u0161 zanimljivije odgovore dok u ugodnoj \u0161etnji pratite tragove Hektorovi\u0107eva \u017eivota koji jo\u0161 i dan danas \u017eive uklesane u kamenju njegova Tvrdalja i ribnjaka s ciplima, koji ba\u0161 kao i Hektorovi\u0107, kroz izazove vremena i okolnosti plivaju vje\u0161to, sna\u017eno i odlu\u010dno.<\/p><p>Vi\u0161e informacija o ovoj zanimljivoj interpretacijskoj turi kroz povijest Staroga Grada saznajte u TZ.<\/p>\t\t\t\t\t\t\t\t<\/div>\n\t\t\t\t<\/div>\n\t\t\t\t\t<\/div>\n\t\t<\/div>\n\t\t\t\t\t<\/div>\n\t\t<\/section>\n\t\t\t\t<section class=\"elementor-section elementor-top-section elementor-element elementor-element-29483983 elementor-section-full_width elementor-section-height-default elementor-section-height-default\" data-id=\"29483983\" data-element_type=\"section\" data-e-type=\"section\">\n\t\t\t\t\t\t<div class=\"elementor-container elementor-column-gap-no\">\n\t\t\t\t\t<div class=\"elementor-column elementor-col-100 elementor-top-column elementor-element elementor-element-603f9826\" data-id=\"603f9826\" data-element_type=\"column\" data-e-type=\"column\">\n\t\t\t<div class=\"elementor-widget-wrap elementor-element-populated\">\n\t\t\t\t\t\t<div class=\"elementor-element elementor-element-727ffe63 elementor-arrows-position-inside elementor-widget elementor-widget-image-carousel\" data-id=\"727ffe63\" data-element_type=\"widget\" data-e-type=\"widget\" data-settings=\"{&quot;slides_to_show&quot;:&quot;3&quot;,&quot;slides_to_scroll&quot;:&quot;1&quot;,&quot;navigation&quot;:&quot;arrows&quot;,&quot;autoplay_speed&quot;:3500,&quot;autoplay&quot;:&quot;yes&quot;,&quot;pause_on_hover&quot;:&quot;yes&quot;,&quot;pause_on_interaction&quot;:&quot;yes&quot;,&quot;infinite&quot;:&quot;yes&quot;,&quot;speed&quot;:500}\" data-widget_type=\"image-carousel.default\">\n\t\t\t\t<div class=\"elementor-widget-container\">\n\t\t\t\t\t\t\t<div class=\"elementor-image-carousel-wrapper swiper\" role=\"region\" aria-roledescription=\"carousel\" aria-label=\"Vrtuljak slika\" dir=\"rtl\">\n\t\t\t<div class=\"elementor-image-carousel swiper-wrapper\" aria-live=\"off\">\n\t\t\t\t\t\t\t\t<div class=\"swiper-slide\" role=\"group\" aria-roledescription=\"slide\" aria-label=\"1 od 5\"><a data-elementor-open-lightbox=\"yes\" data-elementor-lightbox-slideshow=\"727ffe63\" data-elementor-lightbox-title=\"_MG_7339(1)\" data-e-action-hash=\"#elementor-action%3Aaction%3Dlightbox%26settings%3DeyJpZCI6MTA2NjEsInVybCI6Imh0dHBzOlwvXC93d3cudmlzaXQtc3RhcmktZ3JhZC5jb21cL3dwLWNvbnRlbnRcL3VwbG9hZHNcLzIwMjFcLzA4XC9NR183MzM5MS5qcGciLCJzbGlkZXNob3ciOiI3MjdmZmU2MyJ9\" href=\"https:\/\/www.visit-stari-grad.com\/wp-content\/uploads\/2021\/08\/MG_73391.jpg\"><figure class=\"swiper-slide-inner\"><img decoding=\"async\" class=\"swiper-slide-image\" src=\"https:\/\/www.visit-stari-grad.com\/wp-content\/uploads\/elementor\/thumbs\/MG_73391-pb2fcmqsdb1kptjsljfqsgeb62imz101196ll0wwxs.jpg\" alt=\"_MG_7339(1)\" \/><\/figure><\/a><\/div><div class=\"swiper-slide\" role=\"group\" aria-roledescription=\"slide\" aria-label=\"2 od 5\"><a data-elementor-open-lightbox=\"yes\" data-elementor-lightbox-slideshow=\"727ffe63\" data-elementor-lightbox-title=\"_MG_7352(1)\" data-e-action-hash=\"#elementor-action%3Aaction%3Dlightbox%26settings%3DeyJpZCI6MTA2NjMsInVybCI6Imh0dHBzOlwvXC93d3cudmlzaXQtc3RhcmktZ3JhZC5jb21cL3dwLWNvbnRlbnRcL3VwbG9hZHNcLzIwMjFcLzA4XC9NR183MzUyMS5qcGciLCJzbGlkZXNob3ciOiI3MjdmZmU2MyJ9\" href=\"https:\/\/www.visit-stari-grad.com\/wp-content\/uploads\/2021\/08\/MG_73521.jpg\"><figure class=\"swiper-slide-inner\"><img decoding=\"async\" class=\"swiper-slide-image\" src=\"https:\/\/www.visit-stari-grad.com\/wp-content\/uploads\/elementor\/thumbs\/MG_73521-pb2fcsdtib9anhblolvi7ez2qdqu97mf213igoojwg.jpg\" alt=\"_MG_7352(1)\" \/><\/figure><\/a><\/div><div class=\"swiper-slide\" role=\"group\" aria-roledescription=\"slide\" aria-label=\"3 od 5\"><a data-elementor-open-lightbox=\"yes\" data-elementor-lightbox-slideshow=\"727ffe63\" data-elementor-lightbox-title=\"_MG_7327(1)\" data-e-action-hash=\"#elementor-action%3Aaction%3Dlightbox%26settings%3DeyJpZCI6MTA2NjUsInVybCI6Imh0dHBzOlwvXC93d3cudmlzaXQtc3RhcmktZ3JhZC5jb21cL3dwLWNvbnRlbnRcL3VwbG9hZHNcLzIwMjFcLzA4XC9NR183MzI3MS5qcGciLCJzbGlkZXNob3ciOiI3MjdmZmU2MyJ9\" href=\"https:\/\/www.visit-stari-grad.com\/wp-content\/uploads\/2021\/08\/MG_73271.jpg\"><figure class=\"swiper-slide-inner\"><img decoding=\"async\" class=\"swiper-slide-image\" src=\"https:\/\/www.visit-stari-grad.com\/wp-content\/uploads\/elementor\/thumbs\/MG_73271-pb2fcx30ghfq9j4rx5wn1vsdpb3obp52qocxv2hl1c.jpg\" alt=\"_MG_7327(1)\" \/><\/figure><\/a><\/div><div class=\"swiper-slide\" role=\"group\" aria-roledescription=\"slide\" aria-label=\"4 od 5\"><a data-elementor-open-lightbox=\"yes\" data-elementor-lightbox-slideshow=\"727ffe63\" data-elementor-lightbox-title=\"_MG_7315(1)\" data-e-action-hash=\"#elementor-action%3Aaction%3Dlightbox%26settings%3DeyJpZCI6MTA2NjcsInVybCI6Imh0dHBzOlwvXC93d3cudmlzaXQtc3RhcmktZ3JhZC5jb21cL3dwLWNvbnRlbnRcL3VwbG9hZHNcLzIwMjFcLzA4XC9NR183MzE1MS5qcGciLCJzbGlkZXNob3ciOiI3MjdmZmU2MyJ9\" href=\"https:\/\/www.visit-stari-grad.com\/wp-content\/uploads\/2021\/08\/MG_73151.jpg\"><figure class=\"swiper-slide-inner\"><img decoding=\"async\" class=\"swiper-slide-image\" src=\"https:\/\/www.visit-stari-grad.com\/wp-content\/uploads\/elementor\/thumbs\/MG_73151-pb2fd3nvsboqisv7uqr11c4lv078tkv73kxc807tts.jpg\" alt=\"_MG_7315(1)\" \/><\/figure><\/a><\/div><div class=\"swiper-slide\" role=\"group\" aria-roledescription=\"slide\" aria-label=\"5 od 5\"><a data-elementor-open-lightbox=\"yes\" data-elementor-lightbox-slideshow=\"727ffe63\" data-elementor-lightbox-title=\"_MG_7308(1)\" data-e-action-hash=\"#elementor-action%3Aaction%3Dlightbox%26settings%3DeyJpZCI6MTA2NjksInVybCI6Imh0dHBzOlwvXC93d3cudmlzaXQtc3RhcmktZ3JhZC5jb21cL3dwLWNvbnRlbnRcL3VwbG9hZHNcLzIwMjFcLzA4XC9NR183MzA4MS5qcGciLCJzbGlkZXNob3ciOiI3MjdmZmU2MyJ9\" href=\"https:\/\/www.visit-stari-grad.com\/wp-content\/uploads\/2021\/08\/MG_73081.jpg\"><figure class=\"swiper-slide-inner\"><img decoding=\"async\" class=\"swiper-slide-image\" src=\"https:\/\/www.visit-stari-grad.com\/wp-content\/uploads\/elementor\/thumbs\/MG_73081-pb2fd7f8jntvt8pr8sdjbb6g8jopoda4g3ja54294w.jpg\" alt=\"_MG_7308(1)\" \/><\/figure><\/a><\/div>\t\t\t<\/div>\n\t\t\t\t\t\t\t\t\t\t\t\t<div class=\"elementor-swiper-button elementor-swiper-button-prev\" role=\"button\" tabindex=\"0\">\n\t\t\t\t\t\t<i aria-hidden=\"true\" class=\"eicon-chevron-left\"><\/i>\t\t\t\t\t<\/div>\n\t\t\t\t\t<div class=\"elementor-swiper-button elementor-swiper-button-next\" role=\"button\" tabindex=\"0\">\n\t\t\t\t\t\t<i aria-hidden=\"true\" class=\"eicon-chevron-right\"><\/i>\t\t\t\t\t<\/div>\n\t\t\t\t\n\t\t\t\t\t\t\t\t\t<\/div>\n\t\t\t\t\t\t<\/div>\n\t\t\t\t<\/div>\n\t\t\t\t\t<\/div>\n\t\t<\/div>\n\t\t\t\t\t<\/div>\n\t\t<\/section>\n\t\t\t\t<\/div>\n\t\t","protected":false},"excerpt":{"rendered":"<p>Storytelling Stari Grad &#8211; Otok Hvar \u0160etnja kroz povijest &#8211; interpretacijska pri\u010da o Petru Hektorovi\u0107u \u017divot Petra Hektorovi\u0107a, renesansnog pjesnika koji je obogatio hrvatsku knji\u017eevnost svojim Ribanjem i ribarskim prigovaranjem i Starom Gradu u naslje\u0111e ostavio najpoznatiju znamenitost, svoj ljetnikovac Tvrdalj, obiluje zanimljivostima i detaljima koje su poznate malom broju ljudi. Interpretacijska pri\u010da iskusnog, kostimiranog [&hellip;]<\/p>\n","protected":false},"author":1,"featured_media":0,"parent":6761,"menu_order":0,"comment_status":"closed","ping_status":"closed","template":"","meta":{"site-sidebar-layout":"no-sidebar","site-content-layout":"page-builder","ast-site-content-layout":"default","site-content-style":"default","site-sidebar-style":"default","ast-global-header-display":"","ast-banner-title-visibility":"","ast-main-header-display":"","ast-hfb-above-header-display":"","ast-hfb-below-header-display":"","ast-hfb-mobile-header-display":"","site-post-title":"disabled","ast-breadcrumbs-content":"","ast-featured-img":"disabled","footer-sml-layout":"","ast-disable-related-posts":"","theme-transparent-header-meta":"default","adv-header-id-meta":"","stick-header-meta":"default","header-above-stick-meta":"","header-main-stick-meta":"","header-below-stick-meta":"","astra-migrate-meta-layouts":"default","ast-page-background-enabled":"default","ast-page-background-meta":{"desktop":{"background-color":"","background-image":"","background-repeat":"repeat","background-position":"center center","background-size":"auto","background-attachment":"scroll","background-type":"","background-media":"","overlay-type":"","overlay-color":"","overlay-opacity":"","overlay-gradient":""},"tablet":{"background-color":"","background-image":"","background-repeat":"repeat","background-position":"center center","background-size":"auto","background-attachment":"scroll","background-type":"","background-media":"","overlay-type":"","overlay-color":"","overlay-opacity":"","overlay-gradient":""},"mobile":{"background-color":"","background-image":"","background-repeat":"repeat","background-position":"center center","background-size":"auto","background-attachment":"scroll","background-type":"","background-media":"","overlay-type":"","overlay-color":"","overlay-opacity":"","overlay-gradient":""}},"ast-content-background-meta":{"desktop":{"background-color":"var(--ast-global-color-5)","background-image":"","background-repeat":"repeat","background-position":"center center","background-size":"auto","background-attachment":"scroll","background-type":"","background-media":"","overlay-type":"","overlay-color":"","overlay-opacity":"","overlay-gradient":""},"tablet":{"background-color":"var(--ast-global-color-5)","background-image":"","background-repeat":"repeat","background-position":"center center","background-size":"auto","background-attachment":"scroll","background-type":"","background-media":"","overlay-type":"","overlay-color":"","overlay-opacity":"","overlay-gradient":""},"mobile":{"background-color":"var(--ast-global-color-5)","background-image":"","background-repeat":"repeat","background-position":"center center","background-size":"auto","background-attachment":"scroll","background-type":"","background-media":"","overlay-type":"","overlay-color":"","overlay-opacity":"","overlay-gradient":""}},"footnotes":""},"class_list":["post-10344","page","type-page","status-publish","hentry"],"yoast_head":"<!-- This site is optimized with the Yoast SEO plugin v27.5 - https:\/\/yoast.com\/product\/yoast-seo-wordpress\/ -->\n<title>Storytelling - TZ Stari Grad Otok Hvar<\/title>\n<meta name=\"robots\" content=\"index, follow, max-snippet:-1, max-image-preview:large, max-video-preview:-1\" \/>\n<link rel=\"canonical\" href=\"https:\/\/www.visit-stari-grad.com\/hr\/sto-ciniti\/dnevni-izleti\/storytelling\/\" \/>\n<meta property=\"og:locale\" content=\"hr_HR\" \/>\n<meta property=\"og:type\" content=\"article\" \/>\n<meta property=\"og:title\" content=\"Storytelling - TZ Stari Grad Otok Hvar\" \/>\n<meta property=\"og:description\" content=\"Storytelling Stari Grad &#8211; Otok Hvar \u0160etnja kroz povijest &#8211; interpretacijska pri\u010da o Petru Hektorovi\u0107u \u017divot Petra Hektorovi\u0107a, renesansnog pjesnika koji je obogatio hrvatsku knji\u017eevnost svojim Ribanjem i ribarskim prigovaranjem i Starom Gradu u naslje\u0111e ostavio najpoznatiju znamenitost, svoj ljetnikovac Tvrdalj, obiluje zanimljivostima i detaljima koje su poznate malom broju ljudi. Interpretacijska pri\u010da iskusnog, kostimiranog [&hellip;]\" \/>\n<meta property=\"og:url\" content=\"https:\/\/www.visit-stari-grad.com\/hr\/sto-ciniti\/dnevni-izleti\/storytelling\/\" \/>\n<meta property=\"og:site_name\" content=\"TZ Stari Grad Otok Hvar\" \/>\n<meta property=\"article:modified_time\" content=\"2021-08-03T10:13:26+00:00\" \/>\n<meta property=\"og:image\" content=\"https:\/\/www.visit-stari-grad.com\/wp-content\/uploads\/elementor\/thumbs\/MG_73391-pb2fcmqsdb1kptjsljfqsgeb62imz101196ll0wwxs.jpg\" \/>\n<meta name=\"twitter:card\" content=\"summary_large_image\" \/>\n<meta name=\"twitter:label1\" content=\"Procijenjeno vrijeme \u010ditanja\" \/>\n\t<meta name=\"twitter:data1\" content=\"1 minuta\" \/>\n<script type=\"application\/ld+json\" class=\"yoast-schema-graph\">{\"@context\":\"https:\\\/\\\/schema.org\",\"@graph\":[{\"@type\":\"WebPage\",\"@id\":\"https:\\\/\\\/www.visit-stari-grad.com\\\/hr\\\/sto-ciniti\\\/dnevni-izleti\\\/storytelling\\\/\",\"url\":\"https:\\\/\\\/www.visit-stari-grad.com\\\/hr\\\/sto-ciniti\\\/dnevni-izleti\\\/storytelling\\\/\",\"name\":\"Storytelling - TZ Stari Grad Otok Hvar\",\"isPartOf\":{\"@id\":\"https:\\\/\\\/www.visit-stari-grad.com\\\/hr\\\/#website\"},\"primaryImageOfPage\":{\"@id\":\"https:\\\/\\\/www.visit-stari-grad.com\\\/hr\\\/sto-ciniti\\\/dnevni-izleti\\\/storytelling\\\/#primaryimage\"},\"image\":{\"@id\":\"https:\\\/\\\/www.visit-stari-grad.com\\\/hr\\\/sto-ciniti\\\/dnevni-izleti\\\/storytelling\\\/#primaryimage\"},\"thumbnailUrl\":\"https:\\\/\\\/www.visit-stari-grad.com\\\/wp-content\\\/uploads\\\/elementor\\\/thumbs\\\/MG_73391-pb2fcmqsdb1kptjsljfqsgeb62imz101196ll0wwxs.jpg\",\"datePublished\":\"2021-07-07T13:15:58+00:00\",\"dateModified\":\"2021-08-03T10:13:26+00:00\",\"breadcrumb\":{\"@id\":\"https:\\\/\\\/www.visit-stari-grad.com\\\/hr\\\/sto-ciniti\\\/dnevni-izleti\\\/storytelling\\\/#breadcrumb\"},\"inLanguage\":\"hr\",\"potentialAction\":[{\"@type\":\"ReadAction\",\"target\":[\"https:\\\/\\\/www.visit-stari-grad.com\\\/hr\\\/sto-ciniti\\\/dnevni-izleti\\\/storytelling\\\/\"]}]},{\"@type\":\"ImageObject\",\"inLanguage\":\"hr\",\"@id\":\"https:\\\/\\\/www.visit-stari-grad.com\\\/hr\\\/sto-ciniti\\\/dnevni-izleti\\\/storytelling\\\/#primaryimage\",\"url\":\"https:\\\/\\\/www.visit-stari-grad.com\\\/wp-content\\\/uploads\\\/elementor\\\/thumbs\\\/MG_73391-pb2fcmqsdb1kptjsljfqsgeb62imz101196ll0wwxs.jpg\",\"contentUrl\":\"https:\\\/\\\/www.visit-stari-grad.com\\\/wp-content\\\/uploads\\\/elementor\\\/thumbs\\\/MG_73391-pb2fcmqsdb1kptjsljfqsgeb62imz101196ll0wwxs.jpg\"},{\"@type\":\"BreadcrumbList\",\"@id\":\"https:\\\/\\\/www.visit-stari-grad.com\\\/hr\\\/sto-ciniti\\\/dnevni-izleti\\\/storytelling\\\/#breadcrumb\",\"itemListElement\":[{\"@type\":\"ListItem\",\"position\":1,\"name\":\"Po\u010detna stranica\",\"item\":\"https:\\\/\\\/www.visit-stari-grad.com\\\/hr\\\/\"},{\"@type\":\"ListItem\",\"position\":2,\"name\":\"\u0160to \u010diniti\",\"item\":\"https:\\\/\\\/www.visit-stari-grad.com\\\/hr\\\/sto-ciniti\\\/\"},{\"@type\":\"ListItem\",\"position\":3,\"name\":\"Dnevni izleti i ture\",\"item\":\"https:\\\/\\\/www.visit-stari-grad.com\\\/hr\\\/what-to-do\\\/daily-escapes-2\\\/\"},{\"@type\":\"ListItem\",\"position\":4,\"name\":\"Storytelling\"}]},{\"@type\":\"WebSite\",\"@id\":\"https:\\\/\\\/www.visit-stari-grad.com\\\/hr\\\/#website\",\"url\":\"https:\\\/\\\/www.visit-stari-grad.com\\\/hr\\\/\",\"name\":\"TZ Stari Grad Otok Hvar\",\"description\":\"Dobrodo\u0161li na slu\u017ebenu web stranicu Turisti\u010dke zajednice Grada Starog Grad-a na kojoj mo\u017eete prona\u0107i sve informacije za va\u0161 savr\u0161en odmor na otoku Hvaru.\",\"publisher\":{\"@id\":\"https:\\\/\\\/www.visit-stari-grad.com\\\/hr\\\/#organization\"},\"potentialAction\":[{\"@type\":\"SearchAction\",\"target\":{\"@type\":\"EntryPoint\",\"urlTemplate\":\"https:\\\/\\\/www.visit-stari-grad.com\\\/hr\\\/?s={search_term_string}\"},\"query-input\":{\"@type\":\"PropertyValueSpecification\",\"valueRequired\":true,\"valueName\":\"search_term_string\"}}],\"inLanguage\":\"hr\"},{\"@type\":\"Organization\",\"@id\":\"https:\\\/\\\/www.visit-stari-grad.com\\\/hr\\\/#organization\",\"name\":\"Turisti\u010dka zajednica grada Staroga Grada\",\"url\":\"https:\\\/\\\/www.visit-stari-grad.com\\\/hr\\\/\",\"logo\":{\"@type\":\"ImageObject\",\"inLanguage\":\"hr\",\"@id\":\"https:\\\/\\\/www.visit-stari-grad.com\\\/hr\\\/#\\\/schema\\\/logo\\\/image\\\/\",\"url\":\"https:\\\/\\\/www.visit-stari-grad.com\\\/wp-content\\\/uploads\\\/2019\\\/05\\\/logo_TZ_Stari_Grad_w.png\",\"contentUrl\":\"https:\\\/\\\/www.visit-stari-grad.com\\\/wp-content\\\/uploads\\\/2019\\\/05\\\/logo_TZ_Stari_Grad_w.png\",\"width\":256,\"height\":72,\"caption\":\"Turisti\u010dka zajednica grada Staroga Grada\"},\"image\":{\"@id\":\"https:\\\/\\\/www.visit-stari-grad.com\\\/hr\\\/#\\\/schema\\\/logo\\\/image\\\/\"}}]}<\/script>\n<!-- \/ Yoast SEO plugin. -->","yoast_head_json":{"title":"Storytelling - TZ Stari Grad Otok Hvar","robots":{"index":"index","follow":"follow","max-snippet":"max-snippet:-1","max-image-preview":"max-image-preview:large","max-video-preview":"max-video-preview:-1"},"canonical":"https:\/\/www.visit-stari-grad.com\/hr\/sto-ciniti\/dnevni-izleti\/storytelling\/","og_locale":"hr_HR","og_type":"article","og_title":"Storytelling - TZ Stari Grad Otok Hvar","og_description":"Storytelling Stari Grad &#8211; Otok Hvar \u0160etnja kroz povijest &#8211; interpretacijska pri\u010da o Petru Hektorovi\u0107u \u017divot Petra Hektorovi\u0107a, renesansnog pjesnika koji je obogatio hrvatsku knji\u017eevnost svojim Ribanjem i ribarskim prigovaranjem i Starom Gradu u naslje\u0111e ostavio najpoznatiju znamenitost, svoj ljetnikovac Tvrdalj, obiluje zanimljivostima i detaljima koje su poznate malom broju ljudi. Interpretacijska pri\u010da iskusnog, kostimiranog [&hellip;]","og_url":"https:\/\/www.visit-stari-grad.com\/hr\/sto-ciniti\/dnevni-izleti\/storytelling\/","og_site_name":"TZ Stari Grad Otok Hvar","article_modified_time":"2021-08-03T10:13:26+00:00","og_image":[{"url":"https:\/\/www.visit-stari-grad.com\/wp-content\/uploads\/elementor\/thumbs\/MG_73391-pb2fcmqsdb1kptjsljfqsgeb62imz101196ll0wwxs.jpg","type":"","width":"","height":""}],"twitter_card":"summary_large_image","twitter_misc":{"Procijenjeno vrijeme \u010ditanja":"1 minuta"},"schema":{"@context":"https:\/\/schema.org","@graph":[{"@type":"WebPage","@id":"https:\/\/www.visit-stari-grad.com\/hr\/sto-ciniti\/dnevni-izleti\/storytelling\/","url":"https:\/\/www.visit-stari-grad.com\/hr\/sto-ciniti\/dnevni-izleti\/storytelling\/","name":"Storytelling - TZ Stari Grad Otok Hvar","isPartOf":{"@id":"https:\/\/www.visit-stari-grad.com\/hr\/#website"},"primaryImageOfPage":{"@id":"https:\/\/www.visit-stari-grad.com\/hr\/sto-ciniti\/dnevni-izleti\/storytelling\/#primaryimage"},"image":{"@id":"https:\/\/www.visit-stari-grad.com\/hr\/sto-ciniti\/dnevni-izleti\/storytelling\/#primaryimage"},"thumbnailUrl":"https:\/\/www.visit-stari-grad.com\/wp-content\/uploads\/elementor\/thumbs\/MG_73391-pb2fcmqsdb1kptjsljfqsgeb62imz101196ll0wwxs.jpg","datePublished":"2021-07-07T13:15:58+00:00","dateModified":"2021-08-03T10:13:26+00:00","breadcrumb":{"@id":"https:\/\/www.visit-stari-grad.com\/hr\/sto-ciniti\/dnevni-izleti\/storytelling\/#breadcrumb"},"inLanguage":"hr","potentialAction":[{"@type":"ReadAction","target":["https:\/\/www.visit-stari-grad.com\/hr\/sto-ciniti\/dnevni-izleti\/storytelling\/"]}]},{"@type":"ImageObject","inLanguage":"hr","@id":"https:\/\/www.visit-stari-grad.com\/hr\/sto-ciniti\/dnevni-izleti\/storytelling\/#primaryimage","url":"https:\/\/www.visit-stari-grad.com\/wp-content\/uploads\/elementor\/thumbs\/MG_73391-pb2fcmqsdb1kptjsljfqsgeb62imz101196ll0wwxs.jpg","contentUrl":"https:\/\/www.visit-stari-grad.com\/wp-content\/uploads\/elementor\/thumbs\/MG_73391-pb2fcmqsdb1kptjsljfqsgeb62imz101196ll0wwxs.jpg"},{"@type":"BreadcrumbList","@id":"https:\/\/www.visit-stari-grad.com\/hr\/sto-ciniti\/dnevni-izleti\/storytelling\/#breadcrumb","itemListElement":[{"@type":"ListItem","position":1,"name":"Po\u010detna stranica","item":"https:\/\/www.visit-stari-grad.com\/hr\/"},{"@type":"ListItem","position":2,"name":"\u0160to \u010diniti","item":"https:\/\/www.visit-stari-grad.com\/hr\/sto-ciniti\/"},{"@type":"ListItem","position":3,"name":"Dnevni izleti i ture","item":"https:\/\/www.visit-stari-grad.com\/hr\/what-to-do\/daily-escapes-2\/"},{"@type":"ListItem","position":4,"name":"Storytelling"}]},{"@type":"WebSite","@id":"https:\/\/www.visit-stari-grad.com\/hr\/#website","url":"https:\/\/www.visit-stari-grad.com\/hr\/","name":"TZ Stari Grad Otok Hvar","description":"Dobrodo\u0161li na slu\u017ebenu web stranicu Turisti\u010dke zajednice Grada Starog Grad-a na kojoj mo\u017eete prona\u0107i sve informacije za va\u0161 savr\u0161en odmor na otoku Hvaru.","publisher":{"@id":"https:\/\/www.visit-stari-grad.com\/hr\/#organization"},"potentialAction":[{"@type":"SearchAction","target":{"@type":"EntryPoint","urlTemplate":"https:\/\/www.visit-stari-grad.com\/hr\/?s={search_term_string}"},"query-input":{"@type":"PropertyValueSpecification","valueRequired":true,"valueName":"search_term_string"}}],"inLanguage":"hr"},{"@type":"Organization","@id":"https:\/\/www.visit-stari-grad.com\/hr\/#organization","name":"Turisti\u010dka zajednica grada Staroga Grada","url":"https:\/\/www.visit-stari-grad.com\/hr\/","logo":{"@type":"ImageObject","inLanguage":"hr","@id":"https:\/\/www.visit-stari-grad.com\/hr\/#\/schema\/logo\/image\/","url":"https:\/\/www.visit-stari-grad.com\/wp-content\/uploads\/2019\/05\/logo_TZ_Stari_Grad_w.png","contentUrl":"https:\/\/www.visit-stari-grad.com\/wp-content\/uploads\/2019\/05\/logo_TZ_Stari_Grad_w.png","width":256,"height":72,"caption":"Turisti\u010dka zajednica grada Staroga Grada"},"image":{"@id":"https:\/\/www.visit-stari-grad.com\/hr\/#\/schema\/logo\/image\/"}}]}},"_links":{"self":[{"href":"https:\/\/www.visit-stari-grad.com\/hr\/wp-json\/wp\/v2\/pages\/10344","targetHints":{"allow":["GET"]}}],"collection":[{"href":"https:\/\/www.visit-stari-grad.com\/hr\/wp-json\/wp\/v2\/pages"}],"about":[{"href":"https:\/\/www.visit-stari-grad.com\/hr\/wp-json\/wp\/v2\/types\/page"}],"author":[{"embeddable":true,"href":"https:\/\/www.visit-stari-grad.com\/hr\/wp-json\/wp\/v2\/users\/1"}],"replies":[{"embeddable":true,"href":"https:\/\/www.visit-stari-grad.com\/hr\/wp-json\/wp\/v2\/comments?post=10344"}],"version-history":[{"count":0,"href":"https:\/\/www.visit-stari-grad.com\/hr\/wp-json\/wp\/v2\/pages\/10344\/revisions"}],"up":[{"embeddable":true,"href":"https:\/\/www.visit-stari-grad.com\/hr\/wp-json\/wp\/v2\/pages\/6761"}],"wp:attachment":[{"href":"https:\/\/www.visit-stari-grad.com\/hr\/wp-json\/wp\/v2\/media?parent=10344"}],"curies":[{"name":"wp","href":"https:\/\/api.w.org\/{rel}","templated":true}]}}