{"id":1214,"date":"2019-07-10T23:12:53","date_gmt":"2019-07-10T21:12:53","guid":{"rendered":"http:\/\/www.visit-stari-grad.com\/?page_id=1214"},"modified":"2020-02-25T09:17:15","modified_gmt":"2020-02-25T08:17:15","slug":"kazaliste-petar-hektorovic","status":"publish","type":"page","link":"https:\/\/www.visit-stari-grad.com\/hr\/sto-vidjeti\/kino-i-kazaliste\/kazaliste-petar-hektorovic\/","title":{"rendered":"Kazali\u0161te Petar Hektorovi\u0107"},"content":{"rendered":"\t\t<div data-elementor-type=\"wp-post\" data-elementor-id=\"1214\" class=\"elementor elementor-1214\" data-elementor-post-type=\"page\">\n\t\t\t\t\t\t<section class=\"elementor-section elementor-top-section elementor-element elementor-element-f849223 elementor-section-stretched elementor-section-boxed elementor-section-height-default elementor-section-height-default\" data-id=\"f849223\" data-element_type=\"section\" data-e-type=\"section\" data-settings=\"{&quot;stretch_section&quot;:&quot;section-stretched&quot;,&quot;background_background&quot;:&quot;classic&quot;}\">\n\t\t\t\t\t\t\t<div class=\"elementor-background-overlay\"><\/div>\n\t\t\t\t\t\t\t<div class=\"elementor-container elementor-column-gap-default\">\n\t\t\t\t\t<div class=\"elementor-column elementor-col-100 elementor-top-column elementor-element elementor-element-7b671436 elementor-invisible\" data-id=\"7b671436\" data-element_type=\"column\" data-e-type=\"column\" data-settings=\"{&quot;background_background&quot;:&quot;classic&quot;,&quot;animation&quot;:&quot;fadeInLeft&quot;,&quot;animation_delay&quot;:&quot;300&quot;}\">\n\t\t\t<div class=\"elementor-widget-wrap elementor-element-populated\">\n\t\t\t\t\t<div class=\"elementor-background-overlay\"><\/div>\n\t\t\t\t\t\t<div class=\"elementor-element elementor-element-25688080 elementor-invisible elementor-widget elementor-widget-heading\" data-id=\"25688080\" data-element_type=\"widget\" data-e-type=\"widget\" data-settings=\"{&quot;_animation&quot;:&quot;fadeInLeft&quot;,&quot;_animation_delay&quot;:&quot;700&quot;}\" data-widget_type=\"heading.default\">\n\t\t\t\t<div class=\"elementor-widget-container\">\n\t\t\t\t\t<h1 class=\"elementor-heading-title elementor-size-default\">Kazali\u0161te Petar Hektorovi\u0107<\/h1>\t\t\t\t<\/div>\n\t\t\t\t<\/div>\n\t\t\t\t\t<\/div>\n\t\t<\/div>\n\t\t\t\t\t<\/div>\n\t\t<\/section>\n\t\t\t\t<section class=\"elementor-section elementor-top-section elementor-element elementor-element-61d864f8 elementor-section-boxed elementor-section-height-default elementor-section-height-default\" data-id=\"61d864f8\" data-element_type=\"section\" data-e-type=\"section\">\n\t\t\t\t\t\t<div class=\"elementor-container elementor-column-gap-default\">\n\t\t\t\t\t<div class=\"elementor-column elementor-col-100 elementor-top-column elementor-element elementor-element-31ad7f8f\" data-id=\"31ad7f8f\" data-element_type=\"column\" data-e-type=\"column\">\n\t\t\t<div class=\"elementor-widget-wrap elementor-element-populated\">\n\t\t\t\t\t\t<section class=\"elementor-section elementor-inner-section elementor-element elementor-element-6aa608ff elementor-section-content-top elementor-section-boxed elementor-section-height-default elementor-section-height-default\" data-id=\"6aa608ff\" data-element_type=\"section\" data-e-type=\"section\">\n\t\t\t\t\t\t<div class=\"elementor-container elementor-column-gap-default\">\n\t\t\t\t\t<div class=\"elementor-column elementor-col-66 elementor-inner-column elementor-element elementor-element-6b00bdc1\" data-id=\"6b00bdc1\" data-element_type=\"column\" data-e-type=\"column\">\n\t\t\t<div class=\"elementor-widget-wrap elementor-element-populated\">\n\t\t\t\t\t\t<div class=\"elementor-element elementor-element-329f3235 elementor-widget elementor-widget-text-editor\" data-id=\"329f3235\" data-element_type=\"widget\" data-e-type=\"widget\" data-widget_type=\"text-editor.default\">\n\t\t\t\t<div class=\"elementor-widget-container\">\n\t\t\t\t\t\t\t\t\t<p>Amatersko kazali\u0161te Petar Hektorovi\u0107 osnovano je daleke 1880. godine na temeljima kazali\u0161nog \u017eivota iz XVI stolje\u0107a u doba renesansnog pjesnika Petra Hektorovi\u0107a.<\/p><p>Tada\u0161nji kazali\u0161ni \u017eivot odvijao se na otvorenom (crkvena prikazanja), a osnutkom amaterskog kazali\u0161ta, preko trajne dramske scene prije i poslije II Svjetskog rata, ta se tradicija uspje\u0161no nastavlja sve do dana\u0161njih dana.<\/p><p>Dakako, odr\u017eano je tisu\u0107e i tisu\u0107e proba na kojima je uvje\u017ebano preko stotinu predstava, izvedenih pred mnogobrojnom publikom, od 1973. do 2011.godine uprizoreno je 28 premijera koje su do\u017eivjele vi\u0161e stotina izvedbi.<\/p><p>Pored predstava, sudjelovanja na susretima, smotrama, festivalima te gostovanjima, kazali\u0161te se iskazalo i vrlo uspje\u0161nim organizacijama susreta kazali\u0161nih amatera Dalmacije i Festivala hrvatskih kazali\u0161nih amatera.<\/p><p>Nova generacije kazali\u0161nih amatera okupljenih u amaterskom kazali\u0161tu Petar Hektorovi\u0107, izvela je u 2013. godini odli\u010dnu predstavu &#8220;Ribarske sva\u0111e&#8221; autora Carla Goldonija koja je u samo dva mjeseca tri puta izvedena u starogradskom kazali\u0161tu.<\/p>\t\t\t\t\t\t\t\t<\/div>\n\t\t\t\t<\/div>\n\t\t\t\t\t<\/div>\n\t\t<\/div>\n\t\t\t\t<div class=\"elementor-column elementor-col-33 elementor-inner-column elementor-element elementor-element-158e2c1a\" data-id=\"158e2c1a\" data-element_type=\"column\" data-e-type=\"column\">\n\t\t\t<div class=\"elementor-widget-wrap elementor-element-populated\">\n\t\t\t\t\t\t<div class=\"elementor-element elementor-element-aded8e5 elementor-cta--valign-middle elementor-cta--skin-classic elementor-animated-content elementor-bg-transform elementor-bg-transform-zoom-in elementor-widget elementor-widget-call-to-action\" data-id=\"aded8e5\" data-element_type=\"widget\" data-e-type=\"widget\" data-widget_type=\"call-to-action.default\">\n\t\t\t\t<div class=\"elementor-widget-container\">\n\t\t\t\t\t\t\t<a class=\"elementor-cta\" href=\"https:\/\/goo.gl\/maps\/mk4eyQ2BSSSGYn6X6\" target=\"_blank\">\n\t\t\t\t\t\t\t<div class=\"elementor-cta__content\">\n\t\t\t\t\t\t\t\t\t<div class=\"elementor-content-item elementor-cta__content-item elementor-icon-wrapper elementor-cta__icon elementor-view-default\">\n\t\t\t\t\t\t<div class=\"elementor-icon\">\n\t\t\t\t\t\t\t<i aria-hidden=\"true\" class=\"fas fa-map-marker-alt\"><\/i>\t\t\t\t\t\t<\/div>\n\t\t\t\t\t<\/div>\n\t\t\t\t\n\t\t\t\t\t\t\t\t\t<h2 class=\"elementor-cta__title elementor-cta__content-item elementor-content-item\">\n\t\t\t\t\t\tPRIKA\u017dI NA KARTI\t\t\t\t\t<\/h2>\n\t\t\t\t\n\t\t\t\t\n\t\t\t\t\t\t\t<\/div>\n\t\t\t\t\t\t<\/a>\n\t\t\t\t\t\t<\/div>\n\t\t\t\t<\/div>\n\t\t\t\t\t<\/div>\n\t\t<\/div>\n\t\t\t\t\t<\/div>\n\t\t<\/section>\n\t\t\t\t\t<\/div>\n\t\t<\/div>\n\t\t\t\t\t<\/div>\n\t\t<\/section>\n\t\t\t\t<section class=\"elementor-section elementor-top-section elementor-element elementor-element-27b54487 elementor-section-full_width elementor-section-height-default elementor-section-height-default\" data-id=\"27b54487\" data-element_type=\"section\" data-e-type=\"section\">\n\t\t\t\t\t\t<div class=\"elementor-container elementor-column-gap-no\">\n\t\t\t\t\t<div class=\"elementor-column elementor-col-100 elementor-top-column elementor-element elementor-element-5cf305d6\" data-id=\"5cf305d6\" data-element_type=\"column\" data-e-type=\"column\">\n\t\t\t<div class=\"elementor-widget-wrap elementor-element-populated\">\n\t\t\t\t\t\t<div class=\"elementor-element elementor-element-5747de2e elementor-arrows-position-inside elementor-widget elementor-widget-image-carousel\" data-id=\"5747de2e\" data-element_type=\"widget\" data-e-type=\"widget\" data-settings=\"{&quot;slides_to_show&quot;:&quot;3&quot;,&quot;slides_to_scroll&quot;:&quot;1&quot;,&quot;navigation&quot;:&quot;arrows&quot;,&quot;autoplay_speed&quot;:3500,&quot;autoplay&quot;:&quot;yes&quot;,&quot;pause_on_hover&quot;:&quot;yes&quot;,&quot;pause_on_interaction&quot;:&quot;yes&quot;,&quot;infinite&quot;:&quot;yes&quot;,&quot;speed&quot;:500}\" data-widget_type=\"image-carousel.default\">\n\t\t\t\t<div class=\"elementor-widget-container\">\n\t\t\t\t\t\t\t<div class=\"elementor-image-carousel-wrapper swiper\" role=\"region\" aria-roledescription=\"carousel\" aria-label=\"Vrtuljak slika\" dir=\"rtl\">\n\t\t\t<div class=\"elementor-image-carousel swiper-wrapper\" aria-live=\"off\">\n\t\t\t\t\t\t\t\t<div class=\"swiper-slide\" role=\"group\" aria-roledescription=\"slide\" aria-label=\"1 od 3\"><a data-elementor-open-lightbox=\"yes\" data-elementor-lightbox-slideshow=\"5747de2e\" data-elementor-lightbox-title=\"kino-stari-grad\" data-e-action-hash=\"#elementor-action%3Aaction%3Dlightbox%26settings%3DeyJpZCI6NDA3MSwidXJsIjoiaHR0cHM6XC9cL3d3dy52aXNpdC1zdGFyaS1ncmFkLmNvbVwvd3AtY29udGVudFwvdXBsb2Fkc1wvMjAxOVwvMTFcL2tpbm8tc3RhcmktZ3JhZC5qcGciLCJzbGlkZXNob3ciOiI1NzQ3ZGUyZSJ9\" href=\"https:\/\/www.visit-stari-grad.com\/wp-content\/uploads\/2019\/11\/kino-stari-grad.jpg\"><figure class=\"swiper-slide-inner\"><img decoding=\"async\" class=\"swiper-slide-image\" src=\"https:\/\/www.visit-stari-grad.com\/wp-content\/uploads\/elementor\/thumbs\/kino-stari-grad-omwvl2tcpn7r8mg09357fj5aunnqv8dy1coh8c9rj4.jpg\" alt=\"kino-stari-grad\" \/><\/figure><\/a><\/div><div class=\"swiper-slide\" role=\"group\" aria-roledescription=\"slide\" aria-label=\"2 od 3\"><a data-elementor-open-lightbox=\"yes\" data-elementor-lightbox-slideshow=\"5747de2e\" data-elementor-lightbox-title=\"1935331_10154091591702764_4795088942295647531_n\" data-e-action-hash=\"#elementor-action%3Aaction%3Dlightbox%26settings%3DeyJpZCI6NDY5NywidXJsIjoiaHR0cHM6XC9cL3d3dy52aXNpdC1zdGFyaS1ncmFkLmNvbVwvd3AtY29udGVudFwvdXBsb2Fkc1wvMjAyMFwvMDJcLzE5MzUzMzFfMTAxNTQwOTE1OTE3MDI3NjRfNDc5NTA4ODk0MjI5NTY0NzUzMV9uLmpwZyIsInNsaWRlc2hvdyI6IjU3NDdkZTJlIn0%3D\" href=\"https:\/\/www.visit-stari-grad.com\/wp-content\/uploads\/2020\/02\/1935331_10154091591702764_4795088942295647531_n.jpg\"><figure class=\"swiper-slide-inner\"><img decoding=\"async\" class=\"swiper-slide-image\" src=\"https:\/\/www.visit-stari-grad.com\/wp-content\/uploads\/elementor\/thumbs\/1935331_10154091591702764_4795088942295647531_n-ol2cfqlqf185frk6o7ka6p1uszdqc4rmtjpgw1fvs0.jpg\" alt=\"1935331_10154091591702764_4795088942295647531_n\" \/><\/figure><\/a><\/div><div class=\"swiper-slide\" role=\"group\" aria-roledescription=\"slide\" aria-label=\"3 od 3\"><a data-elementor-open-lightbox=\"yes\" data-elementor-lightbox-slideshow=\"5747de2e\" data-elementor-lightbox-title=\"11062022_762888790499493_518642484228510531_n\" data-e-action-hash=\"#elementor-action%3Aaction%3Dlightbox%26settings%3DeyJpZCI6NDY5OCwidXJsIjoiaHR0cHM6XC9cL3d3dy52aXNpdC1zdGFyaS1ncmFkLmNvbVwvd3AtY29udGVudFwvdXBsb2Fkc1wvMjAyMFwvMDJcLzExMDYyMDIyXzc2Mjg4ODc5MDQ5OTQ5M181MTg2NDI0ODQyMjg1MTA1MzFfbi5qcGciLCJzbGlkZXNob3ciOiI1NzQ3ZGUyZSJ9\" href=\"https:\/\/www.visit-stari-grad.com\/wp-content\/uploads\/2020\/02\/11062022_762888790499493_518642484228510531_n.jpg\"><figure class=\"swiper-slide-inner\"><img decoding=\"async\" class=\"swiper-slide-image\" src=\"https:\/\/www.visit-stari-grad.com\/wp-content\/uploads\/elementor\/thumbs\/11062022_762888790499493_518642484228510531_n-omwtiui6znlkd89opi0v0rhu07j7zqp25xz1uoc0ww.jpg\" alt=\"11062022_762888790499493_518642484228510531_n\" \/><\/figure><\/a><\/div>\t\t\t<\/div>\n\t\t\t\t\t\t\t\t\t\t\t\t<div class=\"elementor-swiper-button elementor-swiper-button-prev\" role=\"button\" tabindex=\"0\">\n\t\t\t\t\t\t<i aria-hidden=\"true\" class=\"eicon-chevron-left\"><\/i>\t\t\t\t\t<\/div>\n\t\t\t\t\t<div class=\"elementor-swiper-button elementor-swiper-button-next\" role=\"button\" tabindex=\"0\">\n\t\t\t\t\t\t<i aria-hidden=\"true\" class=\"eicon-chevron-right\"><\/i>\t\t\t\t\t<\/div>\n\t\t\t\t\n\t\t\t\t\t\t\t\t\t<\/div>\n\t\t\t\t\t\t<\/div>\n\t\t\t\t<\/div>\n\t\t\t\t\t<\/div>\n\t\t<\/div>\n\t\t\t\t\t<\/div>\n\t\t<\/section>\n\t\t\t\t<\/div>\n\t\t","protected":false},"excerpt":{"rendered":"<p>Kazali\u0161te Petar Hektorovi\u0107 Amatersko kazali\u0161te Petar Hektorovi\u0107 osnovano je daleke 1880. godine na temeljima kazali\u0161nog \u017eivota iz XVI stolje\u0107a u doba renesansnog pjesnika Petra Hektorovi\u0107a. Tada\u0161nji kazali\u0161ni \u017eivot odvijao se na otvorenom (crkvena prikazanja), a osnutkom amaterskog kazali\u0161ta, preko trajne dramske scene prije i poslije II Svjetskog rata, ta se tradicija uspje\u0161no nastavlja sve do [&hellip;]<\/p>\n","protected":false},"author":1,"featured_media":0,"parent":3868,"menu_order":0,"comment_status":"closed","ping_status":"closed","template":"","meta":{"site-sidebar-layout":"no-sidebar","site-content-layout":"page-builder","ast-site-content-layout":"default","site-content-style":"default","site-sidebar-style":"default","ast-global-header-display":"","ast-banner-title-visibility":"","ast-main-header-display":"","ast-hfb-above-header-display":"","ast-hfb-below-header-display":"","ast-hfb-mobile-header-display":"","site-post-title":"disabled","ast-breadcrumbs-content":"","ast-featured-img":"disabled","footer-sml-layout":"","ast-disable-related-posts":"","theme-transparent-header-meta":"default","adv-header-id-meta":"","stick-header-meta":"default","header-above-stick-meta":"","header-main-stick-meta":"","header-below-stick-meta":"","astra-migrate-meta-layouts":"default","ast-page-background-enabled":"default","ast-page-background-meta":{"desktop":{"background-color":"","background-image":"","background-repeat":"repeat","background-position":"center center","background-size":"auto","background-attachment":"scroll","background-type":"","background-media":"","overlay-type":"","overlay-color":"","overlay-opacity":"","overlay-gradient":""},"tablet":{"background-color":"","background-image":"","background-repeat":"repeat","background-position":"center center","background-size":"auto","background-attachment":"scroll","background-type":"","background-media":"","overlay-type":"","overlay-color":"","overlay-opacity":"","overlay-gradient":""},"mobile":{"background-color":"","background-image":"","background-repeat":"repeat","background-position":"center center","background-size":"auto","background-attachment":"scroll","background-type":"","background-media":"","overlay-type":"","overlay-color":"","overlay-opacity":"","overlay-gradient":""}},"ast-content-background-meta":{"desktop":{"background-color":"var(--ast-global-color-5)","background-image":"","background-repeat":"repeat","background-position":"center center","background-size":"auto","background-attachment":"scroll","background-type":"","background-media":"","overlay-type":"","overlay-color":"","overlay-opacity":"","overlay-gradient":""},"tablet":{"background-color":"var(--ast-global-color-5)","background-image":"","background-repeat":"repeat","background-position":"center center","background-size":"auto","background-attachment":"scroll","background-type":"","background-media":"","overlay-type":"","overlay-color":"","overlay-opacity":"","overlay-gradient":""},"mobile":{"background-color":"var(--ast-global-color-5)","background-image":"","background-repeat":"repeat","background-position":"center center","background-size":"auto","background-attachment":"scroll","background-type":"","background-media":"","overlay-type":"","overlay-color":"","overlay-opacity":"","overlay-gradient":""}},"footnotes":""},"class_list":["post-1214","page","type-page","status-publish","hentry"],"yoast_head":"<!-- This site is optimized with the Yoast SEO plugin v27.4 - https:\/\/yoast.com\/product\/yoast-seo-wordpress\/ -->\n<title>Kazali\u0161te Petar Hektorovi\u0107 - TZ Stari Grad Otok Hvar<\/title>\n<meta name=\"robots\" content=\"index, follow, max-snippet:-1, max-image-preview:large, max-video-preview:-1\" \/>\n<link rel=\"canonical\" href=\"https:\/\/www.visit-stari-grad.com\/hr\/sto-vidjeti\/kino-i-kazaliste\/kazaliste-petar-hektorovic\/\" \/>\n<meta property=\"og:locale\" content=\"hr_HR\" \/>\n<meta property=\"og:type\" content=\"article\" \/>\n<meta property=\"og:title\" content=\"Kazali\u0161te Petar Hektorovi\u0107 - TZ Stari Grad Otok Hvar\" \/>\n<meta property=\"og:description\" content=\"Kazali\u0161te Petar Hektorovi\u0107 Amatersko kazali\u0161te Petar Hektorovi\u0107 osnovano je daleke 1880. godine na temeljima kazali\u0161nog \u017eivota iz XVI stolje\u0107a u doba renesansnog pjesnika Petra Hektorovi\u0107a. Tada\u0161nji kazali\u0161ni \u017eivot odvijao se na otvorenom (crkvena prikazanja), a osnutkom amaterskog kazali\u0161ta, preko trajne dramske scene prije i poslije II Svjetskog rata, ta se tradicija uspje\u0161no nastavlja sve do [&hellip;]\" \/>\n<meta property=\"og:url\" content=\"https:\/\/www.visit-stari-grad.com\/hr\/sto-vidjeti\/kino-i-kazaliste\/kazaliste-petar-hektorovic\/\" \/>\n<meta property=\"og:site_name\" content=\"TZ Stari Grad Otok Hvar\" \/>\n<meta property=\"article:modified_time\" content=\"2020-02-25T08:17:15+00:00\" \/>\n<meta property=\"og:image\" content=\"https:\/\/www.visit-stari-grad.com\/wp-content\/uploads\/elementor\/thumbs\/kino-stari-grad-oggyk1twqmco4rwzwp82ski6i8f71b29ul84ol176o.jpg\" \/>\n<meta name=\"twitter:card\" content=\"summary_large_image\" \/>\n<meta name=\"twitter:label1\" content=\"Procijenjeno vrijeme \u010ditanja\" \/>\n\t<meta name=\"twitter:data1\" content=\"1 minuta\" \/>\n<script type=\"application\/ld+json\" class=\"yoast-schema-graph\">{\"@context\":\"https:\\\/\\\/schema.org\",\"@graph\":[{\"@type\":\"WebPage\",\"@id\":\"https:\\\/\\\/www.visit-stari-grad.com\\\/hr\\\/sto-vidjeti\\\/kino-i-kazaliste\\\/kazaliste-petar-hektorovic\\\/\",\"url\":\"https:\\\/\\\/www.visit-stari-grad.com\\\/hr\\\/sto-vidjeti\\\/kino-i-kazaliste\\\/kazaliste-petar-hektorovic\\\/\",\"name\":\"Kazali\u0161te Petar Hektorovi\u0107 - TZ Stari Grad Otok Hvar\",\"isPartOf\":{\"@id\":\"https:\\\/\\\/www.visit-stari-grad.com\\\/hr\\\/#website\"},\"primaryImageOfPage\":{\"@id\":\"https:\\\/\\\/www.visit-stari-grad.com\\\/hr\\\/sto-vidjeti\\\/kino-i-kazaliste\\\/kazaliste-petar-hektorovic\\\/#primaryimage\"},\"image\":{\"@id\":\"https:\\\/\\\/www.visit-stari-grad.com\\\/hr\\\/sto-vidjeti\\\/kino-i-kazaliste\\\/kazaliste-petar-hektorovic\\\/#primaryimage\"},\"thumbnailUrl\":\"https:\\\/\\\/www.visit-stari-grad.com\\\/wp-content\\\/uploads\\\/elementor\\\/thumbs\\\/kino-stari-grad-oggyk1twqmco4rwzwp82ski6i8f71b29ul84ol176o.jpg\",\"datePublished\":\"2019-07-10T21:12:53+00:00\",\"dateModified\":\"2020-02-25T08:17:15+00:00\",\"breadcrumb\":{\"@id\":\"https:\\\/\\\/www.visit-stari-grad.com\\\/hr\\\/sto-vidjeti\\\/kino-i-kazaliste\\\/kazaliste-petar-hektorovic\\\/#breadcrumb\"},\"inLanguage\":\"hr\",\"potentialAction\":[{\"@type\":\"ReadAction\",\"target\":[\"https:\\\/\\\/www.visit-stari-grad.com\\\/hr\\\/sto-vidjeti\\\/kino-i-kazaliste\\\/kazaliste-petar-hektorovic\\\/\"]}]},{\"@type\":\"ImageObject\",\"inLanguage\":\"hr\",\"@id\":\"https:\\\/\\\/www.visit-stari-grad.com\\\/hr\\\/sto-vidjeti\\\/kino-i-kazaliste\\\/kazaliste-petar-hektorovic\\\/#primaryimage\",\"url\":\"https:\\\/\\\/www.visit-stari-grad.com\\\/wp-content\\\/uploads\\\/elementor\\\/thumbs\\\/kino-stari-grad-oggyk1twqmco4rwzwp82ski6i8f71b29ul84ol176o.jpg\",\"contentUrl\":\"https:\\\/\\\/www.visit-stari-grad.com\\\/wp-content\\\/uploads\\\/elementor\\\/thumbs\\\/kino-stari-grad-oggyk1twqmco4rwzwp82ski6i8f71b29ul84ol176o.jpg\"},{\"@type\":\"BreadcrumbList\",\"@id\":\"https:\\\/\\\/www.visit-stari-grad.com\\\/hr\\\/sto-vidjeti\\\/kino-i-kazaliste\\\/kazaliste-petar-hektorovic\\\/#breadcrumb\",\"itemListElement\":[{\"@type\":\"ListItem\",\"position\":1,\"name\":\"Po\u010detna stranica\",\"item\":\"https:\\\/\\\/www.visit-stari-grad.com\\\/hr\\\/\"},{\"@type\":\"ListItem\",\"position\":2,\"name\":\"\u0160to vidjeti\",\"item\":\"https:\\\/\\\/www.visit-stari-grad.com\\\/hr\\\/sto-vidjeti\\\/\"},{\"@type\":\"ListItem\",\"position\":3,\"name\":\"Kino i kazali\u0161te\",\"item\":\"https:\\\/\\\/www.visit-stari-grad.com\\\/hr\\\/sto-vidjeti\\\/kino-i-kazaliste\\\/\"},{\"@type\":\"ListItem\",\"position\":4,\"name\":\"Kazali\u0161te Petar Hektorovi\u0107\"}]},{\"@type\":\"WebSite\",\"@id\":\"https:\\\/\\\/www.visit-stari-grad.com\\\/hr\\\/#website\",\"url\":\"https:\\\/\\\/www.visit-stari-grad.com\\\/hr\\\/\",\"name\":\"TZ Stari Grad Otok Hvar\",\"description\":\"Dobrodo\u0161li na slu\u017ebenu web stranicu Turisti\u010dke zajednice Grada Starog Grad-a na kojoj mo\u017eete prona\u0107i sve informacije za va\u0161 savr\u0161en odmor na otoku Hvaru.\",\"publisher\":{\"@id\":\"https:\\\/\\\/www.visit-stari-grad.com\\\/hr\\\/#organization\"},\"potentialAction\":[{\"@type\":\"SearchAction\",\"target\":{\"@type\":\"EntryPoint\",\"urlTemplate\":\"https:\\\/\\\/www.visit-stari-grad.com\\\/hr\\\/?s={search_term_string}\"},\"query-input\":{\"@type\":\"PropertyValueSpecification\",\"valueRequired\":true,\"valueName\":\"search_term_string\"}}],\"inLanguage\":\"hr\"},{\"@type\":\"Organization\",\"@id\":\"https:\\\/\\\/www.visit-stari-grad.com\\\/hr\\\/#organization\",\"name\":\"Turisti\u010dka zajednica grada Staroga Grada\",\"url\":\"https:\\\/\\\/www.visit-stari-grad.com\\\/hr\\\/\",\"logo\":{\"@type\":\"ImageObject\",\"inLanguage\":\"hr\",\"@id\":\"https:\\\/\\\/www.visit-stari-grad.com\\\/hr\\\/#\\\/schema\\\/logo\\\/image\\\/\",\"url\":\"https:\\\/\\\/www.visit-stari-grad.com\\\/wp-content\\\/uploads\\\/2019\\\/05\\\/logo_TZ_Stari_Grad_w.png\",\"contentUrl\":\"https:\\\/\\\/www.visit-stari-grad.com\\\/wp-content\\\/uploads\\\/2019\\\/05\\\/logo_TZ_Stari_Grad_w.png\",\"width\":256,\"height\":72,\"caption\":\"Turisti\u010dka zajednica grada Staroga Grada\"},\"image\":{\"@id\":\"https:\\\/\\\/www.visit-stari-grad.com\\\/hr\\\/#\\\/schema\\\/logo\\\/image\\\/\"}}]}<\/script>\n<!-- \/ Yoast SEO plugin. -->","yoast_head_json":{"title":"Kazali\u0161te Petar Hektorovi\u0107 - TZ Stari Grad Otok Hvar","robots":{"index":"index","follow":"follow","max-snippet":"max-snippet:-1","max-image-preview":"max-image-preview:large","max-video-preview":"max-video-preview:-1"},"canonical":"https:\/\/www.visit-stari-grad.com\/hr\/sto-vidjeti\/kino-i-kazaliste\/kazaliste-petar-hektorovic\/","og_locale":"hr_HR","og_type":"article","og_title":"Kazali\u0161te Petar Hektorovi\u0107 - TZ Stari Grad Otok Hvar","og_description":"Kazali\u0161te Petar Hektorovi\u0107 Amatersko kazali\u0161te Petar Hektorovi\u0107 osnovano je daleke 1880. godine na temeljima kazali\u0161nog \u017eivota iz XVI stolje\u0107a u doba renesansnog pjesnika Petra Hektorovi\u0107a. Tada\u0161nji kazali\u0161ni \u017eivot odvijao se na otvorenom (crkvena prikazanja), a osnutkom amaterskog kazali\u0161ta, preko trajne dramske scene prije i poslije II Svjetskog rata, ta se tradicija uspje\u0161no nastavlja sve do [&hellip;]","og_url":"https:\/\/www.visit-stari-grad.com\/hr\/sto-vidjeti\/kino-i-kazaliste\/kazaliste-petar-hektorovic\/","og_site_name":"TZ Stari Grad Otok Hvar","article_modified_time":"2020-02-25T08:17:15+00:00","og_image":[{"url":"https:\/\/www.visit-stari-grad.com\/wp-content\/uploads\/elementor\/thumbs\/kino-stari-grad-oggyk1twqmco4rwzwp82ski6i8f71b29ul84ol176o.jpg","type":"","width":"","height":""}],"twitter_card":"summary_large_image","twitter_misc":{"Procijenjeno vrijeme \u010ditanja":"1 minuta"},"schema":{"@context":"https:\/\/schema.org","@graph":[{"@type":"WebPage","@id":"https:\/\/www.visit-stari-grad.com\/hr\/sto-vidjeti\/kino-i-kazaliste\/kazaliste-petar-hektorovic\/","url":"https:\/\/www.visit-stari-grad.com\/hr\/sto-vidjeti\/kino-i-kazaliste\/kazaliste-petar-hektorovic\/","name":"Kazali\u0161te Petar Hektorovi\u0107 - TZ Stari Grad Otok Hvar","isPartOf":{"@id":"https:\/\/www.visit-stari-grad.com\/hr\/#website"},"primaryImageOfPage":{"@id":"https:\/\/www.visit-stari-grad.com\/hr\/sto-vidjeti\/kino-i-kazaliste\/kazaliste-petar-hektorovic\/#primaryimage"},"image":{"@id":"https:\/\/www.visit-stari-grad.com\/hr\/sto-vidjeti\/kino-i-kazaliste\/kazaliste-petar-hektorovic\/#primaryimage"},"thumbnailUrl":"https:\/\/www.visit-stari-grad.com\/wp-content\/uploads\/elementor\/thumbs\/kino-stari-grad-oggyk1twqmco4rwzwp82ski6i8f71b29ul84ol176o.jpg","datePublished":"2019-07-10T21:12:53+00:00","dateModified":"2020-02-25T08:17:15+00:00","breadcrumb":{"@id":"https:\/\/www.visit-stari-grad.com\/hr\/sto-vidjeti\/kino-i-kazaliste\/kazaliste-petar-hektorovic\/#breadcrumb"},"inLanguage":"hr","potentialAction":[{"@type":"ReadAction","target":["https:\/\/www.visit-stari-grad.com\/hr\/sto-vidjeti\/kino-i-kazaliste\/kazaliste-petar-hektorovic\/"]}]},{"@type":"ImageObject","inLanguage":"hr","@id":"https:\/\/www.visit-stari-grad.com\/hr\/sto-vidjeti\/kino-i-kazaliste\/kazaliste-petar-hektorovic\/#primaryimage","url":"https:\/\/www.visit-stari-grad.com\/wp-content\/uploads\/elementor\/thumbs\/kino-stari-grad-oggyk1twqmco4rwzwp82ski6i8f71b29ul84ol176o.jpg","contentUrl":"https:\/\/www.visit-stari-grad.com\/wp-content\/uploads\/elementor\/thumbs\/kino-stari-grad-oggyk1twqmco4rwzwp82ski6i8f71b29ul84ol176o.jpg"},{"@type":"BreadcrumbList","@id":"https:\/\/www.visit-stari-grad.com\/hr\/sto-vidjeti\/kino-i-kazaliste\/kazaliste-petar-hektorovic\/#breadcrumb","itemListElement":[{"@type":"ListItem","position":1,"name":"Po\u010detna stranica","item":"https:\/\/www.visit-stari-grad.com\/hr\/"},{"@type":"ListItem","position":2,"name":"\u0160to vidjeti","item":"https:\/\/www.visit-stari-grad.com\/hr\/sto-vidjeti\/"},{"@type":"ListItem","position":3,"name":"Kino i kazali\u0161te","item":"https:\/\/www.visit-stari-grad.com\/hr\/sto-vidjeti\/kino-i-kazaliste\/"},{"@type":"ListItem","position":4,"name":"Kazali\u0161te Petar Hektorovi\u0107"}]},{"@type":"WebSite","@id":"https:\/\/www.visit-stari-grad.com\/hr\/#website","url":"https:\/\/www.visit-stari-grad.com\/hr\/","name":"TZ Stari Grad Otok Hvar","description":"Dobrodo\u0161li na slu\u017ebenu web stranicu Turisti\u010dke zajednice Grada Starog Grad-a na kojoj mo\u017eete prona\u0107i sve informacije za va\u0161 savr\u0161en odmor na otoku Hvaru.","publisher":{"@id":"https:\/\/www.visit-stari-grad.com\/hr\/#organization"},"potentialAction":[{"@type":"SearchAction","target":{"@type":"EntryPoint","urlTemplate":"https:\/\/www.visit-stari-grad.com\/hr\/?s={search_term_string}"},"query-input":{"@type":"PropertyValueSpecification","valueRequired":true,"valueName":"search_term_string"}}],"inLanguage":"hr"},{"@type":"Organization","@id":"https:\/\/www.visit-stari-grad.com\/hr\/#organization","name":"Turisti\u010dka zajednica grada Staroga Grada","url":"https:\/\/www.visit-stari-grad.com\/hr\/","logo":{"@type":"ImageObject","inLanguage":"hr","@id":"https:\/\/www.visit-stari-grad.com\/hr\/#\/schema\/logo\/image\/","url":"https:\/\/www.visit-stari-grad.com\/wp-content\/uploads\/2019\/05\/logo_TZ_Stari_Grad_w.png","contentUrl":"https:\/\/www.visit-stari-grad.com\/wp-content\/uploads\/2019\/05\/logo_TZ_Stari_Grad_w.png","width":256,"height":72,"caption":"Turisti\u010dka zajednica grada Staroga Grada"},"image":{"@id":"https:\/\/www.visit-stari-grad.com\/hr\/#\/schema\/logo\/image\/"}}]}},"_links":{"self":[{"href":"https:\/\/www.visit-stari-grad.com\/hr\/wp-json\/wp\/v2\/pages\/1214","targetHints":{"allow":["GET"]}}],"collection":[{"href":"https:\/\/www.visit-stari-grad.com\/hr\/wp-json\/wp\/v2\/pages"}],"about":[{"href":"https:\/\/www.visit-stari-grad.com\/hr\/wp-json\/wp\/v2\/types\/page"}],"author":[{"embeddable":true,"href":"https:\/\/www.visit-stari-grad.com\/hr\/wp-json\/wp\/v2\/users\/1"}],"replies":[{"embeddable":true,"href":"https:\/\/www.visit-stari-grad.com\/hr\/wp-json\/wp\/v2\/comments?post=1214"}],"version-history":[{"count":0,"href":"https:\/\/www.visit-stari-grad.com\/hr\/wp-json\/wp\/v2\/pages\/1214\/revisions"}],"up":[{"embeddable":true,"href":"https:\/\/www.visit-stari-grad.com\/hr\/wp-json\/wp\/v2\/pages\/3868"}],"wp:attachment":[{"href":"https:\/\/www.visit-stari-grad.com\/hr\/wp-json\/wp\/v2\/media?parent=1214"}],"curies":[{"name":"wp","href":"https:\/\/api.w.org\/{rel}","templated":true}]}}