{"id":4019,"date":"2019-11-09T15:21:07","date_gmt":"2019-11-09T14:21:07","guid":{"rendered":"https:\/\/www.visit-stari-grad.com\/?page_id=4019"},"modified":"2020-03-18T11:55:12","modified_gmt":"2020-03-18T10:55:12","slug":"procesija-za-krizen","status":"publish","type":"page","link":"https:\/\/www.visit-stari-grad.com\/hr\/sto-vidjeti\/unesco-bastina\/procesija-za-krizen\/","title":{"rendered":"Procesija Za Kri\u017een"},"content":{"rendered":"\t\t<div data-elementor-type=\"wp-post\" data-elementor-id=\"4019\" class=\"elementor elementor-4019\" data-elementor-post-type=\"page\">\n\t\t\t\t\t\t<section class=\"elementor-section elementor-top-section elementor-element elementor-element-6ffb8f5a elementor-section-stretched elementor-section-boxed elementor-section-height-default elementor-section-height-default\" data-id=\"6ffb8f5a\" data-element_type=\"section\" data-e-type=\"section\" data-settings=\"{&quot;stretch_section&quot;:&quot;section-stretched&quot;,&quot;background_background&quot;:&quot;classic&quot;}\">\n\t\t\t\t\t\t\t<div class=\"elementor-background-overlay\"><\/div>\n\t\t\t\t\t\t\t<div class=\"elementor-container elementor-column-gap-default\">\n\t\t\t\t\t<div class=\"elementor-column elementor-col-100 elementor-top-column elementor-element elementor-element-6dff3cd3 elementor-invisible\" data-id=\"6dff3cd3\" data-element_type=\"column\" data-e-type=\"column\" data-settings=\"{&quot;background_background&quot;:&quot;classic&quot;,&quot;animation&quot;:&quot;fadeInLeft&quot;,&quot;animation_delay&quot;:&quot;300&quot;}\">\n\t\t\t<div class=\"elementor-widget-wrap elementor-element-populated\">\n\t\t\t\t\t<div class=\"elementor-background-overlay\"><\/div>\n\t\t\t\t\t\t<div class=\"elementor-element elementor-element-e315d4c elementor-invisible elementor-widget elementor-widget-heading\" data-id=\"e315d4c\" data-element_type=\"widget\" data-e-type=\"widget\" data-settings=\"{&quot;_animation&quot;:&quot;fadeInLeft&quot;,&quot;_animation_delay&quot;:&quot;700&quot;}\" data-widget_type=\"heading.default\">\n\t\t\t\t<div class=\"elementor-widget-container\">\n\t\t\t\t\t<h1 class=\"elementor-heading-title elementor-size-default\">Procesija za kri\u017een<\/h1>\t\t\t\t<\/div>\n\t\t\t\t<\/div>\n\t\t\t\t\t<\/div>\n\t\t<\/div>\n\t\t\t\t\t<\/div>\n\t\t<\/section>\n\t\t\t\t<section class=\"elementor-section elementor-top-section elementor-element elementor-element-5699d10e elementor-section-boxed elementor-section-height-default elementor-section-height-default\" data-id=\"5699d10e\" data-element_type=\"section\" data-e-type=\"section\">\n\t\t\t\t\t\t<div class=\"elementor-container elementor-column-gap-default\">\n\t\t\t\t\t<div class=\"elementor-column elementor-col-100 elementor-top-column elementor-element elementor-element-3d551c73\" data-id=\"3d551c73\" data-element_type=\"column\" data-e-type=\"column\">\n\t\t\t<div class=\"elementor-widget-wrap elementor-element-populated\">\n\t\t\t\t\t\t<section class=\"elementor-section elementor-inner-section elementor-element elementor-element-2df9e452 elementor-section-content-top elementor-section-boxed elementor-section-height-default elementor-section-height-default\" data-id=\"2df9e452\" data-element_type=\"section\" data-e-type=\"section\">\n\t\t\t\t\t\t<div class=\"elementor-container elementor-column-gap-default\">\n\t\t\t\t\t<div class=\"elementor-column elementor-col-100 elementor-inner-column elementor-element elementor-element-ce6e357\" data-id=\"ce6e357\" data-element_type=\"column\" data-e-type=\"column\">\n\t\t\t<div class=\"elementor-widget-wrap elementor-element-populated\">\n\t\t\t\t\t\t<div class=\"elementor-element elementor-element-20a02e5 elementor-widget elementor-widget-text-editor\" data-id=\"20a02e5\" data-element_type=\"widget\" data-e-type=\"widget\" data-widget_type=\"text-editor.default\">\n\t\t\t\t<div class=\"elementor-widget-container\">\n\t\t\t\t\t\t\t\t\t<p>\u00a0Osim ugodnih sun\u010danih dana, uskr\u0161nji tjedan na Hvaru privu\u0107i \u0107e vas jedinstvenom tradicijom i neponovljivim iskustvom.\u00a0 Ba\u0161 u to doba cijeli otok \u017eivi duh tradicije \u010diji je najupe\u010datljiviji trenutak glasovita procesija<strong> Za kri\u017een<\/strong>. Sudjelovanje u procesiji provest \u0107e vas na jedinstveno duhovno putovanje i omogu\u0107iti vam no\u0107ni obilazak \u0161est slikovitih mjesta sredi\u0161njeg dijela otoka.<\/p><p>Naime, u no\u0107i s Velikog \u010detvrtka na Veliki petak iz mjesta <strong>Jelsa, Pitve, Vrisnik, Vrbanj, Svir\u010de i Vrboska<\/strong> povorka vjernika predvo\u0111ena \u010dlanovima bratov\u0161tine i klju\u010dnom figurom \u2013 <strong>kri\u017eono\u0161om<\/strong> kre\u0107e na procesiju kroz no\u0107 osvijetljenu tek vo\u0161tanim svije\u0107ama, popra\u0107enu vjerskim pjesmama. Kri\u017eono\u0161a cijelu no\u0107 nosi kri\u017e iz svoje mati\u010dne \u017eupe kroz okolna mjesta na svojevrsnom kri\u017enom putu, da bi se u zoru kri\u017e sve\u010dano vratio\u00a0 na mjesto polaska procesije.<\/p><p>Za brojne vjernike, posebice za kri\u017eono\u0161u koji \u010deka na ovu \u010dast godinama, istinsko je isku\u0161enje uo\u010di najve\u0107ega kr\u0161\u0107anskog blagdana Uskrsa predvoditi i pratiti procesiju\u00a0 na putu dugom vi\u0161e od dvadeset kilometara. Cijelim putem, uz molitve, osobito su dojmljivi arhai\u010dni napjevi karakteristi\u010dnog na\u010dina intonacije, koje izvode poznati kantaduri. Centralna vjerska pjesma zapravo je interpretacija srednjovjekovnoga pasionskog teksta <strong>Gospin pla\u010d<\/strong> u formi dijaloga.<\/p><p>\u00a0Najdojmljiviji dio procesije odvija se u cik zore, pred cijelim pukom, kada se posljednjih pedesetak metara ispred same crkve, kri\u017eono\u0161a zatr\u010di i u svojevrsnom klimaksu na koljenima zavr\u0161i svoj dugi kri\u017eni put.<\/p><p>Ovaj vjerski obi\u010daj jedinstvena je <strong>nematerijalna ba\u0161tina<\/strong> u svijetu i stoga ju je prepoznao <strong>UNESCO<\/strong>, no za Hvarane je to ukorijenjena tradicija kojoj se pristupa otvorenog srcem i s dubokim po\u0161tovanjem.\u00a0<\/p><p>Uz procesiju za Kri\u017eem, na otoku Hvaru gotovo svako mjesto ima svoju pasionsku pobo\u017enost. Stari Grad ima svoju procesiju na Veliki petak i kri\u017e se nosi po Starom Gradu. Sveta Nedjelja nosi svoj kri\u017e, Doljani nose svoj iz Dola u Stari Grad i natrag, a u gradu Hvaru kri\u017e nose crni i bijeli fratri. Svoje kri\u017eeve nose i Poljica, Zastra\u017ei\u0161\u0107e, Gdinj, Bogomolje i Su\u0107uraj.<\/p>\t\t\t\t\t\t\t\t<\/div>\n\t\t\t\t<\/div>\n\t\t\t\t\t<\/div>\n\t\t<\/div>\n\t\t\t\t\t<\/div>\n\t\t<\/section>\n\t\t\t\t\t<\/div>\n\t\t<\/div>\n\t\t\t\t\t<\/div>\n\t\t<\/section>\n\t\t\t\t<section class=\"elementor-section elementor-top-section elementor-element elementor-element-4de90de0 elementor-section-full_width elementor-section-height-default elementor-section-height-default\" data-id=\"4de90de0\" data-element_type=\"section\" data-e-type=\"section\">\n\t\t\t\t\t\t<div class=\"elementor-container elementor-column-gap-no\">\n\t\t\t\t\t<div class=\"elementor-column elementor-col-100 elementor-top-column elementor-element elementor-element-5e655c8f\" data-id=\"5e655c8f\" data-element_type=\"column\" data-e-type=\"column\">\n\t\t\t<div class=\"elementor-widget-wrap elementor-element-populated\">\n\t\t\t\t\t\t<div class=\"elementor-element elementor-element-4888b557 elementor-arrows-position-inside elementor-widget elementor-widget-image-carousel\" data-id=\"4888b557\" data-element_type=\"widget\" data-e-type=\"widget\" data-settings=\"{&quot;slides_to_show&quot;:&quot;3&quot;,&quot;slides_to_scroll&quot;:&quot;1&quot;,&quot;navigation&quot;:&quot;arrows&quot;,&quot;autoplay_speed&quot;:3500,&quot;autoplay&quot;:&quot;yes&quot;,&quot;pause_on_hover&quot;:&quot;yes&quot;,&quot;pause_on_interaction&quot;:&quot;yes&quot;,&quot;infinite&quot;:&quot;yes&quot;,&quot;speed&quot;:500}\" data-widget_type=\"image-carousel.default\">\n\t\t\t\t<div class=\"elementor-widget-container\">\n\t\t\t\t\t\t\t<div class=\"elementor-image-carousel-wrapper swiper\" role=\"region\" aria-roledescription=\"carousel\" aria-label=\"Vrtuljak slika\" dir=\"rtl\">\n\t\t\t<div class=\"elementor-image-carousel swiper-wrapper\" aria-live=\"off\">\n\t\t\t\t\t\t\t\t<div class=\"swiper-slide\" role=\"group\" aria-roledescription=\"slide\" aria-label=\"1 od 4\"><a data-elementor-open-lightbox=\"yes\" data-elementor-lightbox-slideshow=\"4888b557\" data-elementor-lightbox-title=\"Za kri\u017een 5\" data-e-action-hash=\"#elementor-action%3Aaction%3Dlightbox%26settings%3DeyJpZCI6ODc5LCJ1cmwiOiJodHRwczpcL1wvd3d3LnZpc2l0LXN0YXJpLWdyYWQuY29tXC93cC1jb250ZW50XC91cGxvYWRzXC8yMDE5XC8wN1wvWmEta3JpXHUwMTdlZW4tNS5qcGciLCJzbGlkZXNob3ciOiI0ODg4YjU1NyJ9\" href=\"https:\/\/www.visit-stari-grad.com\/wp-content\/uploads\/2019\/07\/Za-kri\u017een-5.jpg\"><figure class=\"swiper-slide-inner\"><img decoding=\"async\" class=\"swiper-slide-image\" src=\"https:\/\/www.visit-stari-grad.com\/wp-content\/uploads\/elementor\/thumbs\/Za-kri\u017een-5-omwraprid3wklynxmd2tyhg6wohqsnku5btw0h59cw.jpg\" alt=\"Za kri\u017een 5\" \/><\/figure><\/a><\/div><div class=\"swiper-slide\" role=\"group\" aria-roledescription=\"slide\" aria-label=\"2 od 4\"><a data-elementor-open-lightbox=\"yes\" data-elementor-lightbox-slideshow=\"4888b557\" data-elementor-lightbox-title=\"Za kri\u017een 4\" data-e-action-hash=\"#elementor-action%3Aaction%3Dlightbox%26settings%3DeyJpZCI6ODc4LCJ1cmwiOiJodHRwczpcL1wvd3d3LnZpc2l0LXN0YXJpLWdyYWQuY29tXC93cC1jb250ZW50XC91cGxvYWRzXC8yMDE5XC8wN1wvWmEta3JpXHUwMTdlZW4tNC5qcGciLCJzbGlkZXNob3ciOiI0ODg4YjU1NyJ9\" href=\"https:\/\/www.visit-stari-grad.com\/wp-content\/uploads\/2019\/07\/Za-kri\u017een-4.jpg\"><figure class=\"swiper-slide-inner\"><img decoding=\"async\" class=\"swiper-slide-image\" src=\"https:\/\/www.visit-stari-grad.com\/wp-content\/uploads\/elementor\/thumbs\/Za-kri\u017een-4-oahgecilkgbsmnlpyylc1v23thj9n3f673u3wql9y8.jpg\" alt=\"Za kri\u017een 4\" \/><\/figure><\/a><\/div><div class=\"swiper-slide\" role=\"group\" aria-roledescription=\"slide\" aria-label=\"3 od 4\"><a data-elementor-open-lightbox=\"yes\" data-elementor-lightbox-slideshow=\"4888b557\" data-elementor-lightbox-title=\"Za kri\u017een 2\" data-e-action-hash=\"#elementor-action%3Aaction%3Dlightbox%26settings%3DeyJpZCI6ODc3LCJ1cmwiOiJodHRwczpcL1wvd3d3LnZpc2l0LXN0YXJpLWdyYWQuY29tXC93cC1jb250ZW50XC91cGxvYWRzXC8yMDE5XC8wN1wvWmEta3JpXHUwMTdlZW4tMi5qcGciLCJzbGlkZXNob3ciOiI0ODg4YjU1NyJ9\" href=\"https:\/\/www.visit-stari-grad.com\/wp-content\/uploads\/2019\/07\/Za-kri\u017een-2.jpg\"><figure class=\"swiper-slide-inner\"><img decoding=\"async\" class=\"swiper-slide-image\" src=\"https:\/\/www.visit-stari-grad.com\/wp-content\/uploads\/elementor\/thumbs\/Za-kri\u017een-2-omwra0dv8kxtwhosqk3wl5uqv9yu0ts31u7s206w0w.jpg\" alt=\"Za kri\u017een 2\" \/><\/figure><\/a><\/div><div class=\"swiper-slide\" role=\"group\" aria-roledescription=\"slide\" aria-label=\"4 od 4\"><a data-elementor-open-lightbox=\"yes\" data-elementor-lightbox-slideshow=\"4888b557\" data-elementor-lightbox-title=\"Za kri\u017een 1\" data-e-action-hash=\"#elementor-action%3Aaction%3Dlightbox%26settings%3DeyJpZCI6ODc2LCJ1cmwiOiJodHRwczpcL1wvd3d3LnZpc2l0LXN0YXJpLWdyYWQuY29tXC93cC1jb250ZW50XC91cGxvYWRzXC8yMDE5XC8wN1wvWmEta3JpXHUwMTdlZW4tMS5qcGciLCJzbGlkZXNob3ciOiI0ODg4YjU1NyJ9\" href=\"https:\/\/www.visit-stari-grad.com\/wp-content\/uploads\/2019\/07\/Za-kri\u017een-1.jpg\"><figure class=\"swiper-slide-inner\"><img decoding=\"async\" class=\"swiper-slide-image\" src=\"https:\/\/www.visit-stari-grad.com\/wp-content\/uploads\/elementor\/thumbs\/Za-kri\u017een-1-omwr9iixmq9drweqmudzrsczkyeuykt6ndtjxqxdb4.jpg\" alt=\"Za kri\u017een 1\" \/><\/figure><\/a><\/div>\t\t\t<\/div>\n\t\t\t\t\t\t\t\t\t\t\t\t<div class=\"elementor-swiper-button elementor-swiper-button-prev\" role=\"button\" tabindex=\"0\">\n\t\t\t\t\t\t<i aria-hidden=\"true\" class=\"eicon-chevron-left\"><\/i>\t\t\t\t\t<\/div>\n\t\t\t\t\t<div class=\"elementor-swiper-button elementor-swiper-button-next\" role=\"button\" tabindex=\"0\">\n\t\t\t\t\t\t<i aria-hidden=\"true\" class=\"eicon-chevron-right\"><\/i>\t\t\t\t\t<\/div>\n\t\t\t\t\n\t\t\t\t\t\t\t\t\t<\/div>\n\t\t\t\t\t\t<\/div>\n\t\t\t\t<\/div>\n\t\t\t\t\t<\/div>\n\t\t<\/div>\n\t\t\t\t\t<\/div>\n\t\t<\/section>\n\t\t\t\t<\/div>\n\t\t","protected":false},"excerpt":{"rendered":"<p>Procesija za kri\u017een \u00a0Osim ugodnih sun\u010danih dana, uskr\u0161nji tjedan na Hvaru privu\u0107i \u0107e vas jedinstvenom tradicijom i neponovljivim iskustvom.\u00a0 Ba\u0161 u to doba cijeli otok \u017eivi duh tradicije \u010diji je najupe\u010datljiviji trenutak glasovita procesija Za kri\u017een. Sudjelovanje u procesiji provest \u0107e vas na jedinstveno duhovno putovanje i omogu\u0107iti vam no\u0107ni obilazak \u0161est slikovitih mjesta sredi\u0161njeg [&hellip;]<\/p>\n","protected":false},"author":1,"featured_media":0,"parent":799,"menu_order":0,"comment_status":"closed","ping_status":"closed","template":"","meta":{"site-sidebar-layout":"no-sidebar","site-content-layout":"page-builder","ast-site-content-layout":"default","site-content-style":"default","site-sidebar-style":"default","ast-global-header-display":"","ast-banner-title-visibility":"","ast-main-header-display":"","ast-hfb-above-header-display":"","ast-hfb-below-header-display":"","ast-hfb-mobile-header-display":"","site-post-title":"disabled","ast-breadcrumbs-content":"","ast-featured-img":"disabled","footer-sml-layout":"","ast-disable-related-posts":"","theme-transparent-header-meta":"default","adv-header-id-meta":"","stick-header-meta":"default","header-above-stick-meta":"","header-main-stick-meta":"","header-below-stick-meta":"","astra-migrate-meta-layouts":"default","ast-page-background-enabled":"default","ast-page-background-meta":{"desktop":{"background-color":"","background-image":"","background-repeat":"repeat","background-position":"center center","background-size":"auto","background-attachment":"scroll","background-type":"","background-media":"","overlay-type":"","overlay-color":"","overlay-opacity":"","overlay-gradient":""},"tablet":{"background-color":"","background-image":"","background-repeat":"repeat","background-position":"center center","background-size":"auto","background-attachment":"scroll","background-type":"","background-media":"","overlay-type":"","overlay-color":"","overlay-opacity":"","overlay-gradient":""},"mobile":{"background-color":"","background-image":"","background-repeat":"repeat","background-position":"center center","background-size":"auto","background-attachment":"scroll","background-type":"","background-media":"","overlay-type":"","overlay-color":"","overlay-opacity":"","overlay-gradient":""}},"ast-content-background-meta":{"desktop":{"background-color":"var(--ast-global-color-5)","background-image":"","background-repeat":"repeat","background-position":"center center","background-size":"auto","background-attachment":"scroll","background-type":"","background-media":"","overlay-type":"","overlay-color":"","overlay-opacity":"","overlay-gradient":""},"tablet":{"background-color":"var(--ast-global-color-5)","background-image":"","background-repeat":"repeat","background-position":"center center","background-size":"auto","background-attachment":"scroll","background-type":"","background-media":"","overlay-type":"","overlay-color":"","overlay-opacity":"","overlay-gradient":""},"mobile":{"background-color":"var(--ast-global-color-5)","background-image":"","background-repeat":"repeat","background-position":"center center","background-size":"auto","background-attachment":"scroll","background-type":"","background-media":"","overlay-type":"","overlay-color":"","overlay-opacity":"","overlay-gradient":""}},"footnotes":""},"class_list":["post-4019","page","type-page","status-publish","hentry"],"yoast_head":"<!-- This site is optimized with the Yoast SEO plugin v27.5 - https:\/\/yoast.com\/product\/yoast-seo-wordpress\/ -->\n<title>Procesija Za Kri\u017een - TZ Stari Grad Otok Hvar<\/title>\n<meta name=\"robots\" content=\"index, follow, max-snippet:-1, max-image-preview:large, max-video-preview:-1\" \/>\n<link rel=\"canonical\" href=\"https:\/\/www.visit-stari-grad.com\/hr\/sto-vidjeti\/unesco-bastina\/procesija-za-krizen\/\" \/>\n<meta property=\"og:locale\" content=\"hr_HR\" \/>\n<meta property=\"og:type\" content=\"article\" \/>\n<meta property=\"og:title\" content=\"Procesija Za Kri\u017een - TZ Stari Grad Otok Hvar\" \/>\n<meta property=\"og:description\" content=\"Procesija za kri\u017een \u00a0Osim ugodnih sun\u010danih dana, uskr\u0161nji tjedan na Hvaru privu\u0107i \u0107e vas jedinstvenom tradicijom i neponovljivim iskustvom.\u00a0 Ba\u0161 u to doba cijeli otok \u017eivi duh tradicije \u010diji je najupe\u010datljiviji trenutak glasovita procesija Za kri\u017een. Sudjelovanje u procesiji provest \u0107e vas na jedinstveno duhovno putovanje i omogu\u0107iti vam no\u0107ni obilazak \u0161est slikovitih mjesta sredi\u0161njeg [&hellip;]\" \/>\n<meta property=\"og:url\" content=\"https:\/\/www.visit-stari-grad.com\/hr\/sto-vidjeti\/unesco-bastina\/procesija-za-krizen\/\" \/>\n<meta property=\"og:site_name\" content=\"TZ Stari Grad Otok Hvar\" \/>\n<meta property=\"article:modified_time\" content=\"2020-03-18T10:55:12+00:00\" \/>\n<meta property=\"og:image\" content=\"https:\/\/www.visit-stari-grad.com\/wp-content\/uploads\/elementor\/thumbs\/Za-kri\u017een-5-oahgeh7simi88pew7imgwbvesew3pkxtvr3jb4eb34.jpg\" \/>\n<meta name=\"twitter:card\" content=\"summary_large_image\" \/>\n<meta name=\"twitter:label1\" content=\"Procijenjeno vrijeme \u010ditanja\" \/>\n\t<meta name=\"twitter:data1\" content=\"2 minute\" \/>\n<script type=\"application\/ld+json\" class=\"yoast-schema-graph\">{\"@context\":\"https:\\\/\\\/schema.org\",\"@graph\":[{\"@type\":\"WebPage\",\"@id\":\"https:\\\/\\\/www.visit-stari-grad.com\\\/hr\\\/sto-vidjeti\\\/unesco-bastina\\\/procesija-za-krizen\\\/\",\"url\":\"https:\\\/\\\/www.visit-stari-grad.com\\\/hr\\\/sto-vidjeti\\\/unesco-bastina\\\/procesija-za-krizen\\\/\",\"name\":\"Procesija Za Kri\u017een - TZ Stari Grad Otok Hvar\",\"isPartOf\":{\"@id\":\"https:\\\/\\\/www.visit-stari-grad.com\\\/hr\\\/#website\"},\"datePublished\":\"2019-11-09T14:21:07+00:00\",\"dateModified\":\"2020-03-18T10:55:12+00:00\",\"breadcrumb\":{\"@id\":\"https:\\\/\\\/www.visit-stari-grad.com\\\/hr\\\/sto-vidjeti\\\/unesco-bastina\\\/procesija-za-krizen\\\/#breadcrumb\"},\"inLanguage\":\"hr\",\"potentialAction\":[{\"@type\":\"ReadAction\",\"target\":[\"https:\\\/\\\/www.visit-stari-grad.com\\\/hr\\\/sto-vidjeti\\\/unesco-bastina\\\/procesija-za-krizen\\\/\"]}]},{\"@type\":\"BreadcrumbList\",\"@id\":\"https:\\\/\\\/www.visit-stari-grad.com\\\/hr\\\/sto-vidjeti\\\/unesco-bastina\\\/procesija-za-krizen\\\/#breadcrumb\",\"itemListElement\":[{\"@type\":\"ListItem\",\"position\":1,\"name\":\"Po\u010detna stranica\",\"item\":\"https:\\\/\\\/www.visit-stari-grad.com\\\/hr\\\/\"},{\"@type\":\"ListItem\",\"position\":2,\"name\":\"\u0160to vidjeti\",\"item\":\"https:\\\/\\\/www.visit-stari-grad.com\\\/hr\\\/sto-vidjeti\\\/\"},{\"@type\":\"ListItem\",\"position\":3,\"name\":\"UNESCO ba\u0161tina\",\"item\":\"https:\\\/\\\/www.visit-stari-grad.com\\\/hr\\\/sto-vidjeti\\\/unesco-bastina\\\/\"},{\"@type\":\"ListItem\",\"position\":4,\"name\":\"Procesija Za Kri\u017een\"}]},{\"@type\":\"WebSite\",\"@id\":\"https:\\\/\\\/www.visit-stari-grad.com\\\/hr\\\/#website\",\"url\":\"https:\\\/\\\/www.visit-stari-grad.com\\\/hr\\\/\",\"name\":\"TZ Stari Grad Otok Hvar\",\"description\":\"Dobrodo\u0161li na slu\u017ebenu web stranicu Turisti\u010dke zajednice Grada Starog Grad-a na kojoj mo\u017eete prona\u0107i sve informacije za va\u0161 savr\u0161en odmor na otoku Hvaru.\",\"publisher\":{\"@id\":\"https:\\\/\\\/www.visit-stari-grad.com\\\/hr\\\/#organization\"},\"potentialAction\":[{\"@type\":\"SearchAction\",\"target\":{\"@type\":\"EntryPoint\",\"urlTemplate\":\"https:\\\/\\\/www.visit-stari-grad.com\\\/hr\\\/?s={search_term_string}\"},\"query-input\":{\"@type\":\"PropertyValueSpecification\",\"valueRequired\":true,\"valueName\":\"search_term_string\"}}],\"inLanguage\":\"hr\"},{\"@type\":\"Organization\",\"@id\":\"https:\\\/\\\/www.visit-stari-grad.com\\\/hr\\\/#organization\",\"name\":\"Turisti\u010dka zajednica grada Staroga Grada\",\"url\":\"https:\\\/\\\/www.visit-stari-grad.com\\\/hr\\\/\",\"logo\":{\"@type\":\"ImageObject\",\"inLanguage\":\"hr\",\"@id\":\"https:\\\/\\\/www.visit-stari-grad.com\\\/hr\\\/#\\\/schema\\\/logo\\\/image\\\/\",\"url\":\"https:\\\/\\\/www.visit-stari-grad.com\\\/wp-content\\\/uploads\\\/2019\\\/05\\\/logo_TZ_Stari_Grad_w.png\",\"contentUrl\":\"https:\\\/\\\/www.visit-stari-grad.com\\\/wp-content\\\/uploads\\\/2019\\\/05\\\/logo_TZ_Stari_Grad_w.png\",\"width\":256,\"height\":72,\"caption\":\"Turisti\u010dka zajednica grada Staroga Grada\"},\"image\":{\"@id\":\"https:\\\/\\\/www.visit-stari-grad.com\\\/hr\\\/#\\\/schema\\\/logo\\\/image\\\/\"}}]}<\/script>\n<!-- \/ Yoast SEO plugin. -->","yoast_head_json":{"title":"Procesija Za Kri\u017een - TZ Stari Grad Otok Hvar","robots":{"index":"index","follow":"follow","max-snippet":"max-snippet:-1","max-image-preview":"max-image-preview:large","max-video-preview":"max-video-preview:-1"},"canonical":"https:\/\/www.visit-stari-grad.com\/hr\/sto-vidjeti\/unesco-bastina\/procesija-za-krizen\/","og_locale":"hr_HR","og_type":"article","og_title":"Procesija Za Kri\u017een - TZ Stari Grad Otok Hvar","og_description":"Procesija za kri\u017een \u00a0Osim ugodnih sun\u010danih dana, uskr\u0161nji tjedan na Hvaru privu\u0107i \u0107e vas jedinstvenom tradicijom i neponovljivim iskustvom.\u00a0 Ba\u0161 u to doba cijeli otok \u017eivi duh tradicije \u010diji je najupe\u010datljiviji trenutak glasovita procesija Za kri\u017een. Sudjelovanje u procesiji provest \u0107e vas na jedinstveno duhovno putovanje i omogu\u0107iti vam no\u0107ni obilazak \u0161est slikovitih mjesta sredi\u0161njeg [&hellip;]","og_url":"https:\/\/www.visit-stari-grad.com\/hr\/sto-vidjeti\/unesco-bastina\/procesija-za-krizen\/","og_site_name":"TZ Stari Grad Otok Hvar","article_modified_time":"2020-03-18T10:55:12+00:00","og_image":[{"url":"https:\/\/www.visit-stari-grad.com\/wp-content\/uploads\/elementor\/thumbs\/Za-kri\u017een-5-oahgeh7simi88pew7imgwbvesew3pkxtvr3jb4eb34.jpg","type":"","width":"","height":""}],"twitter_card":"summary_large_image","twitter_misc":{"Procijenjeno vrijeme \u010ditanja":"2 minute"},"schema":{"@context":"https:\/\/schema.org","@graph":[{"@type":"WebPage","@id":"https:\/\/www.visit-stari-grad.com\/hr\/sto-vidjeti\/unesco-bastina\/procesija-za-krizen\/","url":"https:\/\/www.visit-stari-grad.com\/hr\/sto-vidjeti\/unesco-bastina\/procesija-za-krizen\/","name":"Procesija Za Kri\u017een - TZ Stari Grad Otok Hvar","isPartOf":{"@id":"https:\/\/www.visit-stari-grad.com\/hr\/#website"},"datePublished":"2019-11-09T14:21:07+00:00","dateModified":"2020-03-18T10:55:12+00:00","breadcrumb":{"@id":"https:\/\/www.visit-stari-grad.com\/hr\/sto-vidjeti\/unesco-bastina\/procesija-za-krizen\/#breadcrumb"},"inLanguage":"hr","potentialAction":[{"@type":"ReadAction","target":["https:\/\/www.visit-stari-grad.com\/hr\/sto-vidjeti\/unesco-bastina\/procesija-za-krizen\/"]}]},{"@type":"BreadcrumbList","@id":"https:\/\/www.visit-stari-grad.com\/hr\/sto-vidjeti\/unesco-bastina\/procesija-za-krizen\/#breadcrumb","itemListElement":[{"@type":"ListItem","position":1,"name":"Po\u010detna stranica","item":"https:\/\/www.visit-stari-grad.com\/hr\/"},{"@type":"ListItem","position":2,"name":"\u0160to vidjeti","item":"https:\/\/www.visit-stari-grad.com\/hr\/sto-vidjeti\/"},{"@type":"ListItem","position":3,"name":"UNESCO ba\u0161tina","item":"https:\/\/www.visit-stari-grad.com\/hr\/sto-vidjeti\/unesco-bastina\/"},{"@type":"ListItem","position":4,"name":"Procesija Za Kri\u017een"}]},{"@type":"WebSite","@id":"https:\/\/www.visit-stari-grad.com\/hr\/#website","url":"https:\/\/www.visit-stari-grad.com\/hr\/","name":"TZ Stari Grad Otok Hvar","description":"Dobrodo\u0161li na slu\u017ebenu web stranicu Turisti\u010dke zajednice Grada Starog Grad-a na kojoj mo\u017eete prona\u0107i sve informacije za va\u0161 savr\u0161en odmor na otoku Hvaru.","publisher":{"@id":"https:\/\/www.visit-stari-grad.com\/hr\/#organization"},"potentialAction":[{"@type":"SearchAction","target":{"@type":"EntryPoint","urlTemplate":"https:\/\/www.visit-stari-grad.com\/hr\/?s={search_term_string}"},"query-input":{"@type":"PropertyValueSpecification","valueRequired":true,"valueName":"search_term_string"}}],"inLanguage":"hr"},{"@type":"Organization","@id":"https:\/\/www.visit-stari-grad.com\/hr\/#organization","name":"Turisti\u010dka zajednica grada Staroga Grada","url":"https:\/\/www.visit-stari-grad.com\/hr\/","logo":{"@type":"ImageObject","inLanguage":"hr","@id":"https:\/\/www.visit-stari-grad.com\/hr\/#\/schema\/logo\/image\/","url":"https:\/\/www.visit-stari-grad.com\/wp-content\/uploads\/2019\/05\/logo_TZ_Stari_Grad_w.png","contentUrl":"https:\/\/www.visit-stari-grad.com\/wp-content\/uploads\/2019\/05\/logo_TZ_Stari_Grad_w.png","width":256,"height":72,"caption":"Turisti\u010dka zajednica grada Staroga Grada"},"image":{"@id":"https:\/\/www.visit-stari-grad.com\/hr\/#\/schema\/logo\/image\/"}}]}},"_links":{"self":[{"href":"https:\/\/www.visit-stari-grad.com\/hr\/wp-json\/wp\/v2\/pages\/4019","targetHints":{"allow":["GET"]}}],"collection":[{"href":"https:\/\/www.visit-stari-grad.com\/hr\/wp-json\/wp\/v2\/pages"}],"about":[{"href":"https:\/\/www.visit-stari-grad.com\/hr\/wp-json\/wp\/v2\/types\/page"}],"author":[{"embeddable":true,"href":"https:\/\/www.visit-stari-grad.com\/hr\/wp-json\/wp\/v2\/users\/1"}],"replies":[{"embeddable":true,"href":"https:\/\/www.visit-stari-grad.com\/hr\/wp-json\/wp\/v2\/comments?post=4019"}],"version-history":[{"count":0,"href":"https:\/\/www.visit-stari-grad.com\/hr\/wp-json\/wp\/v2\/pages\/4019\/revisions"}],"up":[{"embeddable":true,"href":"https:\/\/www.visit-stari-grad.com\/hr\/wp-json\/wp\/v2\/pages\/799"}],"wp:attachment":[{"href":"https:\/\/www.visit-stari-grad.com\/hr\/wp-json\/wp\/v2\/media?parent=4019"}],"curies":[{"name":"wp","href":"https:\/\/api.w.org\/{rel}","templated":true}]}}