{"id":4194,"date":"2019-11-18T18:27:59","date_gmt":"2019-11-18T17:27:59","guid":{"rendered":"https:\/\/www.visit-stari-grad.com\/?page_id=4194"},"modified":"2020-03-19T18:01:12","modified_gmt":"2020-03-19T17:01:12","slug":"galerija-moria","status":"publish","type":"page","link":"https:\/\/www.visit-stari-grad.com\/hr\/sto-vidjeti\/muzeji-i-galerije\/galerija-moria\/","title":{"rendered":"Galerija Moria"},"content":{"rendered":"\t\t<div data-elementor-type=\"wp-page\" data-elementor-id=\"4194\" class=\"elementor elementor-4194\" data-elementor-post-type=\"page\">\n\t\t\t\t\t\t<section class=\"elementor-section elementor-top-section elementor-element elementor-element-3eb8f0c7 elementor-section-stretched elementor-section-boxed elementor-section-height-default elementor-section-height-default\" data-id=\"3eb8f0c7\" data-element_type=\"section\" data-e-type=\"section\" data-settings=\"{&quot;stretch_section&quot;:&quot;section-stretched&quot;,&quot;background_background&quot;:&quot;classic&quot;}\">\n\t\t\t\t\t\t\t<div class=\"elementor-background-overlay\"><\/div>\n\t\t\t\t\t\t\t<div class=\"elementor-container elementor-column-gap-default\">\n\t\t\t\t\t<div class=\"elementor-column elementor-col-100 elementor-top-column elementor-element elementor-element-4ffa58bc elementor-invisible\" data-id=\"4ffa58bc\" data-element_type=\"column\" data-e-type=\"column\" data-settings=\"{&quot;background_background&quot;:&quot;classic&quot;,&quot;animation&quot;:&quot;fadeInLeft&quot;,&quot;animation_delay&quot;:&quot;300&quot;}\">\n\t\t\t<div class=\"elementor-widget-wrap elementor-element-populated\">\n\t\t\t\t\t<div class=\"elementor-background-overlay\"><\/div>\n\t\t\t\t\t\t<div class=\"elementor-element elementor-element-54e7cd06 elementor-invisible elementor-widget elementor-widget-heading\" data-id=\"54e7cd06\" data-element_type=\"widget\" data-e-type=\"widget\" data-settings=\"{&quot;_animation&quot;:&quot;fadeInLeft&quot;,&quot;_animation_delay&quot;:&quot;700&quot;}\" data-widget_type=\"heading.default\">\n\t\t\t\t<div class=\"elementor-widget-container\">\n\t\t\t\t\t<h1 class=\"elementor-heading-title elementor-size-default\">Galerija Moria<\/h1>\t\t\t\t<\/div>\n\t\t\t\t<\/div>\n\t\t\t\t\t<\/div>\n\t\t<\/div>\n\t\t\t\t\t<\/div>\n\t\t<\/section>\n\t\t\t\t<section class=\"elementor-section elementor-top-section elementor-element elementor-element-6b2c8cd2 elementor-section-boxed elementor-section-height-default elementor-section-height-default\" data-id=\"6b2c8cd2\" data-element_type=\"section\" data-e-type=\"section\">\n\t\t\t\t\t\t<div class=\"elementor-container elementor-column-gap-default\">\n\t\t\t\t\t<div class=\"elementor-column elementor-col-100 elementor-top-column elementor-element elementor-element-4c2795c\" data-id=\"4c2795c\" data-element_type=\"column\" data-e-type=\"column\">\n\t\t\t<div class=\"elementor-widget-wrap elementor-element-populated\">\n\t\t\t\t\t\t<section class=\"elementor-section elementor-inner-section elementor-element elementor-element-5e46c50b elementor-section-content-top elementor-section-boxed elementor-section-height-default elementor-section-height-default\" data-id=\"5e46c50b\" data-element_type=\"section\" data-e-type=\"section\">\n\t\t\t\t\t\t<div class=\"elementor-container elementor-column-gap-default\">\n\t\t\t\t\t<div class=\"elementor-column elementor-col-66 elementor-inner-column elementor-element elementor-element-6df7b9aa\" data-id=\"6df7b9aa\" data-element_type=\"column\" data-e-type=\"column\">\n\t\t\t<div class=\"elementor-widget-wrap elementor-element-populated\">\n\t\t\t\t\t\t<div class=\"elementor-element elementor-element-6c9e22a7 elementor-widget elementor-widget-text-editor\" data-id=\"6c9e22a7\" data-element_type=\"widget\" data-e-type=\"widget\" data-widget_type=\"text-editor.default\">\n\t\t\t\t<div class=\"elementor-widget-container\">\n\t\t\t\t\t\t\t\t\t<p>Galerija je smje\u0161tena u malom ali prekrasnom prostoru koji je po svojoj ljepoti i neobi\u010dnosti jedinstven u svjetskim razmjerima. U njemu se, naime, nalaze za\u0161ti\u0107eni ali istaknuti arheolo\u0161ki ostaci <strong>rimskog mozaika<\/strong> s kru\u017enim labirintom iz 2. st. i <strong>plo\u010de gr\u010dkog trga<\/strong> iz 4. st. pr. Krista, koji u izravnom kontaktu i dijalogu s publikom i umjetnicima \u010dine posebno galerijska iskustvo. <\/p><p>U ovom arheolo\u0161ko-umjetni\u010dkom dragulju, skrivenom u samom srcu stare gradske jezgre, za ljetnih mjeseci mo\u017eete u\u017eivati u radovima najrelevantnijih hrvatskih umjetnika.<\/p>\t\t\t\t\t\t\t\t<\/div>\n\t\t\t\t<\/div>\n\t\t\t\t\t<\/div>\n\t\t<\/div>\n\t\t\t\t<div class=\"elementor-column elementor-col-33 elementor-inner-column elementor-element elementor-element-4cc03a02\" data-id=\"4cc03a02\" data-element_type=\"column\" data-e-type=\"column\">\n\t\t\t<div class=\"elementor-widget-wrap elementor-element-populated\">\n\t\t\t\t\t\t<div class=\"elementor-element elementor-element-1842e23c elementor-cta--valign-middle elementor-cta--skin-classic elementor-animated-content elementor-bg-transform elementor-bg-transform-zoom-in elementor-widget elementor-widget-call-to-action\" data-id=\"1842e23c\" data-element_type=\"widget\" data-e-type=\"widget\" data-widget_type=\"call-to-action.default\">\n\t\t\t\t<div class=\"elementor-widget-container\">\n\t\t\t\t\t\t\t<a class=\"elementor-cta\" href=\"https:\/\/goo.gl\/maps\/4W3yjUY5ijRHE3Bt7\" target=\"_blank\">\n\t\t\t\t\t\t\t<div class=\"elementor-cta__content\">\n\t\t\t\t\t\t\t\t\t<div class=\"elementor-content-item elementor-cta__content-item elementor-icon-wrapper elementor-cta__icon elementor-view-default\">\n\t\t\t\t\t\t<div class=\"elementor-icon\">\n\t\t\t\t\t\t\t<i aria-hidden=\"true\" class=\"fas fa-map-marker-alt\"><\/i>\t\t\t\t\t\t<\/div>\n\t\t\t\t\t<\/div>\n\t\t\t\t\n\t\t\t\t\t\t\t\t\t<h2 class=\"elementor-cta__title elementor-cta__content-item elementor-content-item\">\n\t\t\t\t\t\tPRIKA\u017dI NA KARTI\t\t\t\t\t<\/h2>\n\t\t\t\t\n\t\t\t\t\n\t\t\t\t\t\t\t<\/div>\n\t\t\t\t\t\t<\/a>\n\t\t\t\t\t\t<\/div>\n\t\t\t\t<\/div>\n\t\t\t\t\t<\/div>\n\t\t<\/div>\n\t\t\t\t\t<\/div>\n\t\t<\/section>\n\t\t\t\t\t<\/div>\n\t\t<\/div>\n\t\t\t\t\t<\/div>\n\t\t<\/section>\n\t\t\t\t<section class=\"elementor-section elementor-top-section elementor-element elementor-element-6a020f1b elementor-section-full_width elementor-section-height-default elementor-section-height-default\" data-id=\"6a020f1b\" data-element_type=\"section\" data-e-type=\"section\">\n\t\t\t\t\t\t<div class=\"elementor-container elementor-column-gap-no\">\n\t\t\t\t\t<div class=\"elementor-column elementor-col-100 elementor-top-column elementor-element elementor-element-216bd9a6\" data-id=\"216bd9a6\" data-element_type=\"column\" data-e-type=\"column\">\n\t\t\t<div class=\"elementor-widget-wrap elementor-element-populated\">\n\t\t\t\t\t\t<div class=\"elementor-element elementor-element-1b19c0e2 elementor-arrows-position-inside elementor-widget elementor-widget-image-carousel\" data-id=\"1b19c0e2\" data-element_type=\"widget\" data-e-type=\"widget\" data-settings=\"{&quot;slides_to_show&quot;:&quot;3&quot;,&quot;slides_to_scroll&quot;:&quot;1&quot;,&quot;navigation&quot;:&quot;arrows&quot;,&quot;autoplay_speed&quot;:3500,&quot;autoplay&quot;:&quot;yes&quot;,&quot;pause_on_hover&quot;:&quot;yes&quot;,&quot;pause_on_interaction&quot;:&quot;yes&quot;,&quot;infinite&quot;:&quot;yes&quot;,&quot;speed&quot;:500}\" data-widget_type=\"image-carousel.default\">\n\t\t\t\t<div class=\"elementor-widget-container\">\n\t\t\t\t\t\t\t<div class=\"elementor-image-carousel-wrapper swiper\" role=\"region\" aria-roledescription=\"carousel\" aria-label=\"Vrtuljak slika\" dir=\"rtl\">\n\t\t\t<div class=\"elementor-image-carousel swiper-wrapper\" aria-live=\"off\">\n\t\t\t\t\t\t\t\t<div class=\"swiper-slide\" role=\"group\" aria-roledescription=\"slide\" aria-label=\"1 od 5\"><a data-elementor-open-lightbox=\"yes\" data-elementor-lightbox-slideshow=\"1b19c0e2\" data-elementor-lightbox-title=\"IMG_2448\" data-e-action-hash=\"#elementor-action%3Aaction%3Dlightbox%26settings%3DeyJpZCI6NDUyNywidXJsIjoiaHR0cHM6XC9cL3d3dy52aXNpdC1zdGFyaS1ncmFkLmNvbVwvd3AtY29udGVudFwvdXBsb2Fkc1wvMjAyMFwvMDFcL0lNR18yNDQ4LmpwZyIsInNsaWRlc2hvdyI6IjFiMTljMGUyIn0%3D\" href=\"https:\/\/www.visit-stari-grad.com\/wp-content\/uploads\/2020\/01\/IMG_2448.jpg\"><figure class=\"swiper-slide-inner\"><img decoding=\"async\" class=\"swiper-slide-image\" src=\"https:\/\/www.visit-stari-grad.com\/wp-content\/uploads\/elementor\/thumbs\/IMG_2448-ok5arksavyp9obus2023iqebp7xsegxnhtuajh6lk0.jpg\" alt=\"IMG_2448\" \/><\/figure><\/a><\/div><div class=\"swiper-slide\" role=\"group\" aria-roledescription=\"slide\" aria-label=\"2 od 5\"><a data-elementor-open-lightbox=\"yes\" data-elementor-lightbox-slideshow=\"1b19c0e2\" data-elementor-lightbox-title=\"moria8\" data-e-action-hash=\"#elementor-action%3Aaction%3Dlightbox%26settings%3DeyJpZCI6NDUyOSwidXJsIjoiaHR0cHM6XC9cL3d3dy52aXNpdC1zdGFyaS1ncmFkLmNvbVwvd3AtY29udGVudFwvdXBsb2Fkc1wvMjAyMFwvMDFcL21vcmlhOC5qcGciLCJzbGlkZXNob3ciOiIxYjE5YzBlMiJ9\" href=\"https:\/\/www.visit-stari-grad.com\/wp-content\/uploads\/2020\/01\/moria8.jpg\"><figure class=\"swiper-slide-inner\"><img decoding=\"async\" class=\"swiper-slide-image\" src=\"https:\/\/www.visit-stari-grad.com\/wp-content\/uploads\/elementor\/thumbs\/moria8-omwv5975o1jzsxfen8xagivyv5nbanklv1c8enqc9s.jpg\" alt=\"moria8\" \/><\/figure><\/a><\/div><div class=\"swiper-slide\" role=\"group\" aria-roledescription=\"slide\" aria-label=\"3 od 5\"><a data-elementor-open-lightbox=\"yes\" data-elementor-lightbox-slideshow=\"1b19c0e2\" data-elementor-lightbox-title=\"IMG_2451\" data-e-action-hash=\"#elementor-action%3Aaction%3Dlightbox%26settings%3DeyJpZCI6NDUyNSwidXJsIjoiaHR0cHM6XC9cL3d3dy52aXNpdC1zdGFyaS1ncmFkLmNvbVwvd3AtY29udGVudFwvdXBsb2Fkc1wvMjAyMFwvMDFcL0lNR18yNDUxLmpwZyIsInNsaWRlc2hvdyI6IjFiMTljMGUyIn0%3D\" href=\"https:\/\/www.visit-stari-grad.com\/wp-content\/uploads\/2020\/01\/IMG_2451.jpg\"><figure class=\"swiper-slide-inner\"><img decoding=\"async\" class=\"swiper-slide-image\" src=\"https:\/\/www.visit-stari-grad.com\/wp-content\/uploads\/elementor\/thumbs\/IMG_2451-omwv86h2xhk3x96hkifi7sbleb8f8r6jliem5ne8ww.jpg\" alt=\"IMG_2451\" \/><\/figure><\/a><\/div><div class=\"swiper-slide\" role=\"group\" aria-roledescription=\"slide\" aria-label=\"4 od 5\"><a data-elementor-open-lightbox=\"yes\" data-elementor-lightbox-slideshow=\"1b19c0e2\" data-elementor-lightbox-title=\"IMG_2450\" data-e-action-hash=\"#elementor-action%3Aaction%3Dlightbox%26settings%3DeyJpZCI6NDUyNiwidXJsIjoiaHR0cHM6XC9cL3d3dy52aXNpdC1zdGFyaS1ncmFkLmNvbVwvd3AtY29udGVudFwvdXBsb2Fkc1wvMjAyMFwvMDFcL0lNR18yNDUwLmpwZyIsInNsaWRlc2hvdyI6IjFiMTljMGUyIn0%3D\" href=\"https:\/\/www.visit-stari-grad.com\/wp-content\/uploads\/2020\/01\/IMG_2450.jpg\"><figure class=\"swiper-slide-inner\"><img decoding=\"async\" class=\"swiper-slide-image\" src=\"https:\/\/www.visit-stari-grad.com\/wp-content\/uploads\/elementor\/thumbs\/IMG_2450-omwv79kqaab2mwi9wm7kaimgltqkrcjxszkmcyr0yo.jpg\" alt=\"IMG_2450\" \/><\/figure><\/a><\/div><div class=\"swiper-slide\" role=\"group\" aria-roledescription=\"slide\" aria-label=\"5 od 5\"><a data-elementor-open-lightbox=\"yes\" data-elementor-lightbox-slideshow=\"1b19c0e2\" data-elementor-lightbox-title=\"moria7 (1)\" data-e-action-hash=\"#elementor-action%3Aaction%3Dlightbox%26settings%3DeyJpZCI6NDUyOCwidXJsIjoiaHR0cHM6XC9cL3d3dy52aXNpdC1zdGFyaS1ncmFkLmNvbVwvd3AtY29udGVudFwvdXBsb2Fkc1wvMjAyMFwvMDFcL21vcmlhNy0xLmpwZyIsInNsaWRlc2hvdyI6IjFiMTljMGUyIn0%3D\" href=\"https:\/\/www.visit-stari-grad.com\/wp-content\/uploads\/2020\/01\/moria7-1.jpg\"><figure class=\"swiper-slide-inner\"><img decoding=\"async\" class=\"swiper-slide-image\" src=\"https:\/\/www.visit-stari-grad.com\/wp-content\/uploads\/elementor\/thumbs\/moria7-1-omwv62c5jwnvsu92x3iq3tj9a3nox9sab1kaa8j4ww.jpg\" alt=\"moria7 (1)\" \/><\/figure><\/a><\/div>\t\t\t<\/div>\n\t\t\t\t\t\t\t\t\t\t\t\t<div class=\"elementor-swiper-button elementor-swiper-button-prev\" role=\"button\" tabindex=\"0\">\n\t\t\t\t\t\t<i aria-hidden=\"true\" class=\"eicon-chevron-left\"><\/i>\t\t\t\t\t<\/div>\n\t\t\t\t\t<div class=\"elementor-swiper-button elementor-swiper-button-next\" role=\"button\" tabindex=\"0\">\n\t\t\t\t\t\t<i aria-hidden=\"true\" class=\"eicon-chevron-right\"><\/i>\t\t\t\t\t<\/div>\n\t\t\t\t\n\t\t\t\t\t\t\t\t\t<\/div>\n\t\t\t\t\t\t<\/div>\n\t\t\t\t<\/div>\n\t\t\t\t\t<\/div>\n\t\t<\/div>\n\t\t\t\t\t<\/div>\n\t\t<\/section>\n\t\t\t\t<\/div>\n\t\t","protected":false},"excerpt":{"rendered":"<p>Galerija Moria Galerija je smje\u0161tena u malom ali prekrasnom prostoru koji je po svojoj ljepoti i neobi\u010dnosti jedinstven u svjetskim razmjerima. U njemu se, naime, nalaze za\u0161ti\u0107eni ali istaknuti arheolo\u0161ki ostaci rimskog mozaika s kru\u017enim labirintom iz 2. st. i plo\u010de gr\u010dkog trga iz 4. st. pr. Krista, koji u izravnom kontaktu i dijalogu s [&hellip;]<\/p>\n","protected":false},"author":1,"featured_media":0,"parent":268,"menu_order":0,"comment_status":"closed","ping_status":"closed","template":"","meta":{"site-sidebar-layout":"no-sidebar","site-content-layout":"page-builder","ast-site-content-layout":"default","site-content-style":"default","site-sidebar-style":"default","ast-global-header-display":"","ast-banner-title-visibility":"","ast-main-header-display":"","ast-hfb-above-header-display":"","ast-hfb-below-header-display":"","ast-hfb-mobile-header-display":"","site-post-title":"disabled","ast-breadcrumbs-content":"","ast-featured-img":"disabled","footer-sml-layout":"","ast-disable-related-posts":"","theme-transparent-header-meta":"default","adv-header-id-meta":"","stick-header-meta":"default","header-above-stick-meta":"","header-main-stick-meta":"","header-below-stick-meta":"","astra-migrate-meta-layouts":"default","ast-page-background-enabled":"default","ast-page-background-meta":{"desktop":{"background-color":"","background-image":"","background-repeat":"repeat","background-position":"center center","background-size":"auto","background-attachment":"scroll","background-type":"","background-media":"","overlay-type":"","overlay-color":"","overlay-opacity":"","overlay-gradient":""},"tablet":{"background-color":"","background-image":"","background-repeat":"repeat","background-position":"center center","background-size":"auto","background-attachment":"scroll","background-type":"","background-media":"","overlay-type":"","overlay-color":"","overlay-opacity":"","overlay-gradient":""},"mobile":{"background-color":"","background-image":"","background-repeat":"repeat","background-position":"center center","background-size":"auto","background-attachment":"scroll","background-type":"","background-media":"","overlay-type":"","overlay-color":"","overlay-opacity":"","overlay-gradient":""}},"ast-content-background-meta":{"desktop":{"background-color":"var(--ast-global-color-5)","background-image":"","background-repeat":"repeat","background-position":"center center","background-size":"auto","background-attachment":"scroll","background-type":"","background-media":"","overlay-type":"","overlay-color":"","overlay-opacity":"","overlay-gradient":""},"tablet":{"background-color":"var(--ast-global-color-5)","background-image":"","background-repeat":"repeat","background-position":"center center","background-size":"auto","background-attachment":"scroll","background-type":"","background-media":"","overlay-type":"","overlay-color":"","overlay-opacity":"","overlay-gradient":""},"mobile":{"background-color":"var(--ast-global-color-5)","background-image":"","background-repeat":"repeat","background-position":"center center","background-size":"auto","background-attachment":"scroll","background-type":"","background-media":"","overlay-type":"","overlay-color":"","overlay-opacity":"","overlay-gradient":""}},"footnotes":""},"class_list":["post-4194","page","type-page","status-publish","hentry"],"yoast_head":"<!-- This site is optimized with the Yoast SEO plugin v27.4 - https:\/\/yoast.com\/product\/yoast-seo-wordpress\/ -->\n<title>Galerija Moria - TZ Stari Grad Otok Hvar<\/title>\n<meta name=\"robots\" content=\"index, follow, max-snippet:-1, max-image-preview:large, max-video-preview:-1\" \/>\n<link rel=\"canonical\" href=\"https:\/\/www.visit-stari-grad.com\/hr\/sto-vidjeti\/muzeji-i-galerije\/galerija-moria\/\" \/>\n<meta property=\"og:locale\" content=\"hr_HR\" \/>\n<meta property=\"og:type\" content=\"article\" \/>\n<meta property=\"og:title\" content=\"Galerija Moria - TZ Stari Grad Otok Hvar\" \/>\n<meta property=\"og:description\" content=\"Galerija Moria Galerija je smje\u0161tena u malom ali prekrasnom prostoru koji je po svojoj ljepoti i neobi\u010dnosti jedinstven u svjetskim razmjerima. U njemu se, naime, nalaze za\u0161ti\u0107eni ali istaknuti arheolo\u0161ki ostaci rimskog mozaika s kru\u017enim labirintom iz 2. st. i plo\u010de gr\u010dkog trga iz 4. st. pr. Krista, koji u izravnom kontaktu i dijalogu s [&hellip;]\" \/>\n<meta property=\"og:url\" content=\"https:\/\/www.visit-stari-grad.com\/hr\/sto-vidjeti\/muzeji-i-galerije\/galerija-moria\/\" \/>\n<meta property=\"og:site_name\" content=\"TZ Stari Grad Otok Hvar\" \/>\n<meta property=\"article:modified_time\" content=\"2020-03-19T17:01:12+00:00\" \/>\n<meta property=\"og:image\" content=\"https:\/\/www.visit-stari-grad.com\/wp-content\/uploads\/elementor\/thumbs\/IMG_2448-ok5arksavyp9obus2023iqebp7xsegxnhtuajh6lk0.jpg\" \/>\n<meta name=\"twitter:card\" content=\"summary_large_image\" \/>\n<meta name=\"twitter:label1\" content=\"Procijenjeno vrijeme \u010ditanja\" \/>\n\t<meta name=\"twitter:data1\" content=\"1 minuta\" \/>\n<script type=\"application\/ld+json\" class=\"yoast-schema-graph\">{\"@context\":\"https:\\\/\\\/schema.org\",\"@graph\":[{\"@type\":\"WebPage\",\"@id\":\"https:\\\/\\\/www.visit-stari-grad.com\\\/hr\\\/sto-vidjeti\\\/muzeji-i-galerije\\\/galerija-moria\\\/\",\"url\":\"https:\\\/\\\/www.visit-stari-grad.com\\\/hr\\\/sto-vidjeti\\\/muzeji-i-galerije\\\/galerija-moria\\\/\",\"name\":\"Galerija Moria - TZ Stari Grad Otok Hvar\",\"isPartOf\":{\"@id\":\"https:\\\/\\\/www.visit-stari-grad.com\\\/hr\\\/#website\"},\"primaryImageOfPage\":{\"@id\":\"https:\\\/\\\/www.visit-stari-grad.com\\\/hr\\\/sto-vidjeti\\\/muzeji-i-galerije\\\/galerija-moria\\\/#primaryimage\"},\"image\":{\"@id\":\"https:\\\/\\\/www.visit-stari-grad.com\\\/hr\\\/sto-vidjeti\\\/muzeji-i-galerije\\\/galerija-moria\\\/#primaryimage\"},\"thumbnailUrl\":\"https:\\\/\\\/www.visit-stari-grad.com\\\/wp-content\\\/uploads\\\/elementor\\\/thumbs\\\/IMG_2448-ok5arksavyp9obus2023iqebp7xsegxnhtuajh6lk0.jpg\",\"datePublished\":\"2019-11-18T17:27:59+00:00\",\"dateModified\":\"2020-03-19T17:01:12+00:00\",\"breadcrumb\":{\"@id\":\"https:\\\/\\\/www.visit-stari-grad.com\\\/hr\\\/sto-vidjeti\\\/muzeji-i-galerije\\\/galerija-moria\\\/#breadcrumb\"},\"inLanguage\":\"hr\",\"potentialAction\":[{\"@type\":\"ReadAction\",\"target\":[\"https:\\\/\\\/www.visit-stari-grad.com\\\/hr\\\/sto-vidjeti\\\/muzeji-i-galerije\\\/galerija-moria\\\/\"]}]},{\"@type\":\"ImageObject\",\"inLanguage\":\"hr\",\"@id\":\"https:\\\/\\\/www.visit-stari-grad.com\\\/hr\\\/sto-vidjeti\\\/muzeji-i-galerije\\\/galerija-moria\\\/#primaryimage\",\"url\":\"https:\\\/\\\/www.visit-stari-grad.com\\\/wp-content\\\/uploads\\\/elementor\\\/thumbs\\\/IMG_2448-ok5arksavyp9obus2023iqebp7xsegxnhtuajh6lk0.jpg\",\"contentUrl\":\"https:\\\/\\\/www.visit-stari-grad.com\\\/wp-content\\\/uploads\\\/elementor\\\/thumbs\\\/IMG_2448-ok5arksavyp9obus2023iqebp7xsegxnhtuajh6lk0.jpg\"},{\"@type\":\"BreadcrumbList\",\"@id\":\"https:\\\/\\\/www.visit-stari-grad.com\\\/hr\\\/sto-vidjeti\\\/muzeji-i-galerije\\\/galerija-moria\\\/#breadcrumb\",\"itemListElement\":[{\"@type\":\"ListItem\",\"position\":1,\"name\":\"Po\u010detna stranica\",\"item\":\"https:\\\/\\\/www.visit-stari-grad.com\\\/hr\\\/\"},{\"@type\":\"ListItem\",\"position\":2,\"name\":\"\u0160to vidjeti\",\"item\":\"https:\\\/\\\/www.visit-stari-grad.com\\\/hr\\\/sto-vidjeti\\\/\"},{\"@type\":\"ListItem\",\"position\":3,\"name\":\"Muzeji i galerije\",\"item\":\"https:\\\/\\\/www.visit-stari-grad.com\\\/hr\\\/sto-vidjeti\\\/muzeji-i-galerije\\\/\"},{\"@type\":\"ListItem\",\"position\":4,\"name\":\"Galerija Moria\"}]},{\"@type\":\"WebSite\",\"@id\":\"https:\\\/\\\/www.visit-stari-grad.com\\\/hr\\\/#website\",\"url\":\"https:\\\/\\\/www.visit-stari-grad.com\\\/hr\\\/\",\"name\":\"TZ Stari Grad Otok Hvar\",\"description\":\"Dobrodo\u0161li na slu\u017ebenu web stranicu Turisti\u010dke zajednice Grada Starog Grad-a na kojoj mo\u017eete prona\u0107i sve informacije za va\u0161 savr\u0161en odmor na otoku Hvaru.\",\"publisher\":{\"@id\":\"https:\\\/\\\/www.visit-stari-grad.com\\\/hr\\\/#organization\"},\"potentialAction\":[{\"@type\":\"SearchAction\",\"target\":{\"@type\":\"EntryPoint\",\"urlTemplate\":\"https:\\\/\\\/www.visit-stari-grad.com\\\/hr\\\/?s={search_term_string}\"},\"query-input\":{\"@type\":\"PropertyValueSpecification\",\"valueRequired\":true,\"valueName\":\"search_term_string\"}}],\"inLanguage\":\"hr\"},{\"@type\":\"Organization\",\"@id\":\"https:\\\/\\\/www.visit-stari-grad.com\\\/hr\\\/#organization\",\"name\":\"Turisti\u010dka zajednica grada Staroga Grada\",\"url\":\"https:\\\/\\\/www.visit-stari-grad.com\\\/hr\\\/\",\"logo\":{\"@type\":\"ImageObject\",\"inLanguage\":\"hr\",\"@id\":\"https:\\\/\\\/www.visit-stari-grad.com\\\/hr\\\/#\\\/schema\\\/logo\\\/image\\\/\",\"url\":\"https:\\\/\\\/www.visit-stari-grad.com\\\/wp-content\\\/uploads\\\/2019\\\/05\\\/logo_TZ_Stari_Grad_w.png\",\"contentUrl\":\"https:\\\/\\\/www.visit-stari-grad.com\\\/wp-content\\\/uploads\\\/2019\\\/05\\\/logo_TZ_Stari_Grad_w.png\",\"width\":256,\"height\":72,\"caption\":\"Turisti\u010dka zajednica grada Staroga Grada\"},\"image\":{\"@id\":\"https:\\\/\\\/www.visit-stari-grad.com\\\/hr\\\/#\\\/schema\\\/logo\\\/image\\\/\"}}]}<\/script>\n<!-- \/ Yoast SEO plugin. -->","yoast_head_json":{"title":"Galerija Moria - TZ Stari Grad Otok Hvar","robots":{"index":"index","follow":"follow","max-snippet":"max-snippet:-1","max-image-preview":"max-image-preview:large","max-video-preview":"max-video-preview:-1"},"canonical":"https:\/\/www.visit-stari-grad.com\/hr\/sto-vidjeti\/muzeji-i-galerije\/galerija-moria\/","og_locale":"hr_HR","og_type":"article","og_title":"Galerija Moria - TZ Stari Grad Otok Hvar","og_description":"Galerija Moria Galerija je smje\u0161tena u malom ali prekrasnom prostoru koji je po svojoj ljepoti i neobi\u010dnosti jedinstven u svjetskim razmjerima. U njemu se, naime, nalaze za\u0161ti\u0107eni ali istaknuti arheolo\u0161ki ostaci rimskog mozaika s kru\u017enim labirintom iz 2. st. i plo\u010de gr\u010dkog trga iz 4. st. pr. Krista, koji u izravnom kontaktu i dijalogu s [&hellip;]","og_url":"https:\/\/www.visit-stari-grad.com\/hr\/sto-vidjeti\/muzeji-i-galerije\/galerija-moria\/","og_site_name":"TZ Stari Grad Otok Hvar","article_modified_time":"2020-03-19T17:01:12+00:00","og_image":[{"url":"https:\/\/www.visit-stari-grad.com\/wp-content\/uploads\/elementor\/thumbs\/IMG_2448-ok5arksavyp9obus2023iqebp7xsegxnhtuajh6lk0.jpg","type":"","width":"","height":""}],"twitter_card":"summary_large_image","twitter_misc":{"Procijenjeno vrijeme \u010ditanja":"1 minuta"},"schema":{"@context":"https:\/\/schema.org","@graph":[{"@type":"WebPage","@id":"https:\/\/www.visit-stari-grad.com\/hr\/sto-vidjeti\/muzeji-i-galerije\/galerija-moria\/","url":"https:\/\/www.visit-stari-grad.com\/hr\/sto-vidjeti\/muzeji-i-galerije\/galerija-moria\/","name":"Galerija Moria - TZ Stari Grad Otok Hvar","isPartOf":{"@id":"https:\/\/www.visit-stari-grad.com\/hr\/#website"},"primaryImageOfPage":{"@id":"https:\/\/www.visit-stari-grad.com\/hr\/sto-vidjeti\/muzeji-i-galerije\/galerija-moria\/#primaryimage"},"image":{"@id":"https:\/\/www.visit-stari-grad.com\/hr\/sto-vidjeti\/muzeji-i-galerije\/galerija-moria\/#primaryimage"},"thumbnailUrl":"https:\/\/www.visit-stari-grad.com\/wp-content\/uploads\/elementor\/thumbs\/IMG_2448-ok5arksavyp9obus2023iqebp7xsegxnhtuajh6lk0.jpg","datePublished":"2019-11-18T17:27:59+00:00","dateModified":"2020-03-19T17:01:12+00:00","breadcrumb":{"@id":"https:\/\/www.visit-stari-grad.com\/hr\/sto-vidjeti\/muzeji-i-galerije\/galerija-moria\/#breadcrumb"},"inLanguage":"hr","potentialAction":[{"@type":"ReadAction","target":["https:\/\/www.visit-stari-grad.com\/hr\/sto-vidjeti\/muzeji-i-galerije\/galerija-moria\/"]}]},{"@type":"ImageObject","inLanguage":"hr","@id":"https:\/\/www.visit-stari-grad.com\/hr\/sto-vidjeti\/muzeji-i-galerije\/galerija-moria\/#primaryimage","url":"https:\/\/www.visit-stari-grad.com\/wp-content\/uploads\/elementor\/thumbs\/IMG_2448-ok5arksavyp9obus2023iqebp7xsegxnhtuajh6lk0.jpg","contentUrl":"https:\/\/www.visit-stari-grad.com\/wp-content\/uploads\/elementor\/thumbs\/IMG_2448-ok5arksavyp9obus2023iqebp7xsegxnhtuajh6lk0.jpg"},{"@type":"BreadcrumbList","@id":"https:\/\/www.visit-stari-grad.com\/hr\/sto-vidjeti\/muzeji-i-galerije\/galerija-moria\/#breadcrumb","itemListElement":[{"@type":"ListItem","position":1,"name":"Po\u010detna stranica","item":"https:\/\/www.visit-stari-grad.com\/hr\/"},{"@type":"ListItem","position":2,"name":"\u0160to vidjeti","item":"https:\/\/www.visit-stari-grad.com\/hr\/sto-vidjeti\/"},{"@type":"ListItem","position":3,"name":"Muzeji i galerije","item":"https:\/\/www.visit-stari-grad.com\/hr\/sto-vidjeti\/muzeji-i-galerije\/"},{"@type":"ListItem","position":4,"name":"Galerija Moria"}]},{"@type":"WebSite","@id":"https:\/\/www.visit-stari-grad.com\/hr\/#website","url":"https:\/\/www.visit-stari-grad.com\/hr\/","name":"TZ Stari Grad Otok Hvar","description":"Dobrodo\u0161li na slu\u017ebenu web stranicu Turisti\u010dke zajednice Grada Starog Grad-a na kojoj mo\u017eete prona\u0107i sve informacije za va\u0161 savr\u0161en odmor na otoku Hvaru.","publisher":{"@id":"https:\/\/www.visit-stari-grad.com\/hr\/#organization"},"potentialAction":[{"@type":"SearchAction","target":{"@type":"EntryPoint","urlTemplate":"https:\/\/www.visit-stari-grad.com\/hr\/?s={search_term_string}"},"query-input":{"@type":"PropertyValueSpecification","valueRequired":true,"valueName":"search_term_string"}}],"inLanguage":"hr"},{"@type":"Organization","@id":"https:\/\/www.visit-stari-grad.com\/hr\/#organization","name":"Turisti\u010dka zajednica grada Staroga Grada","url":"https:\/\/www.visit-stari-grad.com\/hr\/","logo":{"@type":"ImageObject","inLanguage":"hr","@id":"https:\/\/www.visit-stari-grad.com\/hr\/#\/schema\/logo\/image\/","url":"https:\/\/www.visit-stari-grad.com\/wp-content\/uploads\/2019\/05\/logo_TZ_Stari_Grad_w.png","contentUrl":"https:\/\/www.visit-stari-grad.com\/wp-content\/uploads\/2019\/05\/logo_TZ_Stari_Grad_w.png","width":256,"height":72,"caption":"Turisti\u010dka zajednica grada Staroga Grada"},"image":{"@id":"https:\/\/www.visit-stari-grad.com\/hr\/#\/schema\/logo\/image\/"}}]}},"_links":{"self":[{"href":"https:\/\/www.visit-stari-grad.com\/hr\/wp-json\/wp\/v2\/pages\/4194","targetHints":{"allow":["GET"]}}],"collection":[{"href":"https:\/\/www.visit-stari-grad.com\/hr\/wp-json\/wp\/v2\/pages"}],"about":[{"href":"https:\/\/www.visit-stari-grad.com\/hr\/wp-json\/wp\/v2\/types\/page"}],"author":[{"embeddable":true,"href":"https:\/\/www.visit-stari-grad.com\/hr\/wp-json\/wp\/v2\/users\/1"}],"replies":[{"embeddable":true,"href":"https:\/\/www.visit-stari-grad.com\/hr\/wp-json\/wp\/v2\/comments?post=4194"}],"version-history":[{"count":0,"href":"https:\/\/www.visit-stari-grad.com\/hr\/wp-json\/wp\/v2\/pages\/4194\/revisions"}],"up":[{"embeddable":true,"href":"https:\/\/www.visit-stari-grad.com\/hr\/wp-json\/wp\/v2\/pages\/268"}],"wp:attachment":[{"href":"https:\/\/www.visit-stari-grad.com\/hr\/wp-json\/wp\/v2\/media?parent=4194"}],"curies":[{"name":"wp","href":"https:\/\/api.w.org\/{rel}","templated":true}]}}