{"id":4220,"date":"2019-11-18T20:03:45","date_gmt":"2019-11-18T19:03:45","guid":{"rendered":"https:\/\/www.visit-stari-grad.com\/?page_id=4220"},"modified":"2020-02-20T13:31:36","modified_gmt":"2020-02-20T12:31:36","slug":"zastita-osobnih-podataka","status":"publish","type":"page","link":"https:\/\/www.visit-stari-grad.com\/hr\/opce-informacije\/zastita-osobnih-podataka\/","title":{"rendered":"Za\u0161tita osobnih podataka"},"content":{"rendered":"\t\t<div data-elementor-type=\"wp-page\" data-elementor-id=\"4220\" class=\"elementor elementor-4220\" data-elementor-post-type=\"page\">\n\t\t\t\t\t\t<section class=\"elementor-section elementor-top-section elementor-element elementor-element-736eefa3 elementor-section-stretched elementor-section-boxed elementor-section-height-default elementor-section-height-default\" data-id=\"736eefa3\" data-element_type=\"section\" data-e-type=\"section\" data-settings=\"{&quot;stretch_section&quot;:&quot;section-stretched&quot;,&quot;background_background&quot;:&quot;classic&quot;}\">\n\t\t\t\t\t\t\t<div class=\"elementor-background-overlay\"><\/div>\n\t\t\t\t\t\t\t<div class=\"elementor-container elementor-column-gap-default\">\n\t\t\t\t\t<div class=\"elementor-column elementor-col-100 elementor-top-column elementor-element elementor-element-2c8a18be elementor-invisible\" data-id=\"2c8a18be\" data-element_type=\"column\" data-e-type=\"column\" data-settings=\"{&quot;background_background&quot;:&quot;classic&quot;,&quot;animation&quot;:&quot;fadeInLeft&quot;,&quot;animation_delay&quot;:&quot;300&quot;}\">\n\t\t\t<div class=\"elementor-widget-wrap elementor-element-populated\">\n\t\t\t\t\t<div class=\"elementor-background-overlay\"><\/div>\n\t\t\t\t\t\t<div class=\"elementor-element elementor-element-6ab5d240 elementor-invisible elementor-widget elementor-widget-heading\" data-id=\"6ab5d240\" data-element_type=\"widget\" data-e-type=\"widget\" data-settings=\"{&quot;_animation&quot;:&quot;fadeInLeft&quot;,&quot;_animation_delay&quot;:&quot;700&quot;}\" data-widget_type=\"heading.default\">\n\t\t\t\t<div class=\"elementor-widget-container\">\n\t\t\t\t\t<h1 class=\"elementor-heading-title elementor-size-default\">Za\u0161tita osobnih podataka (GDPR)<\/h1>\t\t\t\t<\/div>\n\t\t\t\t<\/div>\n\t\t\t\t\t<\/div>\n\t\t<\/div>\n\t\t\t\t\t<\/div>\n\t\t<\/section>\n\t\t\t\t<section class=\"elementor-section elementor-top-section elementor-element elementor-element-6dd9ade6 elementor-section-boxed elementor-section-height-default elementor-section-height-default\" data-id=\"6dd9ade6\" data-element_type=\"section\" data-e-type=\"section\">\n\t\t\t\t\t\t<div class=\"elementor-container elementor-column-gap-default\">\n\t\t\t\t\t<div class=\"elementor-column elementor-col-100 elementor-top-column elementor-element elementor-element-6e87635e\" data-id=\"6e87635e\" data-element_type=\"column\" data-e-type=\"column\">\n\t\t\t<div class=\"elementor-widget-wrap elementor-element-populated\">\n\t\t\t\t\t\t<section class=\"elementor-section elementor-inner-section elementor-element elementor-element-57e86835 elementor-section-content-top elementor-section-boxed elementor-section-height-default elementor-section-height-default\" data-id=\"57e86835\" data-element_type=\"section\" data-e-type=\"section\">\n\t\t\t\t\t\t<div class=\"elementor-container elementor-column-gap-default\">\n\t\t\t\t\t<div class=\"elementor-column elementor-col-66 elementor-inner-column elementor-element elementor-element-4369d46f\" data-id=\"4369d46f\" data-element_type=\"column\" data-e-type=\"column\">\n\t\t\t<div class=\"elementor-widget-wrap elementor-element-populated\">\n\t\t\t\t\t\t<div class=\"elementor-element elementor-element-7120d171 elementor-widget elementor-widget-text-editor\" data-id=\"7120d171\" data-element_type=\"widget\" data-e-type=\"widget\" data-widget_type=\"text-editor.default\">\n\t\t\t\t<div class=\"elementor-widget-container\">\n\t\t\t\t\t\t\t\t\t<p>Turisti\u010dkoj zajednici\u00a0 Staroga Grada je va\u017eno za\u0161tititi sigurnost i privatnost va\u0161ih osobnih podataka stoga poslujemo u skladu s Op\u0107om uredbom o za\u0161titi podataka (EU) 2016\/679 Europskog parlamenta i Vije\u0107a EU od 27. travnja 2016. o za\u0161titi pojedinaca u vezi s obradom osobnih podataka i o slobodnom kretanju takvih podataka te mjerodavnim zakonima o za\u0161titi podataka.\u00a0<\/p><p>Ni\u017ee donosimo informacije koje \u0107e vam pomo\u0107i da razumijete koje podatke Turisti\u010dka zajednica Staroga grada mo\u017ee prikupljati, na koji na\u010din ih koristi i \u010duva te s kime ih smijemo dijeliti.<\/p><p>Osobni podaci<\/p><p>Turisti\u010dka zajednica Staroga grada ne\u0107e prikupljati nikakve osobne podatke o vama (npr. va\u0161e ime, adresu, telefonski broj ili e-mail adresu), osim u slu\u010dajevima kada nam ih vi dobrovoljno odlu\u010dite dati (npr. u anketama, prilikom postavljanja upita, zahtjeva i sl.), odnosno, date svoj pristanak ili ukoliko nije druga\u010dije propisano mjerodavnim zakonima i propisima za za\u0161titu va\u0161ih osobnih podataka.<\/p><p>Osobni podaci djece<\/p><p>Kada se nude usluge informacijskog dru\u0161tva izravno djetetu, obrada osobnih podataka djeteta zakonita je ako dijete ima najmanje 16 godina. Ako je dijete ispod dobne granice od 16 godina takva je obrada zakonita samo ako i u mjeri u kojoj je privolu dao ili odobrio nositelj roditeljske odgovornosti nad djetetom.<\/p><p>Turisti\u010dka zajednica Staroga grada ula\u017ee razumne napore u provjeru da li je privolu u takvim slu\u010dajevima dao ili odobrio nositelj roditeljske odgovornosti nad djetetom, uzimaju\u0107i u obzir dostupnu tehnologiju.<\/p><p>Zakonitost i transparentnost<\/p><p>Va\u0161e osobne podatke obra\u0111ivat \u0107emo samo na temelju zakonske obveze, va\u0161e privole ili druge legitimne osnove. Podaci koji se odnose na vas na transparentan \u0107e se na\u010din prikupljati, upotrebljavati, dati na uvid ili na neki drugi na\u010din obra\u0111ivati te su javno objavljeni rokovi i svrhe obrade podataka, podaci o identitetu voditelja obrade, informacija o na\u010dinu na koji mo\u017eete pristupiti svojim podacima, procesu za podno\u0161enje pritu\u017ebi i zahtjeva za a\u017euriranje podataka.<\/p><p>Ograni\u010davanje svrhe<\/p><p>Va\u0161i osobni podaci prikupljat \u0107e se u posebne, izri\u010dite i zakonite svrhe i ne\u0107e se dalje obra\u0111ivati na na\u010din koji nije u skladu s tim svrhama. Podaci koji su prikupljeni za jednu svrhu ne\u0107e se koristiti ni za jednu drugu svrhu ili na na\u010din koji nije u skladu s odobrenom svrhom. Za svrhu obrade koja se ne provodi temeljem zakonske osnove ili ugovora tra\u017eit \u0107emo od vas posebnu privolu.<\/p><p>Smanjenje koli\u010dine podataka<\/p><p>Osobni podaci koje prikupljamo su primjereni, bitni i ograni\u010deni na svrhu obrade. Voditelj obrade i izvr\u0161itelj obrade ne\u0107e prikupljati osobne podatke koji mu nisu potrebni za svrhu obrade.<\/p><p>To\u010dnost i integritet podataka<\/p><p>Nu\u017eno je da osobni podaci koje prikupljamo i spremamo budu to\u010dni i a\u017eurni i zato \u0107emo poduzeti svaku razumnu mjeru kako bismo osigurali da se osobni podaci koji nisu to\u010dni, uzimaju\u0107i u obzir svrhe u koje se obra\u0111uju, bez odlaganja izbri\u0161u ili isprave.<\/p><p>Ograni\u010denje pohrane<\/p><p>Rokovi \u010duvanja Va\u0161ih osobnih podataka odre\u0111eni su pozitivnim zakonskim propisima ili va\u0161om privolom za prikupljanje i obradu osobnih podataka.<\/p><p>Cjelovitost i povjerljivost<\/p><p>Da bismo za\u0161titili va\u0161e osobne podatke od slu\u010dajnog ili nezakonitog uni\u0161tavanja, gubitka ili mijenjanja te od neovla\u0161tenog odavanja ili pristupa, Turisti\u010dka zajednica grada Staroga grada koristi tehni\u010dke i organizacijske mjere sigurnosti.<\/p><p>KONTAKT SLU\u017dBENIKA ZA ZA\u0160TITU PODATAKA:<\/p><p>Turisti\u010dka zajednica Staroga grada \u0107e odgovoriti na razumne zahtjeve za ispravak va\u0161ih osobnih podataka i za ispravljanje, dopunu ili brisanje neto\u010dnosti. Ako imate bilo kakvih pitanja ili komentara o politici za\u0161tite podataka, molimo vas da nas kontaktirate na kontakt slu\u017ebenika za za\u0161titu podataka <strong>gdpr@visit-stari-grad.com<\/strong><\/p>\t\t\t\t\t\t\t\t<\/div>\n\t\t\t\t<\/div>\n\t\t\t\t\t<\/div>\n\t\t<\/div>\n\t\t\t\t<div class=\"elementor-column elementor-col-33 elementor-inner-column elementor-element elementor-element-3240e33c\" data-id=\"3240e33c\" data-element_type=\"column\" data-e-type=\"column\">\n\t\t\t<div class=\"elementor-widget-wrap\">\n\t\t\t\t\t\t\t<\/div>\n\t\t<\/div>\n\t\t\t\t\t<\/div>\n\t\t<\/section>\n\t\t\t\t\t<\/div>\n\t\t<\/div>\n\t\t\t\t\t<\/div>\n\t\t<\/section>\n\t\t\t\t<\/div>\n\t\t","protected":false},"excerpt":{"rendered":"<p>Za\u0161tita osobnih podataka (GDPR) Turisti\u010dkoj zajednici\u00a0 Staroga Grada je va\u017eno za\u0161tititi sigurnost i privatnost va\u0161ih osobnih podataka stoga poslujemo u skladu s Op\u0107om uredbom o za\u0161titi podataka (EU) 2016\/679 Europskog parlamenta i Vije\u0107a EU od 27. travnja 2016. o za\u0161titi pojedinaca u vezi s obradom osobnih podataka i o slobodnom kretanju takvih podataka te mjerodavnim [&hellip;]<\/p>\n","protected":false},"author":1,"featured_media":0,"parent":4154,"menu_order":0,"comment_status":"closed","ping_status":"closed","template":"","meta":{"site-sidebar-layout":"no-sidebar","site-content-layout":"page-builder","ast-site-content-layout":"default","site-content-style":"default","site-sidebar-style":"default","ast-global-header-display":"","ast-banner-title-visibility":"","ast-main-header-display":"","ast-hfb-above-header-display":"","ast-hfb-below-header-display":"","ast-hfb-mobile-header-display":"","site-post-title":"disabled","ast-breadcrumbs-content":"","ast-featured-img":"disabled","footer-sml-layout":"","ast-disable-related-posts":"","theme-transparent-header-meta":"default","adv-header-id-meta":"","stick-header-meta":"default","header-above-stick-meta":"","header-main-stick-meta":"","header-below-stick-meta":"","astra-migrate-meta-layouts":"default","ast-page-background-enabled":"default","ast-page-background-meta":{"desktop":{"background-color":"","background-image":"","background-repeat":"repeat","background-position":"center center","background-size":"auto","background-attachment":"scroll","background-type":"","background-media":"","overlay-type":"","overlay-color":"","overlay-opacity":"","overlay-gradient":""},"tablet":{"background-color":"","background-image":"","background-repeat":"repeat","background-position":"center center","background-size":"auto","background-attachment":"scroll","background-type":"","background-media":"","overlay-type":"","overlay-color":"","overlay-opacity":"","overlay-gradient":""},"mobile":{"background-color":"","background-image":"","background-repeat":"repeat","background-position":"center center","background-size":"auto","background-attachment":"scroll","background-type":"","background-media":"","overlay-type":"","overlay-color":"","overlay-opacity":"","overlay-gradient":""}},"ast-content-background-meta":{"desktop":{"background-color":"var(--ast-global-color-5)","background-image":"","background-repeat":"repeat","background-position":"center center","background-size":"auto","background-attachment":"scroll","background-type":"","background-media":"","overlay-type":"","overlay-color":"","overlay-opacity":"","overlay-gradient":""},"tablet":{"background-color":"var(--ast-global-color-5)","background-image":"","background-repeat":"repeat","background-position":"center center","background-size":"auto","background-attachment":"scroll","background-type":"","background-media":"","overlay-type":"","overlay-color":"","overlay-opacity":"","overlay-gradient":""},"mobile":{"background-color":"var(--ast-global-color-5)","background-image":"","background-repeat":"repeat","background-position":"center center","background-size":"auto","background-attachment":"scroll","background-type":"","background-media":"","overlay-type":"","overlay-color":"","overlay-opacity":"","overlay-gradient":""}},"footnotes":""},"class_list":["post-4220","page","type-page","status-publish","hentry"],"yoast_head":"<!-- This site is optimized with the Yoast SEO plugin v27.5 - https:\/\/yoast.com\/product\/yoast-seo-wordpress\/ -->\n<title>Za\u0161tita osobnih podataka - TZ Stari Grad Otok Hvar<\/title>\n<meta name=\"robots\" content=\"index, follow, max-snippet:-1, max-image-preview:large, max-video-preview:-1\" \/>\n<link rel=\"canonical\" href=\"https:\/\/www.visit-stari-grad.com\/hr\/opce-informacije\/zastita-osobnih-podataka\/\" \/>\n<meta property=\"og:locale\" content=\"hr_HR\" \/>\n<meta property=\"og:type\" content=\"article\" \/>\n<meta property=\"og:title\" content=\"Za\u0161tita osobnih podataka - TZ Stari Grad Otok Hvar\" \/>\n<meta property=\"og:description\" content=\"Za\u0161tita osobnih podataka (GDPR) Turisti\u010dkoj zajednici\u00a0 Staroga Grada je va\u017eno za\u0161tititi sigurnost i privatnost va\u0161ih osobnih podataka stoga poslujemo u skladu s Op\u0107om uredbom o za\u0161titi podataka (EU) 2016\/679 Europskog parlamenta i Vije\u0107a EU od 27. travnja 2016. o za\u0161titi pojedinaca u vezi s obradom osobnih podataka i o slobodnom kretanju takvih podataka te mjerodavnim [&hellip;]\" \/>\n<meta property=\"og:url\" content=\"https:\/\/www.visit-stari-grad.com\/hr\/opce-informacije\/zastita-osobnih-podataka\/\" \/>\n<meta property=\"og:site_name\" content=\"TZ Stari Grad Otok Hvar\" \/>\n<meta property=\"article:modified_time\" content=\"2020-02-20T12:31:36+00:00\" \/>\n<meta name=\"twitter:card\" content=\"summary_large_image\" \/>\n<meta name=\"twitter:label1\" content=\"Procijenjeno vrijeme \u010ditanja\" \/>\n\t<meta name=\"twitter:data1\" content=\"3 minute\" \/>\n<script type=\"application\/ld+json\" class=\"yoast-schema-graph\">{\"@context\":\"https:\\\/\\\/schema.org\",\"@graph\":[{\"@type\":\"WebPage\",\"@id\":\"https:\\\/\\\/www.visit-stari-grad.com\\\/hr\\\/opce-informacije\\\/zastita-osobnih-podataka\\\/\",\"url\":\"https:\\\/\\\/www.visit-stari-grad.com\\\/hr\\\/opce-informacije\\\/zastita-osobnih-podataka\\\/\",\"name\":\"Za\u0161tita osobnih podataka - TZ Stari Grad Otok Hvar\",\"isPartOf\":{\"@id\":\"https:\\\/\\\/www.visit-stari-grad.com\\\/hr\\\/#website\"},\"datePublished\":\"2019-11-18T19:03:45+00:00\",\"dateModified\":\"2020-02-20T12:31:36+00:00\",\"breadcrumb\":{\"@id\":\"https:\\\/\\\/www.visit-stari-grad.com\\\/hr\\\/opce-informacije\\\/zastita-osobnih-podataka\\\/#breadcrumb\"},\"inLanguage\":\"hr\",\"potentialAction\":[{\"@type\":\"ReadAction\",\"target\":[\"https:\\\/\\\/www.visit-stari-grad.com\\\/hr\\\/opce-informacije\\\/zastita-osobnih-podataka\\\/\"]}]},{\"@type\":\"BreadcrumbList\",\"@id\":\"https:\\\/\\\/www.visit-stari-grad.com\\\/hr\\\/opce-informacije\\\/zastita-osobnih-podataka\\\/#breadcrumb\",\"itemListElement\":[{\"@type\":\"ListItem\",\"position\":1,\"name\":\"Po\u010detna stranica\",\"item\":\"https:\\\/\\\/www.visit-stari-grad.com\\\/hr\\\/\"},{\"@type\":\"ListItem\",\"position\":2,\"name\":\"Op\u0107e informacije\",\"item\":\"https:\\\/\\\/www.visit-stari-grad.com\\\/hr\\\/opce-informacije\\\/\"},{\"@type\":\"ListItem\",\"position\":3,\"name\":\"Za\u0161tita osobnih podataka\"}]},{\"@type\":\"WebSite\",\"@id\":\"https:\\\/\\\/www.visit-stari-grad.com\\\/hr\\\/#website\",\"url\":\"https:\\\/\\\/www.visit-stari-grad.com\\\/hr\\\/\",\"name\":\"TZ Stari Grad Otok Hvar\",\"description\":\"Dobrodo\u0161li na slu\u017ebenu web stranicu Turisti\u010dke zajednice Grada Starog Grad-a na kojoj mo\u017eete prona\u0107i sve informacije za va\u0161 savr\u0161en odmor na otoku Hvaru.\",\"publisher\":{\"@id\":\"https:\\\/\\\/www.visit-stari-grad.com\\\/hr\\\/#organization\"},\"potentialAction\":[{\"@type\":\"SearchAction\",\"target\":{\"@type\":\"EntryPoint\",\"urlTemplate\":\"https:\\\/\\\/www.visit-stari-grad.com\\\/hr\\\/?s={search_term_string}\"},\"query-input\":{\"@type\":\"PropertyValueSpecification\",\"valueRequired\":true,\"valueName\":\"search_term_string\"}}],\"inLanguage\":\"hr\"},{\"@type\":\"Organization\",\"@id\":\"https:\\\/\\\/www.visit-stari-grad.com\\\/hr\\\/#organization\",\"name\":\"Turisti\u010dka zajednica grada Staroga Grada\",\"url\":\"https:\\\/\\\/www.visit-stari-grad.com\\\/hr\\\/\",\"logo\":{\"@type\":\"ImageObject\",\"inLanguage\":\"hr\",\"@id\":\"https:\\\/\\\/www.visit-stari-grad.com\\\/hr\\\/#\\\/schema\\\/logo\\\/image\\\/\",\"url\":\"https:\\\/\\\/www.visit-stari-grad.com\\\/wp-content\\\/uploads\\\/2019\\\/05\\\/logo_TZ_Stari_Grad_w.png\",\"contentUrl\":\"https:\\\/\\\/www.visit-stari-grad.com\\\/wp-content\\\/uploads\\\/2019\\\/05\\\/logo_TZ_Stari_Grad_w.png\",\"width\":256,\"height\":72,\"caption\":\"Turisti\u010dka zajednica grada Staroga Grada\"},\"image\":{\"@id\":\"https:\\\/\\\/www.visit-stari-grad.com\\\/hr\\\/#\\\/schema\\\/logo\\\/image\\\/\"}}]}<\/script>\n<!-- \/ Yoast SEO plugin. -->","yoast_head_json":{"title":"Za\u0161tita osobnih podataka - TZ Stari Grad Otok Hvar","robots":{"index":"index","follow":"follow","max-snippet":"max-snippet:-1","max-image-preview":"max-image-preview:large","max-video-preview":"max-video-preview:-1"},"canonical":"https:\/\/www.visit-stari-grad.com\/hr\/opce-informacije\/zastita-osobnih-podataka\/","og_locale":"hr_HR","og_type":"article","og_title":"Za\u0161tita osobnih podataka - TZ Stari Grad Otok Hvar","og_description":"Za\u0161tita osobnih podataka (GDPR) Turisti\u010dkoj zajednici\u00a0 Staroga Grada je va\u017eno za\u0161tititi sigurnost i privatnost va\u0161ih osobnih podataka stoga poslujemo u skladu s Op\u0107om uredbom o za\u0161titi podataka (EU) 2016\/679 Europskog parlamenta i Vije\u0107a EU od 27. travnja 2016. o za\u0161titi pojedinaca u vezi s obradom osobnih podataka i o slobodnom kretanju takvih podataka te mjerodavnim [&hellip;]","og_url":"https:\/\/www.visit-stari-grad.com\/hr\/opce-informacije\/zastita-osobnih-podataka\/","og_site_name":"TZ Stari Grad Otok Hvar","article_modified_time":"2020-02-20T12:31:36+00:00","twitter_card":"summary_large_image","twitter_misc":{"Procijenjeno vrijeme \u010ditanja":"3 minute"},"schema":{"@context":"https:\/\/schema.org","@graph":[{"@type":"WebPage","@id":"https:\/\/www.visit-stari-grad.com\/hr\/opce-informacije\/zastita-osobnih-podataka\/","url":"https:\/\/www.visit-stari-grad.com\/hr\/opce-informacije\/zastita-osobnih-podataka\/","name":"Za\u0161tita osobnih podataka - TZ Stari Grad Otok Hvar","isPartOf":{"@id":"https:\/\/www.visit-stari-grad.com\/hr\/#website"},"datePublished":"2019-11-18T19:03:45+00:00","dateModified":"2020-02-20T12:31:36+00:00","breadcrumb":{"@id":"https:\/\/www.visit-stari-grad.com\/hr\/opce-informacije\/zastita-osobnih-podataka\/#breadcrumb"},"inLanguage":"hr","potentialAction":[{"@type":"ReadAction","target":["https:\/\/www.visit-stari-grad.com\/hr\/opce-informacije\/zastita-osobnih-podataka\/"]}]},{"@type":"BreadcrumbList","@id":"https:\/\/www.visit-stari-grad.com\/hr\/opce-informacije\/zastita-osobnih-podataka\/#breadcrumb","itemListElement":[{"@type":"ListItem","position":1,"name":"Po\u010detna stranica","item":"https:\/\/www.visit-stari-grad.com\/hr\/"},{"@type":"ListItem","position":2,"name":"Op\u0107e informacije","item":"https:\/\/www.visit-stari-grad.com\/hr\/opce-informacije\/"},{"@type":"ListItem","position":3,"name":"Za\u0161tita osobnih podataka"}]},{"@type":"WebSite","@id":"https:\/\/www.visit-stari-grad.com\/hr\/#website","url":"https:\/\/www.visit-stari-grad.com\/hr\/","name":"TZ Stari Grad Otok Hvar","description":"Dobrodo\u0161li na slu\u017ebenu web stranicu Turisti\u010dke zajednice Grada Starog Grad-a na kojoj mo\u017eete prona\u0107i sve informacije za va\u0161 savr\u0161en odmor na otoku Hvaru.","publisher":{"@id":"https:\/\/www.visit-stari-grad.com\/hr\/#organization"},"potentialAction":[{"@type":"SearchAction","target":{"@type":"EntryPoint","urlTemplate":"https:\/\/www.visit-stari-grad.com\/hr\/?s={search_term_string}"},"query-input":{"@type":"PropertyValueSpecification","valueRequired":true,"valueName":"search_term_string"}}],"inLanguage":"hr"},{"@type":"Organization","@id":"https:\/\/www.visit-stari-grad.com\/hr\/#organization","name":"Turisti\u010dka zajednica grada Staroga Grada","url":"https:\/\/www.visit-stari-grad.com\/hr\/","logo":{"@type":"ImageObject","inLanguage":"hr","@id":"https:\/\/www.visit-stari-grad.com\/hr\/#\/schema\/logo\/image\/","url":"https:\/\/www.visit-stari-grad.com\/wp-content\/uploads\/2019\/05\/logo_TZ_Stari_Grad_w.png","contentUrl":"https:\/\/www.visit-stari-grad.com\/wp-content\/uploads\/2019\/05\/logo_TZ_Stari_Grad_w.png","width":256,"height":72,"caption":"Turisti\u010dka zajednica grada Staroga Grada"},"image":{"@id":"https:\/\/www.visit-stari-grad.com\/hr\/#\/schema\/logo\/image\/"}}]}},"_links":{"self":[{"href":"https:\/\/www.visit-stari-grad.com\/hr\/wp-json\/wp\/v2\/pages\/4220","targetHints":{"allow":["GET"]}}],"collection":[{"href":"https:\/\/www.visit-stari-grad.com\/hr\/wp-json\/wp\/v2\/pages"}],"about":[{"href":"https:\/\/www.visit-stari-grad.com\/hr\/wp-json\/wp\/v2\/types\/page"}],"author":[{"embeddable":true,"href":"https:\/\/www.visit-stari-grad.com\/hr\/wp-json\/wp\/v2\/users\/1"}],"replies":[{"embeddable":true,"href":"https:\/\/www.visit-stari-grad.com\/hr\/wp-json\/wp\/v2\/comments?post=4220"}],"version-history":[{"count":0,"href":"https:\/\/www.visit-stari-grad.com\/hr\/wp-json\/wp\/v2\/pages\/4220\/revisions"}],"up":[{"embeddable":true,"href":"https:\/\/www.visit-stari-grad.com\/hr\/wp-json\/wp\/v2\/pages\/4154"}],"wp:attachment":[{"href":"https:\/\/www.visit-stari-grad.com\/hr\/wp-json\/wp\/v2\/media?parent=4220"}],"curies":[{"name":"wp","href":"https:\/\/api.w.org\/{rel}","templated":true}]}}