{"id":4419,"date":"2019-12-19T17:52:42","date_gmt":"2019-12-19T16:52:42","guid":{"rendered":"https:\/\/www.visit-stari-grad.com\/?page_id=4419"},"modified":"2021-01-04T10:58:41","modified_gmt":"2021-01-04T09:58:41","slug":"rodendan-starog-grada","status":"publish","type":"page","link":"https:\/\/www.visit-stari-grad.com\/hr\/sto-vidjeti\/festivali-i-dogadanja\/rodendan-starog-grada\/","title":{"rendered":"Ro\u0111endan Starog Grada"},"content":{"rendered":"\t\t<div data-elementor-type=\"wp-page\" data-elementor-id=\"4419\" class=\"elementor elementor-4419\" data-elementor-post-type=\"page\">\n\t\t\t\t\t\t<section class=\"elementor-section elementor-top-section elementor-element elementor-element-135f99b2 elementor-section-stretched elementor-section-boxed elementor-section-height-default elementor-section-height-default\" data-id=\"135f99b2\" data-element_type=\"section\" data-e-type=\"section\" data-settings=\"{&quot;stretch_section&quot;:&quot;section-stretched&quot;,&quot;background_background&quot;:&quot;classic&quot;}\">\n\t\t\t\t\t\t\t<div class=\"elementor-background-overlay\"><\/div>\n\t\t\t\t\t\t\t<div class=\"elementor-container elementor-column-gap-default\">\n\t\t\t\t\t<div class=\"elementor-column elementor-col-100 elementor-top-column elementor-element elementor-element-50f9dffa elementor-invisible\" data-id=\"50f9dffa\" data-element_type=\"column\" data-e-type=\"column\" data-settings=\"{&quot;background_background&quot;:&quot;classic&quot;,&quot;animation&quot;:&quot;fadeInLeft&quot;,&quot;animation_delay&quot;:&quot;300&quot;}\">\n\t\t\t<div class=\"elementor-widget-wrap elementor-element-populated\">\n\t\t\t\t\t<div class=\"elementor-background-overlay\"><\/div>\n\t\t\t\t\t\t<div class=\"elementor-element elementor-element-51ef45ea elementor-invisible elementor-widget elementor-widget-heading\" data-id=\"51ef45ea\" data-element_type=\"widget\" data-e-type=\"widget\" data-settings=\"{&quot;_animation&quot;:&quot;fadeInLeft&quot;,&quot;_animation_delay&quot;:&quot;700&quot;}\" data-widget_type=\"heading.default\">\n\t\t\t\t<div class=\"elementor-widget-container\">\n\t\t\t\t\t<h1 class=\"elementor-heading-title elementor-size-default\">Dan grada Farosa - ro\u0111endan Staroga Grada <\/h1>\t\t\t\t<\/div>\n\t\t\t\t<\/div>\n\t\t\t\t\t<\/div>\n\t\t<\/div>\n\t\t\t\t\t<\/div>\n\t\t<\/section>\n\t\t\t\t<section class=\"elementor-section elementor-top-section elementor-element elementor-element-5dcc2bcb elementor-section-boxed elementor-section-height-default elementor-section-height-default\" data-id=\"5dcc2bcb\" data-element_type=\"section\" data-e-type=\"section\">\n\t\t\t\t\t\t<div class=\"elementor-container elementor-column-gap-default\">\n\t\t\t\t\t<div class=\"elementor-column elementor-col-100 elementor-top-column elementor-element elementor-element-57a357cf\" data-id=\"57a357cf\" data-element_type=\"column\" data-e-type=\"column\">\n\t\t\t<div class=\"elementor-widget-wrap elementor-element-populated\">\n\t\t\t\t\t\t<section class=\"elementor-section elementor-inner-section elementor-element elementor-element-415eede5 elementor-section-content-top elementor-section-boxed elementor-section-height-default elementor-section-height-default\" data-id=\"415eede5\" data-element_type=\"section\" data-e-type=\"section\">\n\t\t\t\t\t\t<div class=\"elementor-container elementor-column-gap-default\">\n\t\t\t\t\t<div class=\"elementor-column elementor-col-66 elementor-inner-column elementor-element elementor-element-79d90c11\" data-id=\"79d90c11\" data-element_type=\"column\" data-e-type=\"column\">\n\t\t\t<div class=\"elementor-widget-wrap elementor-element-populated\">\n\t\t\t\t\t\t<div class=\"elementor-element elementor-element-7127a266 elementor-widget elementor-widget-text-editor\" data-id=\"7127a266\" data-element_type=\"widget\" data-e-type=\"widget\" data-widget_type=\"text-editor.default\">\n\t\t\t\t<div class=\"elementor-widget-container\">\n\t\t\t\t\t\t\t\t\t<p><strong><em>Iz Povelje o Danu Grada Farosa<\/em> <\/strong><\/p><p><em>&#8230;Bija\u0161e to ljeta 384. prije Krista kad utemeljitelji, nastaniv\u0161i se uz more, sagradi\u0161e grad da bi se ispunilo drevno proro\u010danstvo o gradu kojemu ne\u0107e biti kraja rodi li se u znaku suncostaja!<\/em><\/p><p><em>I bi po dugodnevnici polo\u017een kam temeljac i rodi se dugotrajnik grad Faros &#8211; prvijenac urbane civilizacije u na\u0161im krajevima, istodobno kad se slavio po\u010detak <strong>99. anti\u010dke Olimpijade<\/strong>, stoga na\u0161 grad, simboli\u010dno vezan uz taj doga\u0111aj, kao obljenicu utemeljenja slavi <strong>9.9. &#8211; Dan grada Farosa,<\/strong> ro\u0111endan najstarijeg grada na tlu domovine nam Hrvatske. <\/em><\/p><p>\u00a0<\/p><p>\u00a0<\/p><p>\u00a0<\/p>\t\t\t\t\t\t\t\t<\/div>\n\t\t\t\t<\/div>\n\t\t\t\t\t<\/div>\n\t\t<\/div>\n\t\t\t\t<div class=\"elementor-column elementor-col-33 elementor-inner-column elementor-element elementor-element-7f38d3c1\" data-id=\"7f38d3c1\" data-element_type=\"column\" data-e-type=\"column\">\n\t\t\t<div class=\"elementor-widget-wrap elementor-element-populated\">\n\t\t\t\t\t\t<div class=\"elementor-element elementor-element-8382457 elementor-widget elementor-widget-counter\" data-id=\"8382457\" data-element_type=\"widget\" data-e-type=\"widget\" data-widget_type=\"counter.default\">\n\t\t\t\t<div class=\"elementor-widget-container\">\n\t\t\t\t\t\t\t<div class=\"elementor-counter\">\n\t\t\t<div class=\"elementor-counter-title\">Ro\u0111endan Starog Grada <\/div>\t\t\t<div class=\"elementor-counter-number-wrapper\">\n\t\t\t\t<span class=\"elementor-counter-number-prefix\"><\/span>\n\t\t\t\t<span class=\"elementor-counter-number\" data-duration=\"2000\" data-to-value=\"2404\" data-from-value=\"0\">0<\/span>\n\t\t\t\t<span class=\"elementor-counter-number-suffix\"><\/span>\n\t\t\t<\/div>\n\t\t<\/div>\n\t\t\t\t\t\t<\/div>\n\t\t\t\t<\/div>\n\t\t\t\t\t<\/div>\n\t\t<\/div>\n\t\t\t\t\t<\/div>\n\t\t<\/section>\n\t\t\t\t\t<\/div>\n\t\t<\/div>\n\t\t\t\t\t<\/div>\n\t\t<\/section>\n\t\t\t\t<section class=\"elementor-section elementor-top-section elementor-element elementor-element-27fc489d elementor-section-full_width elementor-section-height-default elementor-section-height-default\" data-id=\"27fc489d\" data-element_type=\"section\" data-e-type=\"section\">\n\t\t\t\t\t\t<div class=\"elementor-container elementor-column-gap-no\">\n\t\t\t\t\t<div class=\"elementor-column elementor-col-100 elementor-top-column elementor-element elementor-element-46bfc7f1\" data-id=\"46bfc7f1\" data-element_type=\"column\" data-e-type=\"column\">\n\t\t\t<div class=\"elementor-widget-wrap elementor-element-populated\">\n\t\t\t\t\t\t\t<\/div>\n\t\t<\/div>\n\t\t\t\t\t<\/div>\n\t\t<\/section>\n\t\t\t\t<\/div>\n\t\t","protected":false},"excerpt":{"rendered":"<p>Dan grada Farosa &#8211; ro\u0111endan Staroga Grada Iz Povelje o Danu Grada Farosa &#8230;Bija\u0161e to ljeta 384. prije Krista kad utemeljitelji, nastaniv\u0161i se uz more, sagradi\u0161e grad da bi se ispunilo drevno proro\u010danstvo o gradu kojemu ne\u0107e biti kraja rodi li se u znaku suncostaja! I bi po dugodnevnici polo\u017een kam temeljac i rodi se [&hellip;]<\/p>\n","protected":false},"author":3,"featured_media":0,"parent":270,"menu_order":0,"comment_status":"closed","ping_status":"closed","template":"","meta":{"site-sidebar-layout":"no-sidebar","site-content-layout":"page-builder","ast-site-content-layout":"default","site-content-style":"default","site-sidebar-style":"default","ast-global-header-display":"","ast-banner-title-visibility":"","ast-main-header-display":"","ast-hfb-above-header-display":"","ast-hfb-below-header-display":"","ast-hfb-mobile-header-display":"","site-post-title":"disabled","ast-breadcrumbs-content":"","ast-featured-img":"disabled","footer-sml-layout":"","ast-disable-related-posts":"","theme-transparent-header-meta":"default","adv-header-id-meta":"","stick-header-meta":"default","header-above-stick-meta":"","header-main-stick-meta":"","header-below-stick-meta":"","astra-migrate-meta-layouts":"default","ast-page-background-enabled":"default","ast-page-background-meta":{"desktop":{"background-color":"","background-image":"","background-repeat":"repeat","background-position":"center center","background-size":"auto","background-attachment":"scroll","background-type":"","background-media":"","overlay-type":"","overlay-color":"","overlay-opacity":"","overlay-gradient":""},"tablet":{"background-color":"","background-image":"","background-repeat":"repeat","background-position":"center center","background-size":"auto","background-attachment":"scroll","background-type":"","background-media":"","overlay-type":"","overlay-color":"","overlay-opacity":"","overlay-gradient":""},"mobile":{"background-color":"","background-image":"","background-repeat":"repeat","background-position":"center center","background-size":"auto","background-attachment":"scroll","background-type":"","background-media":"","overlay-type":"","overlay-color":"","overlay-opacity":"","overlay-gradient":""}},"ast-content-background-meta":{"desktop":{"background-color":"var(--ast-global-color-5)","background-image":"","background-repeat":"repeat","background-position":"center center","background-size":"auto","background-attachment":"scroll","background-type":"","background-media":"","overlay-type":"","overlay-color":"","overlay-opacity":"","overlay-gradient":""},"tablet":{"background-color":"var(--ast-global-color-5)","background-image":"","background-repeat":"repeat","background-position":"center center","background-size":"auto","background-attachment":"scroll","background-type":"","background-media":"","overlay-type":"","overlay-color":"","overlay-opacity":"","overlay-gradient":""},"mobile":{"background-color":"var(--ast-global-color-5)","background-image":"","background-repeat":"repeat","background-position":"center center","background-size":"auto","background-attachment":"scroll","background-type":"","background-media":"","overlay-type":"","overlay-color":"","overlay-opacity":"","overlay-gradient":""}},"footnotes":""},"class_list":["post-4419","page","type-page","status-publish","hentry"],"yoast_head":"<!-- This site is optimized with the Yoast SEO plugin v27.4 - https:\/\/yoast.com\/product\/yoast-seo-wordpress\/ -->\n<title>Ro\u0111endan Starog Grada - TZ Stari Grad Otok Hvar<\/title>\n<meta name=\"robots\" content=\"index, follow, max-snippet:-1, max-image-preview:large, max-video-preview:-1\" \/>\n<link rel=\"canonical\" href=\"https:\/\/www.visit-stari-grad.com\/hr\/sto-vidjeti\/festivali-i-dogadanja\/rodendan-starog-grada\/\" \/>\n<meta property=\"og:locale\" content=\"hr_HR\" \/>\n<meta property=\"og:type\" content=\"article\" \/>\n<meta property=\"og:title\" content=\"Ro\u0111endan Starog Grada - TZ Stari Grad Otok Hvar\" \/>\n<meta property=\"og:description\" content=\"Dan grada Farosa &#8211; ro\u0111endan Staroga Grada Iz Povelje o Danu Grada Farosa &#8230;Bija\u0161e to ljeta 384. prije Krista kad utemeljitelji, nastaniv\u0161i se uz more, sagradi\u0161e grad da bi se ispunilo drevno proro\u010danstvo o gradu kojemu ne\u0107e biti kraja rodi li se u znaku suncostaja! I bi po dugodnevnici polo\u017een kam temeljac i rodi se [&hellip;]\" \/>\n<meta property=\"og:url\" content=\"https:\/\/www.visit-stari-grad.com\/hr\/sto-vidjeti\/festivali-i-dogadanja\/rodendan-starog-grada\/\" \/>\n<meta property=\"og:site_name\" content=\"TZ Stari Grad Otok Hvar\" \/>\n<meta property=\"article:modified_time\" content=\"2021-01-04T09:58:41+00:00\" \/>\n<meta name=\"twitter:card\" content=\"summary_large_image\" \/>\n<meta name=\"twitter:label1\" content=\"Procijenjeno vrijeme \u010ditanja\" \/>\n\t<meta name=\"twitter:data1\" content=\"1 minuta\" \/>\n<script type=\"application\/ld+json\" class=\"yoast-schema-graph\">{\"@context\":\"https:\\\/\\\/schema.org\",\"@graph\":[{\"@type\":\"WebPage\",\"@id\":\"https:\\\/\\\/www.visit-stari-grad.com\\\/hr\\\/sto-vidjeti\\\/festivali-i-dogadanja\\\/rodendan-starog-grada\\\/\",\"url\":\"https:\\\/\\\/www.visit-stari-grad.com\\\/hr\\\/sto-vidjeti\\\/festivali-i-dogadanja\\\/rodendan-starog-grada\\\/\",\"name\":\"Ro\u0111endan Starog Grada - TZ Stari Grad Otok Hvar\",\"isPartOf\":{\"@id\":\"https:\\\/\\\/www.visit-stari-grad.com\\\/hr\\\/#website\"},\"datePublished\":\"2019-12-19T16:52:42+00:00\",\"dateModified\":\"2021-01-04T09:58:41+00:00\",\"breadcrumb\":{\"@id\":\"https:\\\/\\\/www.visit-stari-grad.com\\\/hr\\\/sto-vidjeti\\\/festivali-i-dogadanja\\\/rodendan-starog-grada\\\/#breadcrumb\"},\"inLanguage\":\"hr\",\"potentialAction\":[{\"@type\":\"ReadAction\",\"target\":[\"https:\\\/\\\/www.visit-stari-grad.com\\\/hr\\\/sto-vidjeti\\\/festivali-i-dogadanja\\\/rodendan-starog-grada\\\/\"]}]},{\"@type\":\"BreadcrumbList\",\"@id\":\"https:\\\/\\\/www.visit-stari-grad.com\\\/hr\\\/sto-vidjeti\\\/festivali-i-dogadanja\\\/rodendan-starog-grada\\\/#breadcrumb\",\"itemListElement\":[{\"@type\":\"ListItem\",\"position\":1,\"name\":\"Po\u010detna stranica\",\"item\":\"https:\\\/\\\/www.visit-stari-grad.com\\\/hr\\\/\"},{\"@type\":\"ListItem\",\"position\":2,\"name\":\"\u0160to vidjeti\",\"item\":\"https:\\\/\\\/www.visit-stari-grad.com\\\/hr\\\/sto-vidjeti\\\/\"},{\"@type\":\"ListItem\",\"position\":3,\"name\":\"Festivali i doga\u0111anja\",\"item\":\"https:\\\/\\\/www.visit-stari-grad.com\\\/hr\\\/sto-vidjeti\\\/festivali-i-dogadanja\\\/\"},{\"@type\":\"ListItem\",\"position\":4,\"name\":\"Ro\u0111endan Starog Grada\"}]},{\"@type\":\"WebSite\",\"@id\":\"https:\\\/\\\/www.visit-stari-grad.com\\\/hr\\\/#website\",\"url\":\"https:\\\/\\\/www.visit-stari-grad.com\\\/hr\\\/\",\"name\":\"TZ Stari Grad Otok Hvar\",\"description\":\"Dobrodo\u0161li na slu\u017ebenu web stranicu Turisti\u010dke zajednice Grada Starog Grad-a na kojoj mo\u017eete prona\u0107i sve informacije za va\u0161 savr\u0161en odmor na otoku Hvaru.\",\"publisher\":{\"@id\":\"https:\\\/\\\/www.visit-stari-grad.com\\\/hr\\\/#organization\"},\"potentialAction\":[{\"@type\":\"SearchAction\",\"target\":{\"@type\":\"EntryPoint\",\"urlTemplate\":\"https:\\\/\\\/www.visit-stari-grad.com\\\/hr\\\/?s={search_term_string}\"},\"query-input\":{\"@type\":\"PropertyValueSpecification\",\"valueRequired\":true,\"valueName\":\"search_term_string\"}}],\"inLanguage\":\"hr\"},{\"@type\":\"Organization\",\"@id\":\"https:\\\/\\\/www.visit-stari-grad.com\\\/hr\\\/#organization\",\"name\":\"Turisti\u010dka zajednica grada Staroga Grada\",\"url\":\"https:\\\/\\\/www.visit-stari-grad.com\\\/hr\\\/\",\"logo\":{\"@type\":\"ImageObject\",\"inLanguage\":\"hr\",\"@id\":\"https:\\\/\\\/www.visit-stari-grad.com\\\/hr\\\/#\\\/schema\\\/logo\\\/image\\\/\",\"url\":\"https:\\\/\\\/www.visit-stari-grad.com\\\/wp-content\\\/uploads\\\/2019\\\/05\\\/logo_TZ_Stari_Grad_w.png\",\"contentUrl\":\"https:\\\/\\\/www.visit-stari-grad.com\\\/wp-content\\\/uploads\\\/2019\\\/05\\\/logo_TZ_Stari_Grad_w.png\",\"width\":256,\"height\":72,\"caption\":\"Turisti\u010dka zajednica grada Staroga Grada\"},\"image\":{\"@id\":\"https:\\\/\\\/www.visit-stari-grad.com\\\/hr\\\/#\\\/schema\\\/logo\\\/image\\\/\"}}]}<\/script>\n<!-- \/ Yoast SEO plugin. -->","yoast_head_json":{"title":"Ro\u0111endan Starog Grada - TZ Stari Grad Otok Hvar","robots":{"index":"index","follow":"follow","max-snippet":"max-snippet:-1","max-image-preview":"max-image-preview:large","max-video-preview":"max-video-preview:-1"},"canonical":"https:\/\/www.visit-stari-grad.com\/hr\/sto-vidjeti\/festivali-i-dogadanja\/rodendan-starog-grada\/","og_locale":"hr_HR","og_type":"article","og_title":"Ro\u0111endan Starog Grada - TZ Stari Grad Otok Hvar","og_description":"Dan grada Farosa &#8211; ro\u0111endan Staroga Grada Iz Povelje o Danu Grada Farosa &#8230;Bija\u0161e to ljeta 384. prije Krista kad utemeljitelji, nastaniv\u0161i se uz more, sagradi\u0161e grad da bi se ispunilo drevno proro\u010danstvo o gradu kojemu ne\u0107e biti kraja rodi li se u znaku suncostaja! I bi po dugodnevnici polo\u017een kam temeljac i rodi se [&hellip;]","og_url":"https:\/\/www.visit-stari-grad.com\/hr\/sto-vidjeti\/festivali-i-dogadanja\/rodendan-starog-grada\/","og_site_name":"TZ Stari Grad Otok Hvar","article_modified_time":"2021-01-04T09:58:41+00:00","twitter_card":"summary_large_image","twitter_misc":{"Procijenjeno vrijeme \u010ditanja":"1 minuta"},"schema":{"@context":"https:\/\/schema.org","@graph":[{"@type":"WebPage","@id":"https:\/\/www.visit-stari-grad.com\/hr\/sto-vidjeti\/festivali-i-dogadanja\/rodendan-starog-grada\/","url":"https:\/\/www.visit-stari-grad.com\/hr\/sto-vidjeti\/festivali-i-dogadanja\/rodendan-starog-grada\/","name":"Ro\u0111endan Starog Grada - TZ Stari Grad Otok Hvar","isPartOf":{"@id":"https:\/\/www.visit-stari-grad.com\/hr\/#website"},"datePublished":"2019-12-19T16:52:42+00:00","dateModified":"2021-01-04T09:58:41+00:00","breadcrumb":{"@id":"https:\/\/www.visit-stari-grad.com\/hr\/sto-vidjeti\/festivali-i-dogadanja\/rodendan-starog-grada\/#breadcrumb"},"inLanguage":"hr","potentialAction":[{"@type":"ReadAction","target":["https:\/\/www.visit-stari-grad.com\/hr\/sto-vidjeti\/festivali-i-dogadanja\/rodendan-starog-grada\/"]}]},{"@type":"BreadcrumbList","@id":"https:\/\/www.visit-stari-grad.com\/hr\/sto-vidjeti\/festivali-i-dogadanja\/rodendan-starog-grada\/#breadcrumb","itemListElement":[{"@type":"ListItem","position":1,"name":"Po\u010detna stranica","item":"https:\/\/www.visit-stari-grad.com\/hr\/"},{"@type":"ListItem","position":2,"name":"\u0160to vidjeti","item":"https:\/\/www.visit-stari-grad.com\/hr\/sto-vidjeti\/"},{"@type":"ListItem","position":3,"name":"Festivali i doga\u0111anja","item":"https:\/\/www.visit-stari-grad.com\/hr\/sto-vidjeti\/festivali-i-dogadanja\/"},{"@type":"ListItem","position":4,"name":"Ro\u0111endan Starog Grada"}]},{"@type":"WebSite","@id":"https:\/\/www.visit-stari-grad.com\/hr\/#website","url":"https:\/\/www.visit-stari-grad.com\/hr\/","name":"TZ Stari Grad Otok Hvar","description":"Dobrodo\u0161li na slu\u017ebenu web stranicu Turisti\u010dke zajednice Grada Starog Grad-a na kojoj mo\u017eete prona\u0107i sve informacije za va\u0161 savr\u0161en odmor na otoku Hvaru.","publisher":{"@id":"https:\/\/www.visit-stari-grad.com\/hr\/#organization"},"potentialAction":[{"@type":"SearchAction","target":{"@type":"EntryPoint","urlTemplate":"https:\/\/www.visit-stari-grad.com\/hr\/?s={search_term_string}"},"query-input":{"@type":"PropertyValueSpecification","valueRequired":true,"valueName":"search_term_string"}}],"inLanguage":"hr"},{"@type":"Organization","@id":"https:\/\/www.visit-stari-grad.com\/hr\/#organization","name":"Turisti\u010dka zajednica grada Staroga Grada","url":"https:\/\/www.visit-stari-grad.com\/hr\/","logo":{"@type":"ImageObject","inLanguage":"hr","@id":"https:\/\/www.visit-stari-grad.com\/hr\/#\/schema\/logo\/image\/","url":"https:\/\/www.visit-stari-grad.com\/wp-content\/uploads\/2019\/05\/logo_TZ_Stari_Grad_w.png","contentUrl":"https:\/\/www.visit-stari-grad.com\/wp-content\/uploads\/2019\/05\/logo_TZ_Stari_Grad_w.png","width":256,"height":72,"caption":"Turisti\u010dka zajednica grada Staroga Grada"},"image":{"@id":"https:\/\/www.visit-stari-grad.com\/hr\/#\/schema\/logo\/image\/"}}]}},"_links":{"self":[{"href":"https:\/\/www.visit-stari-grad.com\/hr\/wp-json\/wp\/v2\/pages\/4419","targetHints":{"allow":["GET"]}}],"collection":[{"href":"https:\/\/www.visit-stari-grad.com\/hr\/wp-json\/wp\/v2\/pages"}],"about":[{"href":"https:\/\/www.visit-stari-grad.com\/hr\/wp-json\/wp\/v2\/types\/page"}],"author":[{"embeddable":true,"href":"https:\/\/www.visit-stari-grad.com\/hr\/wp-json\/wp\/v2\/users\/3"}],"replies":[{"embeddable":true,"href":"https:\/\/www.visit-stari-grad.com\/hr\/wp-json\/wp\/v2\/comments?post=4419"}],"version-history":[{"count":0,"href":"https:\/\/www.visit-stari-grad.com\/hr\/wp-json\/wp\/v2\/pages\/4419\/revisions"}],"up":[{"embeddable":true,"href":"https:\/\/www.visit-stari-grad.com\/hr\/wp-json\/wp\/v2\/pages\/270"}],"wp:attachment":[{"href":"https:\/\/www.visit-stari-grad.com\/hr\/wp-json\/wp\/v2\/media?parent=4419"}],"curies":[{"name":"wp","href":"https:\/\/api.w.org\/{rel}","templated":true}]}}