{"id":6586,"date":"2020-05-07T16:17:58","date_gmt":"2020-05-07T14:17:58","guid":{"rendered":"https:\/\/www.visit-stari-grad.com\/?page_id=6586"},"modified":"2020-05-18T10:30:41","modified_gmt":"2020-05-18T08:30:41","slug":"forska-mat","status":"publish","type":"page","link":"https:\/\/www.visit-stari-grad.com\/hr\/sto-ciniti\/dnevni-izleti\/proslo-savrseno-vrijeme\/forska-mat\/","title":{"rendered":"Forska mat"},"content":{"rendered":"\t\t<div data-elementor-type=\"wp-page\" data-elementor-id=\"6586\" class=\"elementor elementor-6586\" data-elementor-post-type=\"page\">\n\t\t\t\t\t\t<section class=\"elementor-section elementor-top-section elementor-element elementor-element-1342286e elementor-section-stretched elementor-section-boxed elementor-section-height-default elementor-section-height-default\" data-id=\"1342286e\" data-element_type=\"section\" data-e-type=\"section\" data-settings=\"{&quot;stretch_section&quot;:&quot;section-stretched&quot;,&quot;background_background&quot;:&quot;classic&quot;}\">\n\t\t\t\t\t\t\t<div class=\"elementor-background-overlay\"><\/div>\n\t\t\t\t\t\t\t<div class=\"elementor-container elementor-column-gap-default\">\n\t\t\t\t\t<div class=\"elementor-column elementor-col-100 elementor-top-column elementor-element elementor-element-83975db elementor-invisible\" data-id=\"83975db\" data-element_type=\"column\" data-e-type=\"column\" data-settings=\"{&quot;background_background&quot;:&quot;classic&quot;,&quot;animation&quot;:&quot;fadeInLeft&quot;,&quot;animation_delay&quot;:&quot;300&quot;}\">\n\t\t\t<div class=\"elementor-widget-wrap elementor-element-populated\">\n\t\t\t\t\t<div class=\"elementor-background-overlay\"><\/div>\n\t\t\t\t\t\t<div class=\"elementor-element elementor-element-18fc5996 elementor-invisible elementor-widget elementor-widget-heading\" data-id=\"18fc5996\" data-element_type=\"widget\" data-e-type=\"widget\" data-settings=\"{&quot;_animation&quot;:&quot;fadeInLeft&quot;,&quot;_animation_delay&quot;:&quot;700&quot;}\" data-widget_type=\"heading.default\">\n\t\t\t\t<div class=\"elementor-widget-container\">\n\t\t\t\t\t<h1 class=\"elementor-heading-title elementor-size-default\">FORSKA MAT<\/h1>\t\t\t\t<\/div>\n\t\t\t\t<\/div>\n\t\t\t\t\t<\/div>\n\t\t<\/div>\n\t\t\t\t\t<\/div>\n\t\t<\/section>\n\t\t\t\t<section class=\"elementor-section elementor-top-section elementor-element elementor-element-58cb4555 elementor-section-boxed elementor-section-height-default elementor-section-height-default\" data-id=\"58cb4555\" data-element_type=\"section\" data-e-type=\"section\">\n\t\t\t\t\t\t<div class=\"elementor-container elementor-column-gap-default\">\n\t\t\t\t\t<div class=\"elementor-column elementor-col-100 elementor-top-column elementor-element elementor-element-27778f7b\" data-id=\"27778f7b\" data-element_type=\"column\" data-e-type=\"column\">\n\t\t\t<div class=\"elementor-widget-wrap elementor-element-populated\">\n\t\t\t\t\t\t<section class=\"elementor-section elementor-inner-section elementor-element elementor-element-79abbad2 elementor-section-content-top elementor-section-boxed elementor-section-height-default elementor-section-height-default\" data-id=\"79abbad2\" data-element_type=\"section\" data-e-type=\"section\">\n\t\t\t\t\t\t<div class=\"elementor-container elementor-column-gap-default\">\n\t\t\t\t\t<div class=\"elementor-column elementor-col-100 elementor-inner-column elementor-element elementor-element-20c6fea9\" data-id=\"20c6fea9\" data-element_type=\"column\" data-e-type=\"column\">\n\t\t\t<div class=\"elementor-widget-wrap elementor-element-populated\">\n\t\t\t\t\t\t<div class=\"elementor-element elementor-element-75e81436 elementor-widget elementor-widget-text-editor\" data-id=\"75e81436\" data-element_type=\"widget\" data-e-type=\"widget\" data-widget_type=\"text-editor.default\">\n\t\t\t\t<div class=\"elementor-widget-container\">\n\t\t\t\t\t\t\t\t\t<p>Neka vam danas sva osjetila budu u pripravnosti, jer pro\u0107i \u0107ete Hvarom od njegovog srca do njegovih stopala. Na putu \u0107ete nau\u010diti kako je i kada ovaj otok dobio svoj trbuh, HORU FAROU, koja ga je hranila dok je bio u povojima, a koja je danas pod za\u0161titom UNESCO-a; upoznati \u0107ete Hvarane koji rade vrhunska vina i u njihovim vinskim buke-ima besramno u\u017eivati; sresti \u0107ete Hvarane koji svojim kreativnim pristupom stvaraju dodanu vrijednost mo\u0107nom maslinovom ulju i u njemu se \u201eizgubiti\u201c; dru\u017eiti se sa Hvaranima koji \u0107e vam osigurati vrhunske zalogaje na mjestu koje spaja lokalnu gastronomiju, oto\u010dnu tradiciju, bezvremenu ljepotu i tople ljudske emocije. Vrijedni vas Hvarani vode kroz dana\u0161nju uzbudljivu i ukusnu, hvarsku pri\u010du.<\/p><p>&#8230;<\/p><p><em>Informacije i rezervacije:\u00a0<\/em> <a href=\"http:\/\/Villas Hvar\" data-wplink-url-error=\"true\">https:\/\/villashvar.com\/en\/daily-escapes\/taste-of-life<\/a><\/p><p><strong>\u00a0<\/strong><\/p>\t\t\t\t\t\t\t\t<\/div>\n\t\t\t\t<\/div>\n\t\t\t\t<div class=\"elementor-element elementor-element-12fe5c2c elementor-widget elementor-widget-image\" data-id=\"12fe5c2c\" data-element_type=\"widget\" data-e-type=\"widget\" data-widget_type=\"image.default\">\n\t\t\t\t<div class=\"elementor-widget-container\">\n\t\t\t\t\t\t\t\t\t\t\t\t\t\t\t\t<a href=\"https:\/\/villashvar.com\/en\/daily-escapes\/strings-of-heritage\" target=\"_blank\">\n\t\t\t\t\t\t\t<img decoding=\"async\" width=\"150\" height=\"73\" src=\"https:\/\/www.visit-stari-grad.com\/wp-content\/uploads\/2020\/05\/Logo_S_NEW-2.png\" class=\"attachment-large size-large wp-image-6807\" alt=\"\" \/>\t\t\t\t\t\t\t\t<\/a>\n\t\t\t\t\t\t\t\t\t\t\t\t\t\t\t<\/div>\n\t\t\t\t<\/div>\n\t\t\t\t\t<\/div>\n\t\t<\/div>\n\t\t\t\t\t<\/div>\n\t\t<\/section>\n\t\t\t\t\t<\/div>\n\t\t<\/div>\n\t\t\t\t\t<\/div>\n\t\t<\/section>\n\t\t\t\t<section class=\"elementor-section elementor-top-section elementor-element elementor-element-4c4c5bb9 elementor-section-full_width elementor-section-height-default elementor-section-height-default\" data-id=\"4c4c5bb9\" data-element_type=\"section\" data-e-type=\"section\">\n\t\t\t\t\t\t<div class=\"elementor-container elementor-column-gap-no\">\n\t\t\t\t\t<div class=\"elementor-column elementor-col-100 elementor-top-column elementor-element elementor-element-313e71ab\" data-id=\"313e71ab\" data-element_type=\"column\" data-e-type=\"column\">\n\t\t\t<div class=\"elementor-widget-wrap elementor-element-populated\">\n\t\t\t\t\t\t<div class=\"elementor-element elementor-element-a45e360 elementor-arrows-position-inside elementor-widget elementor-widget-image-carousel\" data-id=\"a45e360\" data-element_type=\"widget\" data-e-type=\"widget\" data-settings=\"{&quot;slides_to_show&quot;:&quot;3&quot;,&quot;slides_to_scroll&quot;:&quot;1&quot;,&quot;navigation&quot;:&quot;arrows&quot;,&quot;autoplay_speed&quot;:3500,&quot;autoplay&quot;:&quot;yes&quot;,&quot;pause_on_hover&quot;:&quot;yes&quot;,&quot;pause_on_interaction&quot;:&quot;yes&quot;,&quot;infinite&quot;:&quot;yes&quot;,&quot;speed&quot;:500}\" data-widget_type=\"image-carousel.default\">\n\t\t\t\t<div class=\"elementor-widget-container\">\n\t\t\t\t\t\t\t<div class=\"elementor-image-carousel-wrapper swiper\" role=\"region\" aria-roledescription=\"carousel\" aria-label=\"Vrtuljak slika\" dir=\"rtl\">\n\t\t\t<div class=\"elementor-image-carousel swiper-wrapper\" aria-live=\"off\">\n\t\t\t\t\t\t\t\t<div class=\"swiper-slide\" role=\"group\" aria-roledescription=\"slide\" aria-label=\"1 od 4\"><a data-elementor-open-lightbox=\"yes\" data-elementor-lightbox-slideshow=\"a45e360\" data-elementor-lightbox-title=\"1586997746DSC_1176.jpg-manja-2\" data-e-action-hash=\"#elementor-action%3Aaction%3Dlightbox%26settings%3DeyJpZCI6NjY5MCwidXJsIjoiaHR0cHM6XC9cL3d3dy52aXNpdC1zdGFyaS1ncmFkLmNvbVwvd3AtY29udGVudFwvdXBsb2Fkc1wvMjAyMFwvMDVcLzE1ODY5OTc3NDZEU0NfMTE3Ni5qcGctbWFuamEtMi1zY2FsZWQuanBnIiwic2xpZGVzaG93IjoiYTQ1ZTM2MCJ9\" href=\"https:\/\/www.visit-stari-grad.com\/wp-content\/uploads\/2020\/05\/1586997746DSC_1176.jpg-manja-2-scaled.jpg\"><figure class=\"swiper-slide-inner\"><img decoding=\"async\" class=\"swiper-slide-image\" src=\"https:\/\/www.visit-stari-grad.com\/wp-content\/uploads\/elementor\/thumbs\/1586997746DSC_1176-manja-2-scaled-opd89io4d95y8btolz5mmnmsgrjcmqh2geqwaep948.jpg\" alt=\"1586997746DSC_1176.jpg-manja-2\" \/><\/figure><\/a><\/div><div class=\"swiper-slide\" role=\"group\" aria-roledescription=\"slide\" aria-label=\"2 od 4\"><a data-elementor-open-lightbox=\"yes\" data-elementor-lightbox-slideshow=\"a45e360\" data-elementor-lightbox-title=\"1585077216dubokovi\u0107\" data-e-action-hash=\"#elementor-action%3Aaction%3Dlightbox%26settings%3DeyJpZCI6NjY5MiwidXJsIjoiaHR0cHM6XC9cL3d3dy52aXNpdC1zdGFyaS1ncmFkLmNvbVwvd3AtY29udGVudFwvdXBsb2Fkc1wvMjAyMFwvMDVcLzE1ODUwNzcyMTZkdWJva292aVx1MDEwNy5qcGciLCJzbGlkZXNob3ciOiJhNDVlMzYwIn0%3D\" href=\"https:\/\/www.visit-stari-grad.com\/wp-content\/uploads\/2020\/05\/1585077216dubokovi\u0107.jpg\"><figure class=\"swiper-slide-inner\"><img decoding=\"async\" class=\"swiper-slide-image\" src=\"https:\/\/www.visit-stari-grad.com\/wp-content\/uploads\/elementor\/thumbs\/1585077216dubokovi\u0107-opd8b16rdn8kxpmhrmpzn9vix42n16hhzwl24ggf3c.jpg\" alt=\"1585077216dubokovi\u0107\" \/><\/figure><\/a><\/div><div class=\"swiper-slide\" role=\"group\" aria-roledescription=\"slide\" aria-label=\"3 od 4\"><a data-elementor-open-lightbox=\"yes\" data-elementor-lightbox-slideshow=\"a45e360\" data-elementor-lightbox-title=\"1575467980t-VillasHvar-Island_AgerUNESCO-5\" data-e-action-hash=\"#elementor-action%3Aaction%3Dlightbox%26settings%3DeyJpZCI6NjY5NCwidXJsIjoiaHR0cHM6XC9cL3d3dy52aXNpdC1zdGFyaS1ncmFkLmNvbVwvd3AtY29udGVudFwvdXBsb2Fkc1wvMjAyMFwvMDVcLzE1NzU0Njc5ODB0LVZpbGxhc0h2YXItSXNsYW5kX0FnZXJVTkVTQ08tNS5qcGciLCJzbGlkZXNob3ciOiJhNDVlMzYwIn0%3D\" href=\"https:\/\/www.visit-stari-grad.com\/wp-content\/uploads\/2020\/05\/1575467980t-VillasHvar-Island_AgerUNESCO-5.jpg\"><figure class=\"swiper-slide-inner\"><img decoding=\"async\" class=\"swiper-slide-image\" src=\"https:\/\/www.visit-stari-grad.com\/wp-content\/uploads\/elementor\/thumbs\/1575467980t-VillasHvar-Island_AgerUNESCO-5-opd89dyxf2zima0idf4hs6thhu6ik8yerrhgw0w7zc.jpg\" alt=\"1575467980t-VillasHvar-Island_AgerUNESCO-5\" \/><\/figure><\/a><\/div><div class=\"swiper-slide\" role=\"group\" aria-roledescription=\"slide\" aria-label=\"4 od 4\"><a data-elementor-open-lightbox=\"yes\" data-elementor-lightbox-slideshow=\"a45e360\" data-elementor-lightbox-title=\"1586997769VillasHvar-Island_Svir\u010deVineyards-3\" data-e-action-hash=\"#elementor-action%3Aaction%3Dlightbox%26settings%3DeyJpZCI6NjY5NiwidXJsIjoiaHR0cHM6XC9cL3d3dy52aXNpdC1zdGFyaS1ncmFkLmNvbVwvd3AtY29udGVudFwvdXBsb2Fkc1wvMjAyMFwvMDVcLzE1ODY5OTc3NjlWaWxsYXNIdmFyLUlzbGFuZF9TdmlyXHUwMTBkZVZpbmV5YXJkcy0zLXNjYWxlZC5qcGciLCJzbGlkZXNob3ciOiJhNDVlMzYwIn0%3D\" href=\"https:\/\/www.visit-stari-grad.com\/wp-content\/uploads\/2020\/05\/1586997769VillasHvar-Island_Svir\u010deVineyards-3-scaled.jpg\"><figure class=\"swiper-slide-inner\"><img decoding=\"async\" class=\"swiper-slide-image\" src=\"https:\/\/www.visit-stari-grad.com\/wp-content\/uploads\/elementor\/thumbs\/1586997769VillasHvar-Island_Svir\u010deVineyards-3-scaled-opd8c4nzcoqmhc15d3sbjzwvvao20gu85bzga2tvu0.jpg\" alt=\"1586997769VillasHvar-Island_Svir\u010deVineyards-3\" \/><\/figure><\/a><\/div>\t\t\t<\/div>\n\t\t\t\t\t\t\t\t\t\t\t\t<div class=\"elementor-swiper-button elementor-swiper-button-prev\" role=\"button\" tabindex=\"0\">\n\t\t\t\t\t\t<i aria-hidden=\"true\" class=\"eicon-chevron-left\"><\/i>\t\t\t\t\t<\/div>\n\t\t\t\t\t<div class=\"elementor-swiper-button elementor-swiper-button-next\" role=\"button\" tabindex=\"0\">\n\t\t\t\t\t\t<i aria-hidden=\"true\" class=\"eicon-chevron-right\"><\/i>\t\t\t\t\t<\/div>\n\t\t\t\t\n\t\t\t\t\t\t\t\t\t<\/div>\n\t\t\t\t\t\t<\/div>\n\t\t\t\t<\/div>\n\t\t\t\t\t<\/div>\n\t\t<\/div>\n\t\t\t\t\t<\/div>\n\t\t<\/section>\n\t\t\t\t<\/div>\n\t\t","protected":false},"excerpt":{"rendered":"<p>FORSKA MAT Neka vam danas sva osjetila budu u pripravnosti, jer pro\u0107i \u0107ete Hvarom od njegovog srca do njegovih stopala. Na putu \u0107ete nau\u010diti kako je i kada ovaj otok dobio svoj trbuh, HORU FAROU, koja ga je hranila dok je bio u povojima, a koja je danas pod za\u0161titom UNESCO-a; upoznati \u0107ete Hvarane koji [&hellip;]<\/p>\n","protected":false},"author":1,"featured_media":0,"parent":6563,"menu_order":0,"comment_status":"closed","ping_status":"closed","template":"","meta":{"site-sidebar-layout":"no-sidebar","site-content-layout":"page-builder","ast-site-content-layout":"default","site-content-style":"default","site-sidebar-style":"default","ast-global-header-display":"","ast-banner-title-visibility":"","ast-main-header-display":"","ast-hfb-above-header-display":"","ast-hfb-below-header-display":"","ast-hfb-mobile-header-display":"","site-post-title":"disabled","ast-breadcrumbs-content":"","ast-featured-img":"disabled","footer-sml-layout":"","ast-disable-related-posts":"","theme-transparent-header-meta":"default","adv-header-id-meta":"","stick-header-meta":"default","header-above-stick-meta":"","header-main-stick-meta":"","header-below-stick-meta":"","astra-migrate-meta-layouts":"default","ast-page-background-enabled":"default","ast-page-background-meta":{"desktop":{"background-color":"","background-image":"","background-repeat":"repeat","background-position":"center center","background-size":"auto","background-attachment":"scroll","background-type":"","background-media":"","overlay-type":"","overlay-color":"","overlay-opacity":"","overlay-gradient":""},"tablet":{"background-color":"","background-image":"","background-repeat":"repeat","background-position":"center center","background-size":"auto","background-attachment":"scroll","background-type":"","background-media":"","overlay-type":"","overlay-color":"","overlay-opacity":"","overlay-gradient":""},"mobile":{"background-color":"","background-image":"","background-repeat":"repeat","background-position":"center center","background-size":"auto","background-attachment":"scroll","background-type":"","background-media":"","overlay-type":"","overlay-color":"","overlay-opacity":"","overlay-gradient":""}},"ast-content-background-meta":{"desktop":{"background-color":"var(--ast-global-color-5)","background-image":"","background-repeat":"repeat","background-position":"center center","background-size":"auto","background-attachment":"scroll","background-type":"","background-media":"","overlay-type":"","overlay-color":"","overlay-opacity":"","overlay-gradient":""},"tablet":{"background-color":"var(--ast-global-color-5)","background-image":"","background-repeat":"repeat","background-position":"center center","background-size":"auto","background-attachment":"scroll","background-type":"","background-media":"","overlay-type":"","overlay-color":"","overlay-opacity":"","overlay-gradient":""},"mobile":{"background-color":"var(--ast-global-color-5)","background-image":"","background-repeat":"repeat","background-position":"center center","background-size":"auto","background-attachment":"scroll","background-type":"","background-media":"","overlay-type":"","overlay-color":"","overlay-opacity":"","overlay-gradient":""}},"footnotes":""},"class_list":["post-6586","page","type-page","status-publish","hentry"],"yoast_head":"<!-- This site is optimized with the Yoast SEO plugin v27.4 - https:\/\/yoast.com\/product\/yoast-seo-wordpress\/ -->\n<title>Forska mat - TZ Stari Grad Otok Hvar<\/title>\n<meta name=\"robots\" content=\"index, follow, max-snippet:-1, max-image-preview:large, max-video-preview:-1\" \/>\n<link rel=\"canonical\" href=\"https:\/\/www.visit-stari-grad.com\/hr\/sto-ciniti\/dnevni-izleti\/proslo-savrseno-vrijeme\/forska-mat\/\" \/>\n<meta property=\"og:locale\" content=\"hr_HR\" \/>\n<meta property=\"og:type\" content=\"article\" \/>\n<meta property=\"og:title\" content=\"Forska mat - TZ Stari Grad Otok Hvar\" \/>\n<meta property=\"og:description\" content=\"FORSKA MAT Neka vam danas sva osjetila budu u pripravnosti, jer pro\u0107i \u0107ete Hvarom od njegovog srca do njegovih stopala. Na putu \u0107ete nau\u010diti kako je i kada ovaj otok dobio svoj trbuh, HORU FAROU, koja ga je hranila dok je bio u povojima, a koja je danas pod za\u0161titom UNESCO-a; upoznati \u0107ete Hvarane koji [&hellip;]\" \/>\n<meta property=\"og:url\" content=\"https:\/\/www.visit-stari-grad.com\/hr\/sto-ciniti\/dnevni-izleti\/proslo-savrseno-vrijeme\/forska-mat\/\" \/>\n<meta property=\"og:site_name\" content=\"TZ Stari Grad Otok Hvar\" \/>\n<meta property=\"article:modified_time\" content=\"2020-05-18T08:30:41+00:00\" \/>\n<meta property=\"og:image\" content=\"https:\/\/www.visit-stari-grad.com\/wp-content\/uploads\/2020\/05\/Logo_S_NEW-2.png\" \/>\n<meta name=\"twitter:card\" content=\"summary_large_image\" \/>\n<meta name=\"twitter:label1\" content=\"Procijenjeno vrijeme \u010ditanja\" \/>\n\t<meta name=\"twitter:data1\" content=\"1 minuta\" \/>\n<script type=\"application\/ld+json\" class=\"yoast-schema-graph\">{\"@context\":\"https:\\\/\\\/schema.org\",\"@graph\":[{\"@type\":\"WebPage\",\"@id\":\"https:\\\/\\\/www.visit-stari-grad.com\\\/hr\\\/sto-ciniti\\\/dnevni-izleti\\\/proslo-savrseno-vrijeme\\\/forska-mat\\\/\",\"url\":\"https:\\\/\\\/www.visit-stari-grad.com\\\/hr\\\/sto-ciniti\\\/dnevni-izleti\\\/proslo-savrseno-vrijeme\\\/forska-mat\\\/\",\"name\":\"Forska mat - TZ Stari Grad Otok Hvar\",\"isPartOf\":{\"@id\":\"https:\\\/\\\/www.visit-stari-grad.com\\\/hr\\\/#website\"},\"primaryImageOfPage\":{\"@id\":\"https:\\\/\\\/www.visit-stari-grad.com\\\/hr\\\/sto-ciniti\\\/dnevni-izleti\\\/proslo-savrseno-vrijeme\\\/forska-mat\\\/#primaryimage\"},\"image\":{\"@id\":\"https:\\\/\\\/www.visit-stari-grad.com\\\/hr\\\/sto-ciniti\\\/dnevni-izleti\\\/proslo-savrseno-vrijeme\\\/forska-mat\\\/#primaryimage\"},\"thumbnailUrl\":\"https:\\\/\\\/www.visit-stari-grad.com\\\/wp-content\\\/uploads\\\/2020\\\/05\\\/Logo_S_NEW-2.png\",\"datePublished\":\"2020-05-07T14:17:58+00:00\",\"dateModified\":\"2020-05-18T08:30:41+00:00\",\"breadcrumb\":{\"@id\":\"https:\\\/\\\/www.visit-stari-grad.com\\\/hr\\\/sto-ciniti\\\/dnevni-izleti\\\/proslo-savrseno-vrijeme\\\/forska-mat\\\/#breadcrumb\"},\"inLanguage\":\"hr\",\"potentialAction\":[{\"@type\":\"ReadAction\",\"target\":[\"https:\\\/\\\/www.visit-stari-grad.com\\\/hr\\\/sto-ciniti\\\/dnevni-izleti\\\/proslo-savrseno-vrijeme\\\/forska-mat\\\/\"]}]},{\"@type\":\"ImageObject\",\"inLanguage\":\"hr\",\"@id\":\"https:\\\/\\\/www.visit-stari-grad.com\\\/hr\\\/sto-ciniti\\\/dnevni-izleti\\\/proslo-savrseno-vrijeme\\\/forska-mat\\\/#primaryimage\",\"url\":\"https:\\\/\\\/www.visit-stari-grad.com\\\/wp-content\\\/uploads\\\/2020\\\/05\\\/Logo_S_NEW-2.png\",\"contentUrl\":\"https:\\\/\\\/www.visit-stari-grad.com\\\/wp-content\\\/uploads\\\/2020\\\/05\\\/Logo_S_NEW-2.png\"},{\"@type\":\"BreadcrumbList\",\"@id\":\"https:\\\/\\\/www.visit-stari-grad.com\\\/hr\\\/sto-ciniti\\\/dnevni-izleti\\\/proslo-savrseno-vrijeme\\\/forska-mat\\\/#breadcrumb\",\"itemListElement\":[{\"@type\":\"ListItem\",\"position\":1,\"name\":\"Po\u010detna stranica\",\"item\":\"https:\\\/\\\/www.visit-stari-grad.com\\\/hr\\\/\"},{\"@type\":\"ListItem\",\"position\":2,\"name\":\"\u0160to \u010diniti\",\"item\":\"https:\\\/\\\/www.visit-stari-grad.com\\\/hr\\\/sto-ciniti\\\/\"},{\"@type\":\"ListItem\",\"position\":3,\"name\":\"Dnevni izleti i ture\",\"item\":\"https:\\\/\\\/www.visit-stari-grad.com\\\/hr\\\/what-to-do\\\/daily-escapes-2\\\/\"},{\"@type\":\"ListItem\",\"position\":4,\"name\":\"Pro\u0161lo s(a)vr\u0161eno vrijeme\",\"item\":\"https:\\\/\\\/www.visit-stari-grad.com\\\/hr\\\/what-to-do\\\/daily-escapes-2\\\/daily-escapes\\\/\"},{\"@type\":\"ListItem\",\"position\":5,\"name\":\"Forska mat\"}]},{\"@type\":\"WebSite\",\"@id\":\"https:\\\/\\\/www.visit-stari-grad.com\\\/hr\\\/#website\",\"url\":\"https:\\\/\\\/www.visit-stari-grad.com\\\/hr\\\/\",\"name\":\"TZ Stari Grad Otok Hvar\",\"description\":\"Dobrodo\u0161li na slu\u017ebenu web stranicu Turisti\u010dke zajednice Grada Starog Grad-a na kojoj mo\u017eete prona\u0107i sve informacije za va\u0161 savr\u0161en odmor na otoku Hvaru.\",\"publisher\":{\"@id\":\"https:\\\/\\\/www.visit-stari-grad.com\\\/hr\\\/#organization\"},\"potentialAction\":[{\"@type\":\"SearchAction\",\"target\":{\"@type\":\"EntryPoint\",\"urlTemplate\":\"https:\\\/\\\/www.visit-stari-grad.com\\\/hr\\\/?s={search_term_string}\"},\"query-input\":{\"@type\":\"PropertyValueSpecification\",\"valueRequired\":true,\"valueName\":\"search_term_string\"}}],\"inLanguage\":\"hr\"},{\"@type\":\"Organization\",\"@id\":\"https:\\\/\\\/www.visit-stari-grad.com\\\/hr\\\/#organization\",\"name\":\"Turisti\u010dka zajednica grada Staroga Grada\",\"url\":\"https:\\\/\\\/www.visit-stari-grad.com\\\/hr\\\/\",\"logo\":{\"@type\":\"ImageObject\",\"inLanguage\":\"hr\",\"@id\":\"https:\\\/\\\/www.visit-stari-grad.com\\\/hr\\\/#\\\/schema\\\/logo\\\/image\\\/\",\"url\":\"https:\\\/\\\/www.visit-stari-grad.com\\\/wp-content\\\/uploads\\\/2019\\\/05\\\/logo_TZ_Stari_Grad_w.png\",\"contentUrl\":\"https:\\\/\\\/www.visit-stari-grad.com\\\/wp-content\\\/uploads\\\/2019\\\/05\\\/logo_TZ_Stari_Grad_w.png\",\"width\":256,\"height\":72,\"caption\":\"Turisti\u010dka zajednica grada Staroga Grada\"},\"image\":{\"@id\":\"https:\\\/\\\/www.visit-stari-grad.com\\\/hr\\\/#\\\/schema\\\/logo\\\/image\\\/\"}}]}<\/script>\n<!-- \/ Yoast SEO plugin. -->","yoast_head_json":{"title":"Forska mat - TZ Stari Grad Otok Hvar","robots":{"index":"index","follow":"follow","max-snippet":"max-snippet:-1","max-image-preview":"max-image-preview:large","max-video-preview":"max-video-preview:-1"},"canonical":"https:\/\/www.visit-stari-grad.com\/hr\/sto-ciniti\/dnevni-izleti\/proslo-savrseno-vrijeme\/forska-mat\/","og_locale":"hr_HR","og_type":"article","og_title":"Forska mat - TZ Stari Grad Otok Hvar","og_description":"FORSKA MAT Neka vam danas sva osjetila budu u pripravnosti, jer pro\u0107i \u0107ete Hvarom od njegovog srca do njegovih stopala. Na putu \u0107ete nau\u010diti kako je i kada ovaj otok dobio svoj trbuh, HORU FAROU, koja ga je hranila dok je bio u povojima, a koja je danas pod za\u0161titom UNESCO-a; upoznati \u0107ete Hvarane koji [&hellip;]","og_url":"https:\/\/www.visit-stari-grad.com\/hr\/sto-ciniti\/dnevni-izleti\/proslo-savrseno-vrijeme\/forska-mat\/","og_site_name":"TZ Stari Grad Otok Hvar","article_modified_time":"2020-05-18T08:30:41+00:00","og_image":[{"url":"https:\/\/www.visit-stari-grad.com\/wp-content\/uploads\/2020\/05\/Logo_S_NEW-2.png","type":"","width":"","height":""}],"twitter_card":"summary_large_image","twitter_misc":{"Procijenjeno vrijeme \u010ditanja":"1 minuta"},"schema":{"@context":"https:\/\/schema.org","@graph":[{"@type":"WebPage","@id":"https:\/\/www.visit-stari-grad.com\/hr\/sto-ciniti\/dnevni-izleti\/proslo-savrseno-vrijeme\/forska-mat\/","url":"https:\/\/www.visit-stari-grad.com\/hr\/sto-ciniti\/dnevni-izleti\/proslo-savrseno-vrijeme\/forska-mat\/","name":"Forska mat - TZ Stari Grad Otok Hvar","isPartOf":{"@id":"https:\/\/www.visit-stari-grad.com\/hr\/#website"},"primaryImageOfPage":{"@id":"https:\/\/www.visit-stari-grad.com\/hr\/sto-ciniti\/dnevni-izleti\/proslo-savrseno-vrijeme\/forska-mat\/#primaryimage"},"image":{"@id":"https:\/\/www.visit-stari-grad.com\/hr\/sto-ciniti\/dnevni-izleti\/proslo-savrseno-vrijeme\/forska-mat\/#primaryimage"},"thumbnailUrl":"https:\/\/www.visit-stari-grad.com\/wp-content\/uploads\/2020\/05\/Logo_S_NEW-2.png","datePublished":"2020-05-07T14:17:58+00:00","dateModified":"2020-05-18T08:30:41+00:00","breadcrumb":{"@id":"https:\/\/www.visit-stari-grad.com\/hr\/sto-ciniti\/dnevni-izleti\/proslo-savrseno-vrijeme\/forska-mat\/#breadcrumb"},"inLanguage":"hr","potentialAction":[{"@type":"ReadAction","target":["https:\/\/www.visit-stari-grad.com\/hr\/sto-ciniti\/dnevni-izleti\/proslo-savrseno-vrijeme\/forska-mat\/"]}]},{"@type":"ImageObject","inLanguage":"hr","@id":"https:\/\/www.visit-stari-grad.com\/hr\/sto-ciniti\/dnevni-izleti\/proslo-savrseno-vrijeme\/forska-mat\/#primaryimage","url":"https:\/\/www.visit-stari-grad.com\/wp-content\/uploads\/2020\/05\/Logo_S_NEW-2.png","contentUrl":"https:\/\/www.visit-stari-grad.com\/wp-content\/uploads\/2020\/05\/Logo_S_NEW-2.png"},{"@type":"BreadcrumbList","@id":"https:\/\/www.visit-stari-grad.com\/hr\/sto-ciniti\/dnevni-izleti\/proslo-savrseno-vrijeme\/forska-mat\/#breadcrumb","itemListElement":[{"@type":"ListItem","position":1,"name":"Po\u010detna stranica","item":"https:\/\/www.visit-stari-grad.com\/hr\/"},{"@type":"ListItem","position":2,"name":"\u0160to \u010diniti","item":"https:\/\/www.visit-stari-grad.com\/hr\/sto-ciniti\/"},{"@type":"ListItem","position":3,"name":"Dnevni izleti i ture","item":"https:\/\/www.visit-stari-grad.com\/hr\/what-to-do\/daily-escapes-2\/"},{"@type":"ListItem","position":4,"name":"Pro\u0161lo s(a)vr\u0161eno vrijeme","item":"https:\/\/www.visit-stari-grad.com\/hr\/what-to-do\/daily-escapes-2\/daily-escapes\/"},{"@type":"ListItem","position":5,"name":"Forska mat"}]},{"@type":"WebSite","@id":"https:\/\/www.visit-stari-grad.com\/hr\/#website","url":"https:\/\/www.visit-stari-grad.com\/hr\/","name":"TZ Stari Grad Otok Hvar","description":"Dobrodo\u0161li na slu\u017ebenu web stranicu Turisti\u010dke zajednice Grada Starog Grad-a na kojoj mo\u017eete prona\u0107i sve informacije za va\u0161 savr\u0161en odmor na otoku Hvaru.","publisher":{"@id":"https:\/\/www.visit-stari-grad.com\/hr\/#organization"},"potentialAction":[{"@type":"SearchAction","target":{"@type":"EntryPoint","urlTemplate":"https:\/\/www.visit-stari-grad.com\/hr\/?s={search_term_string}"},"query-input":{"@type":"PropertyValueSpecification","valueRequired":true,"valueName":"search_term_string"}}],"inLanguage":"hr"},{"@type":"Organization","@id":"https:\/\/www.visit-stari-grad.com\/hr\/#organization","name":"Turisti\u010dka zajednica grada Staroga Grada","url":"https:\/\/www.visit-stari-grad.com\/hr\/","logo":{"@type":"ImageObject","inLanguage":"hr","@id":"https:\/\/www.visit-stari-grad.com\/hr\/#\/schema\/logo\/image\/","url":"https:\/\/www.visit-stari-grad.com\/wp-content\/uploads\/2019\/05\/logo_TZ_Stari_Grad_w.png","contentUrl":"https:\/\/www.visit-stari-grad.com\/wp-content\/uploads\/2019\/05\/logo_TZ_Stari_Grad_w.png","width":256,"height":72,"caption":"Turisti\u010dka zajednica grada Staroga Grada"},"image":{"@id":"https:\/\/www.visit-stari-grad.com\/hr\/#\/schema\/logo\/image\/"}}]}},"_links":{"self":[{"href":"https:\/\/www.visit-stari-grad.com\/hr\/wp-json\/wp\/v2\/pages\/6586","targetHints":{"allow":["GET"]}}],"collection":[{"href":"https:\/\/www.visit-stari-grad.com\/hr\/wp-json\/wp\/v2\/pages"}],"about":[{"href":"https:\/\/www.visit-stari-grad.com\/hr\/wp-json\/wp\/v2\/types\/page"}],"author":[{"embeddable":true,"href":"https:\/\/www.visit-stari-grad.com\/hr\/wp-json\/wp\/v2\/users\/1"}],"replies":[{"embeddable":true,"href":"https:\/\/www.visit-stari-grad.com\/hr\/wp-json\/wp\/v2\/comments?post=6586"}],"version-history":[{"count":0,"href":"https:\/\/www.visit-stari-grad.com\/hr\/wp-json\/wp\/v2\/pages\/6586\/revisions"}],"up":[{"embeddable":true,"href":"https:\/\/www.visit-stari-grad.com\/hr\/wp-json\/wp\/v2\/pages\/6563"}],"wp:attachment":[{"href":"https:\/\/www.visit-stari-grad.com\/hr\/wp-json\/wp\/v2\/media?parent=6586"}],"curies":[{"name":"wp","href":"https:\/\/api.w.org\/{rel}","templated":true}]}}