{"id":865,"date":"2019-07-08T21:48:02","date_gmt":"2019-07-08T19:48:02","guid":{"rendered":"http:\/\/www.visit-stari-grad.com\/?page_id=865"},"modified":"2019-11-15T15:06:35","modified_gmt":"2019-11-15T14:06:35","slug":"cipka-od-agave","status":"publish","type":"page","link":"https:\/\/www.visit-stari-grad.com\/hr\/sto-vidjeti\/unesco-bastina\/cipka-od-agave\/","title":{"rendered":"\u010cipka od agave"},"content":{"rendered":"\t\t<div data-elementor-type=\"wp-post\" data-elementor-id=\"865\" class=\"elementor elementor-865\" data-elementor-post-type=\"page\">\n\t\t\t\t\t\t<section class=\"elementor-section elementor-top-section elementor-element elementor-element-273be4c9 elementor-section-stretched elementor-section-boxed elementor-section-height-default elementor-section-height-default\" data-id=\"273be4c9\" data-element_type=\"section\" data-e-type=\"section\" data-settings=\"{&quot;stretch_section&quot;:&quot;section-stretched&quot;,&quot;background_background&quot;:&quot;classic&quot;}\">\n\t\t\t\t\t\t\t<div class=\"elementor-background-overlay\"><\/div>\n\t\t\t\t\t\t\t<div class=\"elementor-container elementor-column-gap-default\">\n\t\t\t\t\t<div class=\"elementor-column elementor-col-100 elementor-top-column elementor-element elementor-element-2c79a6ca elementor-invisible\" data-id=\"2c79a6ca\" data-element_type=\"column\" data-e-type=\"column\" data-settings=\"{&quot;background_background&quot;:&quot;classic&quot;,&quot;animation&quot;:&quot;fadeInLeft&quot;,&quot;animation_delay&quot;:&quot;300&quot;}\">\n\t\t\t<div class=\"elementor-widget-wrap elementor-element-populated\">\n\t\t\t\t\t<div class=\"elementor-background-overlay\"><\/div>\n\t\t\t\t\t\t<div class=\"elementor-element elementor-element-7ae9f31c elementor-invisible elementor-widget elementor-widget-heading\" data-id=\"7ae9f31c\" data-element_type=\"widget\" data-e-type=\"widget\" data-settings=\"{&quot;_animation&quot;:&quot;fadeInLeft&quot;,&quot;_animation_delay&quot;:&quot;700&quot;}\" data-widget_type=\"heading.default\">\n\t\t\t\t<div class=\"elementor-widget-container\">\n\t\t\t\t\t<h1 class=\"elementor-heading-title elementor-size-default\">\u010cipka od agave<\/h1>\t\t\t\t<\/div>\n\t\t\t\t<\/div>\n\t\t\t\t\t<\/div>\n\t\t<\/div>\n\t\t\t\t\t<\/div>\n\t\t<\/section>\n\t\t\t\t<section class=\"elementor-section elementor-top-section elementor-element elementor-element-59be6c12 elementor-section-boxed elementor-section-height-default elementor-section-height-default\" data-id=\"59be6c12\" data-element_type=\"section\" data-e-type=\"section\">\n\t\t\t\t\t\t<div class=\"elementor-container elementor-column-gap-default\">\n\t\t\t\t\t<div class=\"elementor-column elementor-col-100 elementor-top-column elementor-element elementor-element-47c7e03c\" data-id=\"47c7e03c\" data-element_type=\"column\" data-e-type=\"column\">\n\t\t\t<div class=\"elementor-widget-wrap elementor-element-populated\">\n\t\t\t\t\t\t<section class=\"elementor-section elementor-inner-section elementor-element elementor-element-16135aaa elementor-section-content-top elementor-section-boxed elementor-section-height-default elementor-section-height-default\" data-id=\"16135aaa\" data-element_type=\"section\" data-e-type=\"section\">\n\t\t\t\t\t\t<div class=\"elementor-container elementor-column-gap-default\">\n\t\t\t\t\t<div class=\"elementor-column elementor-col-66 elementor-inner-column elementor-element elementor-element-66bafc7a\" data-id=\"66bafc7a\" data-element_type=\"column\" data-e-type=\"column\">\n\t\t\t<div class=\"elementor-widget-wrap elementor-element-populated\">\n\t\t\t\t\t\t<div class=\"elementor-element elementor-element-1342a2d4 elementor-widget elementor-widget-text-editor\" data-id=\"1342a2d4\" data-element_type=\"widget\" data-e-type=\"widget\" data-widget_type=\"text-editor.default\">\n\t\t\t\t<div class=\"elementor-widget-container\">\n\t\t\t\t\t\t\t\t\t<p>\u010cipka je delikatna tkanina izra\u0111ena od niti u razli\u010ditim uzorcima koja nastaje u doba renesanse na prostoru Mediterana i zapadne Europe. Osnovne tehnike \u010dipkarstva su \u0161ivanje iglom i preplitanje pomo\u0107u bati\u0107a. Danas u Hrvatskoj postoje tri glavna centra izrade \u010dipke \u010dije se djelovanje nastavlja na dugu tradiciju \u010dipkarstva. To su Lepoglava u Hrvatskom zagorju s \u010dipkom na bati\u0107e, otok Pag s \u010dipkom na iglu i otok Hvar s \u010dipkom od agave.<\/p><p>Vje\u0161tina izrade \u010dipke od agave u gradu Hvaru specifi\u010dna je po materijalu iz kojeg nastaje i vezanosti uz benediktinski samostan, ustanovljen 1664. godine. Smje\u0161ten je u stambenom sklopu obitelji pjesnika Hanibala Luci\u0107a, oporu\u010dno ostavljenoga benediktinkama. Prve su redovnice do\u0161le s otoka Raba i od tada samostan neprekidno djeluje. Njegov najzna\u010dajniji doprinos bio je u obrazovanju jer su sestre vodile \u017eensku pu\u010dku \u0161kolu, od 1826. do 1886. godine. Danas je najpoznatiji po \u010dipki od agave koja se izra\u0111uje od 19. stolje\u0107a.<\/p>\t\t\t\t\t\t\t\t<\/div>\n\t\t\t\t<\/div>\n\t\t\t\t\t<\/div>\n\t\t<\/div>\n\t\t\t\t<div class=\"elementor-column elementor-col-33 elementor-inner-column elementor-element elementor-element-64a470d\" data-id=\"64a470d\" data-element_type=\"column\" data-e-type=\"column\">\n\t\t\t<div class=\"elementor-widget-wrap elementor-element-populated\">\n\t\t\t\t\t\t<div class=\"elementor-element elementor-element-5244adf elementor-widget elementor-widget-text-editor\" data-id=\"5244adf\" data-element_type=\"widget\" data-e-type=\"widget\" data-widget_type=\"text-editor.default\">\n\t\t\t\t<div class=\"elementor-widget-container\">\n\t\t\t\t\t\t\t\t\t<p>Posao oko pripremanja niti dug je i mukotrpan. Tanke, bijele niti izvla\u010de se iz svje\u017eeg li\u0161\u0107a agave, ubranih u odre\u0111eno vrijeme u godini i obra\u0111uju na specifi\u010dan na\u010din dok ne postanu spremne za tkanje. Prema obi\u010daju, niti se ne proizvode po buri jer ih hladan suhi zrak \u010dini krhkima. Niti su utkane u razli\u010dite uzorke, a dobivene \u010dipke simbol su Hvara.<\/p><p>Hvarska \u010dipka, kao dio hrvatskog \u010dipkarstva, upisana je na UNESCO-vu listu nematerijalne svjetske ba\u0161tine 2009. godine.<\/p>\t\t\t\t\t\t\t\t<\/div>\n\t\t\t\t<\/div>\n\t\t\t\t<div class=\"elementor-element elementor-element-4ebf25f uael-ins-normal elementor-widget elementor-widget-uael-image-gallery\" data-id=\"4ebf25f\" data-element_type=\"widget\" data-e-type=\"widget\" data-settings=\"{&quot;justified_margin&quot;:{&quot;unit&quot;:&quot;px&quot;,&quot;size&quot;:3,&quot;sizes&quot;:[]},&quot;justified_margin_tablet&quot;:{&quot;unit&quot;:&quot;px&quot;,&quot;size&quot;:&quot;&quot;,&quot;sizes&quot;:[]},&quot;justified_margin_mobile&quot;:{&quot;unit&quot;:&quot;px&quot;,&quot;size&quot;:&quot;&quot;,&quot;sizes&quot;:[]}}\" data-widget_type=\"uael-image-gallery.default\">\n\t\t\t\t<div class=\"elementor-widget-container\">\n\t\t\t\t\t<div class=\"uael-gallery-parent uael-caption- \"><div class=\"uael-img-gallery-wrap uael-img-justified-wrap uael-img-grid-masonry-wrap uael-image-lightbox-wrap\" data-filter-default=\"All\" data-rowheight=\"120\" data-lastrow=\"justify\" data-lightbox_actions=\"[&quot;close&quot;]\" data-lightbox-gallery-loop=\"\"><div class=\"uael-grid-item \"><div class=\"uael-grid-item-content\"><a class=\"uael-grid-img uael-grid-gallery-img uael-ins-hover elementor-clickable\" data-fancybox=\"uael-gallery\" href=\"https:\/\/www.visit-stari-grad.com\/wp-content\/uploads\/2019\/07\/Cipka-od-agave-3.jpg\" data-elementor-open-lightbox=\"no\"><div class=\"uael-grid-img-thumbnail uael-ins-target\"><img decoding=\"async\" width=\"270\" height=\"180\" src=\"https:\/\/www.visit-stari-grad.com\/wp-content\/uploads\/2019\/07\/Cipka-od-agave-3-300x200.jpg\" class=\"attachment-medium size-medium wp-image-870\" alt=\"\" srcset=\"https:\/\/www.visit-stari-grad.com\/wp-content\/uploads\/2019\/07\/Cipka-od-agave-3-300x200.jpg 300w, https:\/\/www.visit-stari-grad.com\/wp-content\/uploads\/2019\/07\/Cipka-od-agave-3-768x511.jpg 768w, https:\/\/www.visit-stari-grad.com\/wp-content\/uploads\/2019\/07\/Cipka-od-agave-3.jpg 960w\" sizes=\"(max-width: 270px) 100vw, 270px\" \/><\/div><div class=\"uael-grid-img-overlay\"><\/div><\/a><\/div><\/div><div class=\"uael-grid-item \"><div class=\"uael-grid-item-content\"><a class=\"uael-grid-img uael-grid-gallery-img uael-ins-hover elementor-clickable\" data-fancybox=\"uael-gallery\" href=\"https:\/\/www.visit-stari-grad.com\/wp-content\/uploads\/2019\/07\/Cipka-od-agave-2.jpg\" data-elementor-open-lightbox=\"no\"><div class=\"uael-grid-img-thumbnail uael-ins-target\"><img decoding=\"async\" width=\"270\" height=\"180\" src=\"https:\/\/www.visit-stari-grad.com\/wp-content\/uploads\/2019\/07\/Cipka-od-agave-2-300x200.jpg\" class=\"attachment-medium size-medium wp-image-869\" alt=\"\" srcset=\"https:\/\/www.visit-stari-grad.com\/wp-content\/uploads\/2019\/07\/Cipka-od-agave-2-300x200.jpg 300w, https:\/\/www.visit-stari-grad.com\/wp-content\/uploads\/2019\/07\/Cipka-od-agave-2-768x512.jpg 768w, https:\/\/www.visit-stari-grad.com\/wp-content\/uploads\/2019\/07\/Cipka-od-agave-2.jpg 960w\" sizes=\"(max-width: 270px) 100vw, 270px\" \/><\/div><div class=\"uael-grid-img-overlay\"><\/div><\/a><\/div><\/div><div class=\"uael-grid-item \"><div class=\"uael-grid-item-content\"><a class=\"uael-grid-img uael-grid-gallery-img uael-ins-hover elementor-clickable\" data-fancybox=\"uael-gallery\" href=\"https:\/\/www.visit-stari-grad.com\/wp-content\/uploads\/2019\/07\/Cipka-od-agave-1.jpg\" data-elementor-open-lightbox=\"no\"><div class=\"uael-grid-img-thumbnail uael-ins-target\"><img fetchpriority=\"high\" decoding=\"async\" width=\"300\" height=\"169\" src=\"https:\/\/www.visit-stari-grad.com\/wp-content\/uploads\/2019\/07\/Cipka-od-agave-1-300x169.jpg\" class=\"attachment-medium size-medium wp-image-868\" alt=\"\" srcset=\"https:\/\/www.visit-stari-grad.com\/wp-content\/uploads\/2019\/07\/Cipka-od-agave-1-300x169.jpg 300w, https:\/\/www.visit-stari-grad.com\/wp-content\/uploads\/2019\/07\/Cipka-od-agave-1-768x432.jpg 768w, https:\/\/www.visit-stari-grad.com\/wp-content\/uploads\/2019\/07\/Cipka-od-agave-1.jpg 800w\" sizes=\"(max-width: 300px) 100vw, 300px\" \/><\/div><div class=\"uael-grid-img-overlay\"><\/div><\/a><\/div><\/div><\/div><\/div>\t\t\t\t<\/div>\n\t\t\t\t<\/div>\n\t\t\t\t\t<\/div>\n\t\t<\/div>\n\t\t\t\t\t<\/div>\n\t\t<\/section>\n\t\t\t\t\t<\/div>\n\t\t<\/div>\n\t\t\t\t\t<\/div>\n\t\t<\/section>\n\t\t\t\t<\/div>\n\t\t","protected":false},"excerpt":{"rendered":"<p>\u010cipka od agave \u010cipka je delikatna tkanina izra\u0111ena od niti u razli\u010ditim uzorcima koja nastaje u doba renesanse na prostoru Mediterana i zapadne Europe. Osnovne tehnike \u010dipkarstva su \u0161ivanje iglom i preplitanje pomo\u0107u bati\u0107a. Danas u Hrvatskoj postoje tri glavna centra izrade \u010dipke \u010dije se djelovanje nastavlja na dugu tradiciju \u010dipkarstva. To su Lepoglava u [&hellip;]<\/p>\n","protected":false},"author":1,"featured_media":0,"parent":799,"menu_order":0,"comment_status":"closed","ping_status":"closed","template":"","meta":{"site-sidebar-layout":"no-sidebar","site-content-layout":"page-builder","ast-site-content-layout":"default","site-content-style":"default","site-sidebar-style":"default","ast-global-header-display":"","ast-banner-title-visibility":"","ast-main-header-display":"","ast-hfb-above-header-display":"","ast-hfb-below-header-display":"","ast-hfb-mobile-header-display":"","site-post-title":"disabled","ast-breadcrumbs-content":"","ast-featured-img":"disabled","footer-sml-layout":"","ast-disable-related-posts":"","theme-transparent-header-meta":"default","adv-header-id-meta":"","stick-header-meta":"default","header-above-stick-meta":"","header-main-stick-meta":"","header-below-stick-meta":"","astra-migrate-meta-layouts":"default","ast-page-background-enabled":"default","ast-page-background-meta":{"desktop":{"background-color":"","background-image":"","background-repeat":"repeat","background-position":"center center","background-size":"auto","background-attachment":"scroll","background-type":"","background-media":"","overlay-type":"","overlay-color":"","overlay-opacity":"","overlay-gradient":""},"tablet":{"background-color":"","background-image":"","background-repeat":"repeat","background-position":"center center","background-size":"auto","background-attachment":"scroll","background-type":"","background-media":"","overlay-type":"","overlay-color":"","overlay-opacity":"","overlay-gradient":""},"mobile":{"background-color":"","background-image":"","background-repeat":"repeat","background-position":"center center","background-size":"auto","background-attachment":"scroll","background-type":"","background-media":"","overlay-type":"","overlay-color":"","overlay-opacity":"","overlay-gradient":""}},"ast-content-background-meta":{"desktop":{"background-color":"var(--ast-global-color-5)","background-image":"","background-repeat":"repeat","background-position":"center center","background-size":"auto","background-attachment":"scroll","background-type":"","background-media":"","overlay-type":"","overlay-color":"","overlay-opacity":"","overlay-gradient":""},"tablet":{"background-color":"var(--ast-global-color-5)","background-image":"","background-repeat":"repeat","background-position":"center center","background-size":"auto","background-attachment":"scroll","background-type":"","background-media":"","overlay-type":"","overlay-color":"","overlay-opacity":"","overlay-gradient":""},"mobile":{"background-color":"var(--ast-global-color-5)","background-image":"","background-repeat":"repeat","background-position":"center center","background-size":"auto","background-attachment":"scroll","background-type":"","background-media":"","overlay-type":"","overlay-color":"","overlay-opacity":"","overlay-gradient":""}},"footnotes":""},"class_list":["post-865","page","type-page","status-publish","hentry"],"yoast_head":"<!-- This site is optimized with the Yoast SEO plugin v27.5 - https:\/\/yoast.com\/product\/yoast-seo-wordpress\/ -->\n<title>\u010cipka od agave - TZ Stari Grad Otok Hvar<\/title>\n<meta name=\"robots\" content=\"index, follow, max-snippet:-1, max-image-preview:large, max-video-preview:-1\" \/>\n<link rel=\"canonical\" href=\"https:\/\/www.visit-stari-grad.com\/hr\/sto-vidjeti\/unesco-bastina\/cipka-od-agave\/\" \/>\n<meta property=\"og:locale\" content=\"hr_HR\" \/>\n<meta property=\"og:type\" content=\"article\" \/>\n<meta property=\"og:title\" content=\"\u010cipka od agave - TZ Stari Grad Otok Hvar\" \/>\n<meta property=\"og:description\" content=\"\u010cipka od agave \u010cipka je delikatna tkanina izra\u0111ena od niti u razli\u010ditim uzorcima koja nastaje u doba renesanse na prostoru Mediterana i zapadne Europe. Osnovne tehnike \u010dipkarstva su \u0161ivanje iglom i preplitanje pomo\u0107u bati\u0107a. Danas u Hrvatskoj postoje tri glavna centra izrade \u010dipke \u010dije se djelovanje nastavlja na dugu tradiciju \u010dipkarstva. To su Lepoglava u [&hellip;]\" \/>\n<meta property=\"og:url\" content=\"https:\/\/www.visit-stari-grad.com\/hr\/sto-vidjeti\/unesco-bastina\/cipka-od-agave\/\" \/>\n<meta property=\"og:site_name\" content=\"TZ Stari Grad Otok Hvar\" \/>\n<meta property=\"article:modified_time\" content=\"2019-11-15T14:06:35+00:00\" \/>\n<meta property=\"og:image\" content=\"http:\/\/www.visit-stari-grad.com\/wp-content\/uploads\/2019\/07\/Cipka-od-agave-3-300x200.jpg\" \/>\n<meta name=\"twitter:card\" content=\"summary_large_image\" \/>\n<meta name=\"twitter:label1\" content=\"Procijenjeno vrijeme \u010ditanja\" \/>\n\t<meta name=\"twitter:data1\" content=\"1 minuta\" \/>\n<script type=\"application\/ld+json\" class=\"yoast-schema-graph\">{\"@context\":\"https:\\\/\\\/schema.org\",\"@graph\":[{\"@type\":\"WebPage\",\"@id\":\"https:\\\/\\\/www.visit-stari-grad.com\\\/hr\\\/sto-vidjeti\\\/unesco-bastina\\\/cipka-od-agave\\\/\",\"url\":\"https:\\\/\\\/www.visit-stari-grad.com\\\/hr\\\/sto-vidjeti\\\/unesco-bastina\\\/cipka-od-agave\\\/\",\"name\":\"\u010cipka od agave - TZ Stari Grad Otok Hvar\",\"isPartOf\":{\"@id\":\"https:\\\/\\\/www.visit-stari-grad.com\\\/hr\\\/#website\"},\"primaryImageOfPage\":{\"@id\":\"https:\\\/\\\/www.visit-stari-grad.com\\\/hr\\\/sto-vidjeti\\\/unesco-bastina\\\/cipka-od-agave\\\/#primaryimage\"},\"image\":{\"@id\":\"https:\\\/\\\/www.visit-stari-grad.com\\\/hr\\\/sto-vidjeti\\\/unesco-bastina\\\/cipka-od-agave\\\/#primaryimage\"},\"thumbnailUrl\":\"http:\\\/\\\/www.visit-stari-grad.com\\\/wp-content\\\/uploads\\\/2019\\\/07\\\/Cipka-od-agave-3-300x200.jpg\",\"datePublished\":\"2019-07-08T19:48:02+00:00\",\"dateModified\":\"2019-11-15T14:06:35+00:00\",\"breadcrumb\":{\"@id\":\"https:\\\/\\\/www.visit-stari-grad.com\\\/hr\\\/sto-vidjeti\\\/unesco-bastina\\\/cipka-od-agave\\\/#breadcrumb\"},\"inLanguage\":\"hr\",\"potentialAction\":[{\"@type\":\"ReadAction\",\"target\":[\"https:\\\/\\\/www.visit-stari-grad.com\\\/hr\\\/sto-vidjeti\\\/unesco-bastina\\\/cipka-od-agave\\\/\"]}]},{\"@type\":\"ImageObject\",\"inLanguage\":\"hr\",\"@id\":\"https:\\\/\\\/www.visit-stari-grad.com\\\/hr\\\/sto-vidjeti\\\/unesco-bastina\\\/cipka-od-agave\\\/#primaryimage\",\"url\":\"http:\\\/\\\/www.visit-stari-grad.com\\\/wp-content\\\/uploads\\\/2019\\\/07\\\/Cipka-od-agave-3-300x200.jpg\",\"contentUrl\":\"http:\\\/\\\/www.visit-stari-grad.com\\\/wp-content\\\/uploads\\\/2019\\\/07\\\/Cipka-od-agave-3-300x200.jpg\"},{\"@type\":\"BreadcrumbList\",\"@id\":\"https:\\\/\\\/www.visit-stari-grad.com\\\/hr\\\/sto-vidjeti\\\/unesco-bastina\\\/cipka-od-agave\\\/#breadcrumb\",\"itemListElement\":[{\"@type\":\"ListItem\",\"position\":1,\"name\":\"Po\u010detna stranica\",\"item\":\"https:\\\/\\\/www.visit-stari-grad.com\\\/hr\\\/\"},{\"@type\":\"ListItem\",\"position\":2,\"name\":\"\u0160to vidjeti\",\"item\":\"https:\\\/\\\/www.visit-stari-grad.com\\\/hr\\\/sto-vidjeti\\\/\"},{\"@type\":\"ListItem\",\"position\":3,\"name\":\"UNESCO ba\u0161tina\",\"item\":\"https:\\\/\\\/www.visit-stari-grad.com\\\/hr\\\/sto-vidjeti\\\/unesco-bastina\\\/\"},{\"@type\":\"ListItem\",\"position\":4,\"name\":\"\u010cipka od agave\"}]},{\"@type\":\"WebSite\",\"@id\":\"https:\\\/\\\/www.visit-stari-grad.com\\\/hr\\\/#website\",\"url\":\"https:\\\/\\\/www.visit-stari-grad.com\\\/hr\\\/\",\"name\":\"TZ Stari Grad Otok Hvar\",\"description\":\"Dobrodo\u0161li na slu\u017ebenu web stranicu Turisti\u010dke zajednice Grada Starog Grad-a na kojoj mo\u017eete prona\u0107i sve informacije za va\u0161 savr\u0161en odmor na otoku Hvaru.\",\"publisher\":{\"@id\":\"https:\\\/\\\/www.visit-stari-grad.com\\\/hr\\\/#organization\"},\"potentialAction\":[{\"@type\":\"SearchAction\",\"target\":{\"@type\":\"EntryPoint\",\"urlTemplate\":\"https:\\\/\\\/www.visit-stari-grad.com\\\/hr\\\/?s={search_term_string}\"},\"query-input\":{\"@type\":\"PropertyValueSpecification\",\"valueRequired\":true,\"valueName\":\"search_term_string\"}}],\"inLanguage\":\"hr\"},{\"@type\":\"Organization\",\"@id\":\"https:\\\/\\\/www.visit-stari-grad.com\\\/hr\\\/#organization\",\"name\":\"Turisti\u010dka zajednica grada Staroga Grada\",\"url\":\"https:\\\/\\\/www.visit-stari-grad.com\\\/hr\\\/\",\"logo\":{\"@type\":\"ImageObject\",\"inLanguage\":\"hr\",\"@id\":\"https:\\\/\\\/www.visit-stari-grad.com\\\/hr\\\/#\\\/schema\\\/logo\\\/image\\\/\",\"url\":\"https:\\\/\\\/www.visit-stari-grad.com\\\/wp-content\\\/uploads\\\/2019\\\/05\\\/logo_TZ_Stari_Grad_w.png\",\"contentUrl\":\"https:\\\/\\\/www.visit-stari-grad.com\\\/wp-content\\\/uploads\\\/2019\\\/05\\\/logo_TZ_Stari_Grad_w.png\",\"width\":256,\"height\":72,\"caption\":\"Turisti\u010dka zajednica grada Staroga Grada\"},\"image\":{\"@id\":\"https:\\\/\\\/www.visit-stari-grad.com\\\/hr\\\/#\\\/schema\\\/logo\\\/image\\\/\"}}]}<\/script>\n<!-- \/ Yoast SEO plugin. -->","yoast_head_json":{"title":"\u010cipka od agave - TZ Stari Grad Otok Hvar","robots":{"index":"index","follow":"follow","max-snippet":"max-snippet:-1","max-image-preview":"max-image-preview:large","max-video-preview":"max-video-preview:-1"},"canonical":"https:\/\/www.visit-stari-grad.com\/hr\/sto-vidjeti\/unesco-bastina\/cipka-od-agave\/","og_locale":"hr_HR","og_type":"article","og_title":"\u010cipka od agave - TZ Stari Grad Otok Hvar","og_description":"\u010cipka od agave \u010cipka je delikatna tkanina izra\u0111ena od niti u razli\u010ditim uzorcima koja nastaje u doba renesanse na prostoru Mediterana i zapadne Europe. Osnovne tehnike \u010dipkarstva su \u0161ivanje iglom i preplitanje pomo\u0107u bati\u0107a. Danas u Hrvatskoj postoje tri glavna centra izrade \u010dipke \u010dije se djelovanje nastavlja na dugu tradiciju \u010dipkarstva. To su Lepoglava u [&hellip;]","og_url":"https:\/\/www.visit-stari-grad.com\/hr\/sto-vidjeti\/unesco-bastina\/cipka-od-agave\/","og_site_name":"TZ Stari Grad Otok Hvar","article_modified_time":"2019-11-15T14:06:35+00:00","og_image":[{"url":"http:\/\/www.visit-stari-grad.com\/wp-content\/uploads\/2019\/07\/Cipka-od-agave-3-300x200.jpg","type":"","width":"","height":""}],"twitter_card":"summary_large_image","twitter_misc":{"Procijenjeno vrijeme \u010ditanja":"1 minuta"},"schema":{"@context":"https:\/\/schema.org","@graph":[{"@type":"WebPage","@id":"https:\/\/www.visit-stari-grad.com\/hr\/sto-vidjeti\/unesco-bastina\/cipka-od-agave\/","url":"https:\/\/www.visit-stari-grad.com\/hr\/sto-vidjeti\/unesco-bastina\/cipka-od-agave\/","name":"\u010cipka od agave - TZ Stari Grad Otok Hvar","isPartOf":{"@id":"https:\/\/www.visit-stari-grad.com\/hr\/#website"},"primaryImageOfPage":{"@id":"https:\/\/www.visit-stari-grad.com\/hr\/sto-vidjeti\/unesco-bastina\/cipka-od-agave\/#primaryimage"},"image":{"@id":"https:\/\/www.visit-stari-grad.com\/hr\/sto-vidjeti\/unesco-bastina\/cipka-od-agave\/#primaryimage"},"thumbnailUrl":"http:\/\/www.visit-stari-grad.com\/wp-content\/uploads\/2019\/07\/Cipka-od-agave-3-300x200.jpg","datePublished":"2019-07-08T19:48:02+00:00","dateModified":"2019-11-15T14:06:35+00:00","breadcrumb":{"@id":"https:\/\/www.visit-stari-grad.com\/hr\/sto-vidjeti\/unesco-bastina\/cipka-od-agave\/#breadcrumb"},"inLanguage":"hr","potentialAction":[{"@type":"ReadAction","target":["https:\/\/www.visit-stari-grad.com\/hr\/sto-vidjeti\/unesco-bastina\/cipka-od-agave\/"]}]},{"@type":"ImageObject","inLanguage":"hr","@id":"https:\/\/www.visit-stari-grad.com\/hr\/sto-vidjeti\/unesco-bastina\/cipka-od-agave\/#primaryimage","url":"http:\/\/www.visit-stari-grad.com\/wp-content\/uploads\/2019\/07\/Cipka-od-agave-3-300x200.jpg","contentUrl":"http:\/\/www.visit-stari-grad.com\/wp-content\/uploads\/2019\/07\/Cipka-od-agave-3-300x200.jpg"},{"@type":"BreadcrumbList","@id":"https:\/\/www.visit-stari-grad.com\/hr\/sto-vidjeti\/unesco-bastina\/cipka-od-agave\/#breadcrumb","itemListElement":[{"@type":"ListItem","position":1,"name":"Po\u010detna stranica","item":"https:\/\/www.visit-stari-grad.com\/hr\/"},{"@type":"ListItem","position":2,"name":"\u0160to vidjeti","item":"https:\/\/www.visit-stari-grad.com\/hr\/sto-vidjeti\/"},{"@type":"ListItem","position":3,"name":"UNESCO ba\u0161tina","item":"https:\/\/www.visit-stari-grad.com\/hr\/sto-vidjeti\/unesco-bastina\/"},{"@type":"ListItem","position":4,"name":"\u010cipka od agave"}]},{"@type":"WebSite","@id":"https:\/\/www.visit-stari-grad.com\/hr\/#website","url":"https:\/\/www.visit-stari-grad.com\/hr\/","name":"TZ Stari Grad Otok Hvar","description":"Dobrodo\u0161li na slu\u017ebenu web stranicu Turisti\u010dke zajednice Grada Starog Grad-a na kojoj mo\u017eete prona\u0107i sve informacije za va\u0161 savr\u0161en odmor na otoku Hvaru.","publisher":{"@id":"https:\/\/www.visit-stari-grad.com\/hr\/#organization"},"potentialAction":[{"@type":"SearchAction","target":{"@type":"EntryPoint","urlTemplate":"https:\/\/www.visit-stari-grad.com\/hr\/?s={search_term_string}"},"query-input":{"@type":"PropertyValueSpecification","valueRequired":true,"valueName":"search_term_string"}}],"inLanguage":"hr"},{"@type":"Organization","@id":"https:\/\/www.visit-stari-grad.com\/hr\/#organization","name":"Turisti\u010dka zajednica grada Staroga Grada","url":"https:\/\/www.visit-stari-grad.com\/hr\/","logo":{"@type":"ImageObject","inLanguage":"hr","@id":"https:\/\/www.visit-stari-grad.com\/hr\/#\/schema\/logo\/image\/","url":"https:\/\/www.visit-stari-grad.com\/wp-content\/uploads\/2019\/05\/logo_TZ_Stari_Grad_w.png","contentUrl":"https:\/\/www.visit-stari-grad.com\/wp-content\/uploads\/2019\/05\/logo_TZ_Stari_Grad_w.png","width":256,"height":72,"caption":"Turisti\u010dka zajednica grada Staroga Grada"},"image":{"@id":"https:\/\/www.visit-stari-grad.com\/hr\/#\/schema\/logo\/image\/"}}]}},"_links":{"self":[{"href":"https:\/\/www.visit-stari-grad.com\/hr\/wp-json\/wp\/v2\/pages\/865","targetHints":{"allow":["GET"]}}],"collection":[{"href":"https:\/\/www.visit-stari-grad.com\/hr\/wp-json\/wp\/v2\/pages"}],"about":[{"href":"https:\/\/www.visit-stari-grad.com\/hr\/wp-json\/wp\/v2\/types\/page"}],"author":[{"embeddable":true,"href":"https:\/\/www.visit-stari-grad.com\/hr\/wp-json\/wp\/v2\/users\/1"}],"replies":[{"embeddable":true,"href":"https:\/\/www.visit-stari-grad.com\/hr\/wp-json\/wp\/v2\/comments?post=865"}],"version-history":[{"count":0,"href":"https:\/\/www.visit-stari-grad.com\/hr\/wp-json\/wp\/v2\/pages\/865\/revisions"}],"up":[{"embeddable":true,"href":"https:\/\/www.visit-stari-grad.com\/hr\/wp-json\/wp\/v2\/pages\/799"}],"wp:attachment":[{"href":"https:\/\/www.visit-stari-grad.com\/hr\/wp-json\/wp\/v2\/media?parent=865"}],"curies":[{"name":"wp","href":"https:\/\/api.w.org\/{rel}","templated":true}]}}